{"id":854,"date":"2020-12-14T16:15:11","date_gmt":"2020-12-14T14:15:11","guid":{"rendered":"https:\/\/www.laspa.ee\/product\/spa-de-luxe-foot-treatment\/"},"modified":"2024-02-27T00:35:27","modified_gmt":"2024-02-26T22:35:27","slug":"spa-de-luxe-jalgade-hoolitsus","status":"publish","type":"product","link":"https:\/\/www.laspa.ee\/et\/product\/spa-de-luxe-jalgade-hoolitsus\/","title":{"rendered":"Spa de Luxe jalgade hoolitsus"},"content":{"rendered":"<h3>Aromaatne ning toitev jalahoolitsus, mis annab kauni ja hoolitsetud v\u00e4limuse.<\/h3>\n<p>Hoolitsuse k\u00e4igus viilitakse k\u00fc\u00fcned, korrastatakse k\u00fc\u00fcnenahad ja raspeldatakse paksendid. Jalad kooritakse suhkrukoorijaga, niisutatakse toitva maskiga ning masseeritakse kuni p\u00f5lveni. Soovi korral lakitakse k\u00fc\u00fcned.<\/p>\n","protected":false},"excerpt":{"rendered":"<p>Toitev jalahoolitsus annab kauni ja hoolitsetud v\u00e4limuse. Jalad kooritakse suhkrukoorijaga, niisutatakse toitva maskiga ning masseeritakse.<\/p>\n","protected":false},"featured_media":2217,"template":"","meta":{"_acf_changed":false},"product_brand":[],"product_cat":[52],"product_tag":[],"class_list":{"0":"post-854","1":"product","2":"type-product","3":"status-publish","4":"has-post-thumbnail","6":"product_cat-kaed-ja-jalad","8":"first","9":"instock","10":"shipping-taxable","11":"purchasable","12":"product-type-simple"},"acf":false,"yoast_head":"<!-- This site is optimized with the Yoast SEO plugin v27.4 - https:\/\/yoast.com\/product\/yoast-seo-wordpress\/ -->\n<title>Spa de Luxe jalgade hoolitsus - LaSpa Laulasmaa<\/title>\n<meta name=\"robots\" content=\"index, follow, max-snippet:-1, max-image-preview:large, max-video-preview:-1\" \/>\n<link rel=\"canonical\" href=\"https:\/\/www.laspa.ee\/et\/product\/spa-de-luxe-jalgade-hoolitsus\/\" \/>\n<meta property=\"og:locale\" content=\"et_EE\" \/>\n<meta property=\"og:type\" content=\"article\" \/>\n<meta property=\"og:title\" content=\"Spa de Luxe jalgade hoolitsus - LaSpa Laulasmaa\" \/>\n<meta property=\"og:description\" content=\"Toitev jalahoolitsus annab kauni ja hoolitsetud v\u00e4limuse. Jalad kooritakse suhkrukoorijaga, niisutatakse toitva maskiga ning masseeritakse.\" \/>\n<meta property=\"og:url\" content=\"https:\/\/www.laspa.ee\/et\/product\/spa-de-luxe-jalgade-hoolitsus\/\" \/>\n<meta property=\"og:site_name\" content=\"LaSpa Laulasmaa\" \/>\n<meta property=\"article:publisher\" content=\"https:\/\/www.facebook.com\/LaSpaLaulasmaa\" \/>\n<meta property=\"article:modified_time\" content=\"2024-02-26T22:35:27+00:00\" \/>\n<meta property=\"og:image\" content=\"https:\/\/www.laspa.ee\/wp-content\/uploads\/2020\/12\/jalamassaaz_laulasmaa.jpg\" \/>\n\t<meta property=\"og:image:width\" content=\"1920\" \/>\n\t<meta property=\"og:image:height\" content=\"1282\" \/>\n\t<meta property=\"og:image:type\" content=\"image\/jpeg\" \/>\n<meta name=\"twitter:card\" content=\"summary_large_image\" \/>\n<meta name=\"twitter:label1\" content=\"Est. reading time\" \/>\n\t<meta name=\"twitter:data1\" content=\"1 minut\" \/>\n<script type=\"application\/ld+json\" class=\"yoast-schema-graph\">{\"@context\":\"https:\\\/\\\/schema.org\",\"@graph\":[{\"@type\":\"WebPage\",\"@id\":\"https:\\\/\\\/www.laspa.ee\\\/et\\\/product\\\/spa-de-luxe-jalgade-hoolitsus\\\/\",\"url\":\"https:\\\/\\\/www.laspa.ee\\\/et\\\/product\\\/spa-de-luxe-jalgade-hoolitsus\\\/\",\"name\":\"Spa de Luxe jalgade hoolitsus - LaSpa Laulasmaa\",\"isPartOf\":{\"@id\":\"https:\\\/\\\/www.laspa.ee\\\/et\\\/#website\"},\"primaryImageOfPage\":{\"@id\":\"https:\\\/\\\/www.laspa.ee\\\/et\\\/product\\\/spa-de-luxe-jalgade-hoolitsus\\\/#primaryimage\"},\"image\":{\"@id\":\"https:\\\/\\\/www.laspa.ee\\\/et\\\/product\\\/spa-de-luxe-jalgade-hoolitsus\\\/#primaryimage\"},\"thumbnailUrl\":\"https:\\\/\\\/www.laspa.ee\\\/wp-content\\\/uploads\\\/2020\\\/12\\\/jalamassaaz_laulasmaa.jpg\",\"datePublished\":\"2020-12-14T14:15:11+00:00\",\"dateModified\":\"2024-02-26T22:35:27+00:00\",\"breadcrumb\":{\"@id\":\"https:\\\/\\\/www.laspa.ee\\\/et\\\/product\\\/spa-de-luxe-jalgade-hoolitsus\\\/#breadcrumb\"},\"inLanguage\":\"et\",\"potentialAction\":[{\"@type\":\"ReadAction\",\"target\":[\"https:\\\/\\\/www.laspa.ee\\\/et\\\/product\\\/spa-de-luxe-jalgade-hoolitsus\\\/\"]}]},{\"@type\":\"ImageObject\",\"inLanguage\":\"et\",\"@id\":\"https:\\\/\\\/www.laspa.ee\\\/et\\\/product\\\/spa-de-luxe-jalgade-hoolitsus\\\/#primaryimage\",\"url\":\"https:\\\/\\\/www.laspa.ee\\\/wp-content\\\/uploads\\\/2020\\\/12\\\/jalamassaaz_laulasmaa.jpg\",\"contentUrl\":\"https:\\\/\\\/www.laspa.ee\\\/wp-content\\\/uploads\\\/2020\\\/12\\\/jalamassaaz_laulasmaa.jpg\",\"width\":1920,\"height\":1282,\"caption\":\"jalamassaa\u017e Laspa Laulasmaal\"},{\"@type\":\"BreadcrumbList\",\"@id\":\"https:\\\/\\\/www.laspa.ee\\\/et\\\/product\\\/spa-de-luxe-jalgade-hoolitsus\\\/#breadcrumb\",\"itemListElement\":[{\"@type\":\"ListItem\",\"position\":1,\"name\":\"Home\",\"item\":\"https:\\\/\\\/www.laspa.ee\\\/et\\\/\"},{\"@type\":\"ListItem\",\"position\":2,\"name\":\"Shop\",\"item\":\"https:\\\/\\\/www.laspa.ee\\\/et\\\/hoolitsused\\\/\"},{\"@type\":\"ListItem\",\"position\":3,\"name\":\"Spa de Luxe jalgade hoolitsus\"}]},{\"@type\":\"WebSite\",\"@id\":\"https:\\\/\\\/www.laspa.ee\\\/et\\\/#website\",\"url\":\"https:\\\/\\\/www.laspa.ee\\\/et\\\/\",\"name\":\"LaSpa Laulasmaa\",\"description\":\"Wellbeing by nature\",\"potentialAction\":[{\"@type\":\"SearchAction\",\"target\":{\"@type\":\"EntryPoint\",\"urlTemplate\":\"https:\\\/\\\/www.laspa.ee\\\/et\\\/?s={search_term_string}\"},\"query-input\":{\"@type\":\"PropertyValueSpecification\",\"valueRequired\":true,\"valueName\":\"search_term_string\"}}],\"inLanguage\":\"et\"}]}<\/script>\n<!-- \/ Yoast SEO plugin. -->","yoast_head_json":{"title":"Spa de Luxe jalgade hoolitsus - LaSpa Laulasmaa","robots":{"index":"index","follow":"follow","max-snippet":"max-snippet:-1","max-image-preview":"max-image-preview:large","max-video-preview":"max-video-preview:-1"},"canonical":"https:\/\/www.laspa.ee\/et\/product\/spa-de-luxe-jalgade-hoolitsus\/","og_locale":"et_EE","og_type":"article","og_title":"Spa de Luxe jalgade hoolitsus - LaSpa Laulasmaa","og_description":"Toitev jalahoolitsus annab kauni ja hoolitsetud v\u00e4limuse. Jalad kooritakse suhkrukoorijaga, niisutatakse toitva maskiga ning masseeritakse.","og_url":"https:\/\/www.laspa.ee\/et\/product\/spa-de-luxe-jalgade-hoolitsus\/","og_site_name":"LaSpa Laulasmaa","article_publisher":"https:\/\/www.facebook.com\/LaSpaLaulasmaa","article_modified_time":"2024-02-26T22:35:27+00:00","og_image":[{"width":1920,"height":1282,"url":"https:\/\/www.laspa.ee\/wp-content\/uploads\/2020\/12\/jalamassaaz_laulasmaa.jpg","type":"image\/jpeg"}],"twitter_card":"summary_large_image","twitter_misc":{"Est. reading time":"1 minut"},"schema":{"@context":"https:\/\/schema.org","@graph":[{"@type":"WebPage","@id":"https:\/\/www.laspa.ee\/et\/product\/spa-de-luxe-jalgade-hoolitsus\/","url":"https:\/\/www.laspa.ee\/et\/product\/spa-de-luxe-jalgade-hoolitsus\/","name":"Spa de Luxe jalgade hoolitsus - LaSpa Laulasmaa","isPartOf":{"@id":"https:\/\/www.laspa.ee\/et\/#website"},"primaryImageOfPage":{"@id":"https:\/\/www.laspa.ee\/et\/product\/spa-de-luxe-jalgade-hoolitsus\/#primaryimage"},"image":{"@id":"https:\/\/www.laspa.ee\/et\/product\/spa-de-luxe-jalgade-hoolitsus\/#primaryimage"},"thumbnailUrl":"https:\/\/www.laspa.ee\/wp-content\/uploads\/2020\/12\/jalamassaaz_laulasmaa.jpg","datePublished":"2020-12-14T14:15:11+00:00","dateModified":"2024-02-26T22:35:27+00:00","breadcrumb":{"@id":"https:\/\/www.laspa.ee\/et\/product\/spa-de-luxe-jalgade-hoolitsus\/#breadcrumb"},"inLanguage":"et","potentialAction":[{"@type":"ReadAction","target":["https:\/\/www.laspa.ee\/et\/product\/spa-de-luxe-jalgade-hoolitsus\/"]}]},{"@type":"ImageObject","inLanguage":"et","@id":"https:\/\/www.laspa.ee\/et\/product\/spa-de-luxe-jalgade-hoolitsus\/#primaryimage","url":"https:\/\/www.laspa.ee\/wp-content\/uploads\/2020\/12\/jalamassaaz_laulasmaa.jpg","contentUrl":"https:\/\/www.laspa.ee\/wp-content\/uploads\/2020\/12\/jalamassaaz_laulasmaa.jpg","width":1920,"height":1282,"caption":"jalamassaa\u017e Laspa Laulasmaal"},{"@type":"BreadcrumbList","@id":"https:\/\/www.laspa.ee\/et\/product\/spa-de-luxe-jalgade-hoolitsus\/#breadcrumb","itemListElement":[{"@type":"ListItem","position":1,"name":"Home","item":"https:\/\/www.laspa.ee\/et\/"},{"@type":"ListItem","position":2,"name":"Shop","item":"https:\/\/www.laspa.ee\/et\/hoolitsused\/"},{"@type":"ListItem","position":3,"name":"Spa de Luxe jalgade hoolitsus"}]},{"@type":"WebSite","@id":"https:\/\/www.laspa.ee\/et\/#website","url":"https:\/\/www.laspa.ee\/et\/","name":"LaSpa Laulasmaa","description":"Wellbeing by nature","potentialAction":[{"@type":"SearchAction","target":{"@type":"EntryPoint","urlTemplate":"https:\/\/www.laspa.ee\/et\/?s={search_term_string}"},"query-input":{"@type":"PropertyValueSpecification","valueRequired":true,"valueName":"search_term_string"}}],"inLanguage":"et"}]}},"_links":{"self":[{"href":"https:\/\/www.laspa.ee\/et\/wp-json\/wp\/v2\/product\/854","targetHints":{"allow":["GET"]}}],"collection":[{"href":"https:\/\/www.laspa.ee\/et\/wp-json\/wp\/v2\/product"}],"about":[{"href":"https:\/\/www.laspa.ee\/et\/wp-json\/wp\/v2\/types\/product"}],"wp:featuredmedia":[{"embeddable":true,"href":"https:\/\/www.laspa.ee\/et\/wp-json\/wp\/v2\/media\/2217"}],"wp:attachment":[{"href":"https:\/\/www.laspa.ee\/et\/wp-json\/wp\/v2\/media?parent=854"}],"wp:term":[{"taxonomy":"product_brand","embeddable":true,"href":"https:\/\/www.laspa.ee\/et\/wp-json\/wp\/v2\/product_brand?post=854"},{"taxonomy":"product_cat","embeddable":true,"href":"https:\/\/www.laspa.ee\/et\/wp-json\/wp\/v2\/product_cat?post=854"},{"taxonomy":"product_tag","embeddable":true,"href":"https:\/\/www.laspa.ee\/et\/wp-json\/wp\/v2\/product_tag?post=854"}],"curies":[{"name":"wp","href":"https:\/\/api.w.org\/{rel}","templated":true}]}}