{"id":855,"date":"2020-12-14T16:14:25","date_gmt":"2020-12-14T14:14:25","guid":{"rendered":"https:\/\/www.laspa.ee\/product\/classic-pedicure\/"},"modified":"2026-03-20T10:18:24","modified_gmt":"2026-03-20T08:18:24","slug":"klassikaline-jalgade-hoolitsus","status":"publish","type":"product","link":"https:\/\/www.laspa.ee\/et\/product\/klassikaline-jalgade-hoolitsus\/","title":{"rendered":"Klassikaline jalgade hoolitsus"},"content":{"rendered":"<p>Hoolitsus algab l\u00f5\u00f5gastava jalavanniga, millele j\u00e4rgneb k\u00fc\u00fcnte ja k\u00fc\u00fcnenahkade korrastamine ning vajadusel paksenenud naha eemaldamine. Hoolitsus l\u00f5peb kerge jalamassaa\u017ei ning niisutava kreemi pealekandmisega j\u00e4ttes jalad pehmeks ja hoolitsetuks.\u00a0Soovi korral lakitakse ka k\u00fc\u00fcned. Hoolitsus sobib nii naistele kui meestele.<\/p>\n","protected":false},"excerpt":{"rendered":"<p>Hoolitsus algab l\u00f5\u00f5gastava jalavanniga, millele j\u00e4rgneb k\u00fc\u00fcnte ja k\u00fc\u00fcnenahkade korrastamine ning vajadusel paksenenud naha eemaldamine. Hoolitsus l\u00f5peb kerge jalamassaa\u017ei ning niisutava kreemi pealekandmisega j\u00e4ttes jalad pehmeks ja hoolitsetuks.\u00a0Soovi korral lakitakse ka k\u00fc\u00fcned. Hoolitsus sobib nii naistele kui meestele.<\/p>\n","protected":false},"featured_media":2181,"template":"","meta":{"_acf_changed":false},"product_brand":[],"product_cat":[52],"product_tag":[],"class_list":{"0":"post-855","1":"product","2":"type-product","3":"status-publish","4":"has-post-thumbnail","6":"product_cat-kaed-ja-jalad","8":"first","9":"instock","10":"shipping-taxable","11":"purchasable","12":"product-type-simple"},"acf":false,"yoast_head":"<!-- This site is optimized with the Yoast SEO plugin v27.2 - https:\/\/yoast.com\/product\/yoast-seo-wordpress\/ -->\n<title>Klassikaline jalgade hoolitsus - LaSpa Laulasmaa<\/title>\n<meta name=\"robots\" content=\"index, follow, max-snippet:-1, max-image-preview:large, max-video-preview:-1\" \/>\n<link rel=\"canonical\" href=\"https:\/\/www.laspa.ee\/et\/product\/klassikaline-jalgade-hoolitsus\/\" \/>\n<meta property=\"og:locale\" content=\"et_EE\" \/>\n<meta property=\"og:type\" content=\"article\" \/>\n<meta property=\"og:title\" content=\"Klassikaline jalgade hoolitsus - LaSpa Laulasmaa\" \/>\n<meta property=\"og:description\" content=\"Hoolitsus algab l\u00f5\u00f5gastava jalavanniga, millele j\u00e4rgneb k\u00fc\u00fcnte ja k\u00fc\u00fcnenahkade korrastamine ning vajadusel paksenenud naha eemaldamine. Hoolitsus l\u00f5peb kerge jalamassaa\u017ei ning niisutava kreemi pealekandmisega j\u00e4ttes jalad pehmeks ja hoolitsetuks.\u00a0Soovi korral lakitakse ka k\u00fc\u00fcned. Hoolitsus sobib nii naistele kui meestele.\" \/>\n<meta property=\"og:url\" content=\"https:\/\/www.laspa.ee\/et\/product\/klassikaline-jalgade-hoolitsus\/\" \/>\n<meta property=\"og:site_name\" content=\"LaSpa Laulasmaa\" \/>\n<meta property=\"article:publisher\" content=\"https:\/\/www.facebook.com\/LaSpaLaulasmaa\" \/>\n<meta property=\"article:modified_time\" content=\"2026-03-20T08:18:24+00:00\" \/>\n<meta property=\"og:image\" content=\"https:\/\/www.laspa.ee\/wp-content\/uploads\/2020\/12\/pedikyyr_laspa.jpg\" \/>\n\t<meta property=\"og:image:width\" content=\"1920\" \/>\n\t<meta property=\"og:image:height\" content=\"1280\" \/>\n\t<meta property=\"og:image:type\" content=\"image\/jpeg\" \/>\n<meta name=\"twitter:card\" content=\"summary_large_image\" \/>\n<meta name=\"twitter:label1\" content=\"Est. reading time\" \/>\n\t<meta name=\"twitter:data1\" content=\"1 minut\" \/>\n<script type=\"application\/ld+json\" class=\"yoast-schema-graph\">{\"@context\":\"https:\/\/schema.org\",\"@graph\":[{\"@type\":\"WebPage\",\"@id\":\"https:\/\/www.laspa.ee\/et\/product\/klassikaline-jalgade-hoolitsus\/\",\"url\":\"https:\/\/www.laspa.ee\/et\/product\/klassikaline-jalgade-hoolitsus\/\",\"name\":\"Klassikaline jalgade hoolitsus - LaSpa Laulasmaa\",\"isPartOf\":{\"@id\":\"https:\/\/www.laspa.ee\/et\/#website\"},\"primaryImageOfPage\":{\"@id\":\"https:\/\/www.laspa.ee\/et\/product\/klassikaline-jalgade-hoolitsus\/#primaryimage\"},\"image\":{\"@id\":\"https:\/\/www.laspa.ee\/et\/product\/klassikaline-jalgade-hoolitsus\/#primaryimage\"},\"thumbnailUrl\":\"https:\/\/www.laspa.ee\/wp-content\/uploads\/2020\/12\/pedikyyr_laspa.jpg\",\"datePublished\":\"2020-12-14T14:14:25+00:00\",\"dateModified\":\"2026-03-20T08:18:24+00:00\",\"breadcrumb\":{\"@id\":\"https:\/\/www.laspa.ee\/et\/product\/klassikaline-jalgade-hoolitsus\/#breadcrumb\"},\"inLanguage\":\"et\",\"potentialAction\":[{\"@type\":\"ReadAction\",\"target\":[\"https:\/\/www.laspa.ee\/et\/product\/klassikaline-jalgade-hoolitsus\/\"]}]},{\"@type\":\"ImageObject\",\"inLanguage\":\"et\",\"@id\":\"https:\/\/www.laspa.ee\/et\/product\/klassikaline-jalgade-hoolitsus\/#primaryimage\",\"url\":\"https:\/\/www.laspa.ee\/wp-content\/uploads\/2020\/12\/pedikyyr_laspa.jpg\",\"contentUrl\":\"https:\/\/www.laspa.ee\/wp-content\/uploads\/2020\/12\/pedikyyr_laspa.jpg\",\"width\":1920,\"height\":1280,\"caption\":\"Pedik\u00fc\u00fcr Naudi Spaa Laulasmaa\"},{\"@type\":\"BreadcrumbList\",\"@id\":\"https:\/\/www.laspa.ee\/et\/product\/klassikaline-jalgade-hoolitsus\/#breadcrumb\",\"itemListElement\":[{\"@type\":\"ListItem\",\"position\":1,\"name\":\"Home\",\"item\":\"https:\/\/www.laspa.ee\/et\/\"},{\"@type\":\"ListItem\",\"position\":2,\"name\":\"Shop\",\"item\":\"https:\/\/www.laspa.ee\/et\/hoolitsused\/\"},{\"@type\":\"ListItem\",\"position\":3,\"name\":\"Klassikaline jalgade hoolitsus\"}]},{\"@type\":\"WebSite\",\"@id\":\"https:\/\/www.laspa.ee\/et\/#website\",\"url\":\"https:\/\/www.laspa.ee\/et\/\",\"name\":\"LaSpa Laulasmaa\",\"description\":\"Wellbeing by nature\",\"potentialAction\":[{\"@type\":\"SearchAction\",\"target\":{\"@type\":\"EntryPoint\",\"urlTemplate\":\"https:\/\/www.laspa.ee\/et\/?s={search_term_string}\"},\"query-input\":{\"@type\":\"PropertyValueSpecification\",\"valueRequired\":true,\"valueName\":\"search_term_string\"}}],\"inLanguage\":\"et\"}]}<\/script>\n<!-- \/ Yoast SEO plugin. -->","yoast_head_json":{"title":"Klassikaline jalgade hoolitsus - LaSpa Laulasmaa","robots":{"index":"index","follow":"follow","max-snippet":"max-snippet:-1","max-image-preview":"max-image-preview:large","max-video-preview":"max-video-preview:-1"},"canonical":"https:\/\/www.laspa.ee\/et\/product\/klassikaline-jalgade-hoolitsus\/","og_locale":"et_EE","og_type":"article","og_title":"Klassikaline jalgade hoolitsus - LaSpa Laulasmaa","og_description":"Hoolitsus algab l\u00f5\u00f5gastava jalavanniga, millele j\u00e4rgneb k\u00fc\u00fcnte ja k\u00fc\u00fcnenahkade korrastamine ning vajadusel paksenenud naha eemaldamine. Hoolitsus l\u00f5peb kerge jalamassaa\u017ei ning niisutava kreemi pealekandmisega j\u00e4ttes jalad pehmeks ja hoolitsetuks.\u00a0Soovi korral lakitakse ka k\u00fc\u00fcned. Hoolitsus sobib nii naistele kui meestele.","og_url":"https:\/\/www.laspa.ee\/et\/product\/klassikaline-jalgade-hoolitsus\/","og_site_name":"LaSpa Laulasmaa","article_publisher":"https:\/\/www.facebook.com\/LaSpaLaulasmaa","article_modified_time":"2026-03-20T08:18:24+00:00","og_image":[{"width":1920,"height":1280,"url":"https:\/\/www.laspa.ee\/wp-content\/uploads\/2020\/12\/pedikyyr_laspa.jpg","type":"image\/jpeg"}],"twitter_card":"summary_large_image","twitter_misc":{"Est. reading time":"1 minut"},"schema":{"@context":"https:\/\/schema.org","@graph":[{"@type":"WebPage","@id":"https:\/\/www.laspa.ee\/et\/product\/klassikaline-jalgade-hoolitsus\/","url":"https:\/\/www.laspa.ee\/et\/product\/klassikaline-jalgade-hoolitsus\/","name":"Klassikaline jalgade hoolitsus - LaSpa Laulasmaa","isPartOf":{"@id":"https:\/\/www.laspa.ee\/et\/#website"},"primaryImageOfPage":{"@id":"https:\/\/www.laspa.ee\/et\/product\/klassikaline-jalgade-hoolitsus\/#primaryimage"},"image":{"@id":"https:\/\/www.laspa.ee\/et\/product\/klassikaline-jalgade-hoolitsus\/#primaryimage"},"thumbnailUrl":"https:\/\/www.laspa.ee\/wp-content\/uploads\/2020\/12\/pedikyyr_laspa.jpg","datePublished":"2020-12-14T14:14:25+00:00","dateModified":"2026-03-20T08:18:24+00:00","breadcrumb":{"@id":"https:\/\/www.laspa.ee\/et\/product\/klassikaline-jalgade-hoolitsus\/#breadcrumb"},"inLanguage":"et","potentialAction":[{"@type":"ReadAction","target":["https:\/\/www.laspa.ee\/et\/product\/klassikaline-jalgade-hoolitsus\/"]}]},{"@type":"ImageObject","inLanguage":"et","@id":"https:\/\/www.laspa.ee\/et\/product\/klassikaline-jalgade-hoolitsus\/#primaryimage","url":"https:\/\/www.laspa.ee\/wp-content\/uploads\/2020\/12\/pedikyyr_laspa.jpg","contentUrl":"https:\/\/www.laspa.ee\/wp-content\/uploads\/2020\/12\/pedikyyr_laspa.jpg","width":1920,"height":1280,"caption":"Pedik\u00fc\u00fcr Naudi Spaa Laulasmaa"},{"@type":"BreadcrumbList","@id":"https:\/\/www.laspa.ee\/et\/product\/klassikaline-jalgade-hoolitsus\/#breadcrumb","itemListElement":[{"@type":"ListItem","position":1,"name":"Home","item":"https:\/\/www.laspa.ee\/et\/"},{"@type":"ListItem","position":2,"name":"Shop","item":"https:\/\/www.laspa.ee\/et\/hoolitsused\/"},{"@type":"ListItem","position":3,"name":"Klassikaline jalgade hoolitsus"}]},{"@type":"WebSite","@id":"https:\/\/www.laspa.ee\/et\/#website","url":"https:\/\/www.laspa.ee\/et\/","name":"LaSpa Laulasmaa","description":"Wellbeing by nature","potentialAction":[{"@type":"SearchAction","target":{"@type":"EntryPoint","urlTemplate":"https:\/\/www.laspa.ee\/et\/?s={search_term_string}"},"query-input":{"@type":"PropertyValueSpecification","valueRequired":true,"valueName":"search_term_string"}}],"inLanguage":"et"}]}},"_links":{"self":[{"href":"https:\/\/www.laspa.ee\/et\/wp-json\/wp\/v2\/product\/855","targetHints":{"allow":["GET"]}}],"collection":[{"href":"https:\/\/www.laspa.ee\/et\/wp-json\/wp\/v2\/product"}],"about":[{"href":"https:\/\/www.laspa.ee\/et\/wp-json\/wp\/v2\/types\/product"}],"wp:featuredmedia":[{"embeddable":true,"href":"https:\/\/www.laspa.ee\/et\/wp-json\/wp\/v2\/media\/2181"}],"wp:attachment":[{"href":"https:\/\/www.laspa.ee\/et\/wp-json\/wp\/v2\/media?parent=855"}],"wp:term":[{"taxonomy":"product_brand","embeddable":true,"href":"https:\/\/www.laspa.ee\/et\/wp-json\/wp\/v2\/product_brand?post=855"},{"taxonomy":"product_cat","embeddable":true,"href":"https:\/\/www.laspa.ee\/et\/wp-json\/wp\/v2\/product_cat?post=855"},{"taxonomy":"product_tag","embeddable":true,"href":"https:\/\/www.laspa.ee\/et\/wp-json\/wp\/v2\/product_tag?post=855"}],"curies":[{"name":"wp","href":"https:\/\/api.w.org\/{rel}","templated":true}]}}