{"id":858,"date":"2020-12-14T16:10:43","date_gmt":"2020-12-14T14:10:43","guid":{"rendered":"https:\/\/www.laspa.ee\/product\/classic-manicure\/"},"modified":"2024-02-27T00:29:07","modified_gmt":"2024-02-26T22:29:07","slug":"klassikaline-katehoolitsus","status":"publish","type":"product","link":"https:\/\/www.laspa.ee\/et\/product\/klassikaline-katehoolitsus\/","title":{"rendered":"Klassikaline k\u00e4tehoolitsus"},"content":{"rendered":"<h3>Manik\u00fc\u00fcr sobib ideaalselt nii meestele kui ka naistele. Sisaldab k\u00e4te leotamist, k\u00fc\u00fcnte l\u00f5ikamist, k\u00fc\u00fcnenahkade eemaldamist, mini k\u00e4te massaazi ning soovi korral k\u00fc\u00fcnte lakkimist.<\/h3>\n","protected":false},"excerpt":{"rendered":"<p>Manik\u00fc\u00fcr sobib ideaalselt nii meestele kui ka naistele. Sisaldab k\u00e4te leotamist, k\u00fc\u00fcnte l\u00f5ikamist, k\u00fc\u00fcnenahkade eemaldamist, mini k\u00e4te massaazi ning soovi korral k\u00fc\u00fcnte lakkimist.<\/p>\n","protected":false},"featured_media":2177,"template":"","meta":{"_acf_changed":false},"product_brand":[],"product_cat":[93,52],"product_tag":[],"class_list":{"0":"post-858","1":"product","2":"type-product","3":"status-publish","4":"has-post-thumbnail","6":"product_cat-koik","7":"product_cat-kaed-ja-jalad","9":"first","10":"instock","11":"shipping-taxable","12":"purchasable","13":"product-type-simple"},"acf":false,"yoast_head":"<!-- This site is optimized with the Yoast SEO plugin v27.2 - https:\/\/yoast.com\/product\/yoast-seo-wordpress\/ -->\n<title>Klassikaline k\u00e4tehoolitsus - LaSpa Laulasmaa<\/title>\n<meta name=\"robots\" content=\"index, follow, max-snippet:-1, max-image-preview:large, max-video-preview:-1\" \/>\n<link rel=\"canonical\" href=\"https:\/\/www.laspa.ee\/et\/product\/klassikaline-katehoolitsus\/\" \/>\n<meta property=\"og:locale\" content=\"et_EE\" \/>\n<meta property=\"og:type\" content=\"article\" \/>\n<meta property=\"og:title\" content=\"Klassikaline k\u00e4tehoolitsus - LaSpa Laulasmaa\" \/>\n<meta property=\"og:description\" content=\"Manik\u00fc\u00fcr sobib ideaalselt nii meestele kui ka naistele. Sisaldab k\u00e4te leotamist, k\u00fc\u00fcnte l\u00f5ikamist, k\u00fc\u00fcnenahkade eemaldamist, mini k\u00e4te massaazi ning soovi korral k\u00fc\u00fcnte lakkimist.\" \/>\n<meta property=\"og:url\" content=\"https:\/\/www.laspa.ee\/et\/product\/klassikaline-katehoolitsus\/\" \/>\n<meta property=\"og:site_name\" content=\"LaSpa Laulasmaa\" \/>\n<meta property=\"article:publisher\" content=\"https:\/\/www.facebook.com\/LaSpaLaulasmaa\" \/>\n<meta property=\"article:modified_time\" content=\"2024-02-26T22:29:07+00:00\" \/>\n<meta property=\"og:image\" content=\"https:\/\/www.laspa.ee\/wp-content\/uploads\/2020\/12\/manikyyr_laulasmaa.jpg\" \/>\n\t<meta property=\"og:image:width\" content=\"1920\" \/>\n\t<meta property=\"og:image:height\" content=\"1233\" \/>\n\t<meta property=\"og:image:type\" content=\"image\/jpeg\" \/>\n<meta name=\"twitter:card\" content=\"summary_large_image\" \/>\n<meta name=\"twitter:label1\" content=\"Est. reading time\" \/>\n\t<meta name=\"twitter:data1\" content=\"1 minut\" \/>\n<script type=\"application\/ld+json\" class=\"yoast-schema-graph\">{\"@context\":\"https:\/\/schema.org\",\"@graph\":[{\"@type\":\"WebPage\",\"@id\":\"https:\/\/www.laspa.ee\/et\/product\/klassikaline-katehoolitsus\/\",\"url\":\"https:\/\/www.laspa.ee\/et\/product\/klassikaline-katehoolitsus\/\",\"name\":\"Klassikaline k\u00e4tehoolitsus - LaSpa Laulasmaa\",\"isPartOf\":{\"@id\":\"https:\/\/www.laspa.ee\/et\/#website\"},\"primaryImageOfPage\":{\"@id\":\"https:\/\/www.laspa.ee\/et\/product\/klassikaline-katehoolitsus\/#primaryimage\"},\"image\":{\"@id\":\"https:\/\/www.laspa.ee\/et\/product\/klassikaline-katehoolitsus\/#primaryimage\"},\"thumbnailUrl\":\"https:\/\/www.laspa.ee\/wp-content\/uploads\/2020\/12\/manikyyr_laulasmaa.jpg\",\"datePublished\":\"2020-12-14T14:10:43+00:00\",\"dateModified\":\"2024-02-26T22:29:07+00:00\",\"breadcrumb\":{\"@id\":\"https:\/\/www.laspa.ee\/et\/product\/klassikaline-katehoolitsus\/#breadcrumb\"},\"inLanguage\":\"et\",\"potentialAction\":[{\"@type\":\"ReadAction\",\"target\":[\"https:\/\/www.laspa.ee\/et\/product\/klassikaline-katehoolitsus\/\"]}]},{\"@type\":\"ImageObject\",\"inLanguage\":\"et\",\"@id\":\"https:\/\/www.laspa.ee\/et\/product\/klassikaline-katehoolitsus\/#primaryimage\",\"url\":\"https:\/\/www.laspa.ee\/wp-content\/uploads\/2020\/12\/manikyyr_laulasmaa.jpg\",\"contentUrl\":\"https:\/\/www.laspa.ee\/wp-content\/uploads\/2020\/12\/manikyyr_laulasmaa.jpg\",\"width\":1920,\"height\":1233,\"caption\":\"Manik\u00fc\u00fcr Naudi Spaa Laulasmaal\"},{\"@type\":\"BreadcrumbList\",\"@id\":\"https:\/\/www.laspa.ee\/et\/product\/klassikaline-katehoolitsus\/#breadcrumb\",\"itemListElement\":[{\"@type\":\"ListItem\",\"position\":1,\"name\":\"Home\",\"item\":\"https:\/\/www.laspa.ee\/et\/\"},{\"@type\":\"ListItem\",\"position\":2,\"name\":\"Shop\",\"item\":\"https:\/\/www.laspa.ee\/et\/hoolitsused\/\"},{\"@type\":\"ListItem\",\"position\":3,\"name\":\"Klassikaline k\u00e4tehoolitsus\"}]},{\"@type\":\"WebSite\",\"@id\":\"https:\/\/www.laspa.ee\/et\/#website\",\"url\":\"https:\/\/www.laspa.ee\/et\/\",\"name\":\"LaSpa Laulasmaa\",\"description\":\"Wellbeing by nature\",\"potentialAction\":[{\"@type\":\"SearchAction\",\"target\":{\"@type\":\"EntryPoint\",\"urlTemplate\":\"https:\/\/www.laspa.ee\/et\/?s={search_term_string}\"},\"query-input\":{\"@type\":\"PropertyValueSpecification\",\"valueRequired\":true,\"valueName\":\"search_term_string\"}}],\"inLanguage\":\"et\"}]}<\/script>\n<!-- \/ Yoast SEO plugin. -->","yoast_head_json":{"title":"Klassikaline k\u00e4tehoolitsus - LaSpa Laulasmaa","robots":{"index":"index","follow":"follow","max-snippet":"max-snippet:-1","max-image-preview":"max-image-preview:large","max-video-preview":"max-video-preview:-1"},"canonical":"https:\/\/www.laspa.ee\/et\/product\/klassikaline-katehoolitsus\/","og_locale":"et_EE","og_type":"article","og_title":"Klassikaline k\u00e4tehoolitsus - LaSpa Laulasmaa","og_description":"Manik\u00fc\u00fcr sobib ideaalselt nii meestele kui ka naistele. Sisaldab k\u00e4te leotamist, k\u00fc\u00fcnte l\u00f5ikamist, k\u00fc\u00fcnenahkade eemaldamist, mini k\u00e4te massaazi ning soovi korral k\u00fc\u00fcnte lakkimist.","og_url":"https:\/\/www.laspa.ee\/et\/product\/klassikaline-katehoolitsus\/","og_site_name":"LaSpa Laulasmaa","article_publisher":"https:\/\/www.facebook.com\/LaSpaLaulasmaa","article_modified_time":"2024-02-26T22:29:07+00:00","og_image":[{"width":1920,"height":1233,"url":"https:\/\/www.laspa.ee\/wp-content\/uploads\/2020\/12\/manikyyr_laulasmaa.jpg","type":"image\/jpeg"}],"twitter_card":"summary_large_image","twitter_misc":{"Est. reading time":"1 minut"},"schema":{"@context":"https:\/\/schema.org","@graph":[{"@type":"WebPage","@id":"https:\/\/www.laspa.ee\/et\/product\/klassikaline-katehoolitsus\/","url":"https:\/\/www.laspa.ee\/et\/product\/klassikaline-katehoolitsus\/","name":"Klassikaline k\u00e4tehoolitsus - LaSpa Laulasmaa","isPartOf":{"@id":"https:\/\/www.laspa.ee\/et\/#website"},"primaryImageOfPage":{"@id":"https:\/\/www.laspa.ee\/et\/product\/klassikaline-katehoolitsus\/#primaryimage"},"image":{"@id":"https:\/\/www.laspa.ee\/et\/product\/klassikaline-katehoolitsus\/#primaryimage"},"thumbnailUrl":"https:\/\/www.laspa.ee\/wp-content\/uploads\/2020\/12\/manikyyr_laulasmaa.jpg","datePublished":"2020-12-14T14:10:43+00:00","dateModified":"2024-02-26T22:29:07+00:00","breadcrumb":{"@id":"https:\/\/www.laspa.ee\/et\/product\/klassikaline-katehoolitsus\/#breadcrumb"},"inLanguage":"et","potentialAction":[{"@type":"ReadAction","target":["https:\/\/www.laspa.ee\/et\/product\/klassikaline-katehoolitsus\/"]}]},{"@type":"ImageObject","inLanguage":"et","@id":"https:\/\/www.laspa.ee\/et\/product\/klassikaline-katehoolitsus\/#primaryimage","url":"https:\/\/www.laspa.ee\/wp-content\/uploads\/2020\/12\/manikyyr_laulasmaa.jpg","contentUrl":"https:\/\/www.laspa.ee\/wp-content\/uploads\/2020\/12\/manikyyr_laulasmaa.jpg","width":1920,"height":1233,"caption":"Manik\u00fc\u00fcr Naudi Spaa Laulasmaal"},{"@type":"BreadcrumbList","@id":"https:\/\/www.laspa.ee\/et\/product\/klassikaline-katehoolitsus\/#breadcrumb","itemListElement":[{"@type":"ListItem","position":1,"name":"Home","item":"https:\/\/www.laspa.ee\/et\/"},{"@type":"ListItem","position":2,"name":"Shop","item":"https:\/\/www.laspa.ee\/et\/hoolitsused\/"},{"@type":"ListItem","position":3,"name":"Klassikaline k\u00e4tehoolitsus"}]},{"@type":"WebSite","@id":"https:\/\/www.laspa.ee\/et\/#website","url":"https:\/\/www.laspa.ee\/et\/","name":"LaSpa Laulasmaa","description":"Wellbeing by nature","potentialAction":[{"@type":"SearchAction","target":{"@type":"EntryPoint","urlTemplate":"https:\/\/www.laspa.ee\/et\/?s={search_term_string}"},"query-input":{"@type":"PropertyValueSpecification","valueRequired":true,"valueName":"search_term_string"}}],"inLanguage":"et"}]}},"_links":{"self":[{"href":"https:\/\/www.laspa.ee\/et\/wp-json\/wp\/v2\/product\/858","targetHints":{"allow":["GET"]}}],"collection":[{"href":"https:\/\/www.laspa.ee\/et\/wp-json\/wp\/v2\/product"}],"about":[{"href":"https:\/\/www.laspa.ee\/et\/wp-json\/wp\/v2\/types\/product"}],"wp:featuredmedia":[{"embeddable":true,"href":"https:\/\/www.laspa.ee\/et\/wp-json\/wp\/v2\/media\/2177"}],"wp:attachment":[{"href":"https:\/\/www.laspa.ee\/et\/wp-json\/wp\/v2\/media?parent=858"}],"wp:term":[{"taxonomy":"product_brand","embeddable":true,"href":"https:\/\/www.laspa.ee\/et\/wp-json\/wp\/v2\/product_brand?post=858"},{"taxonomy":"product_cat","embeddable":true,"href":"https:\/\/www.laspa.ee\/et\/wp-json\/wp\/v2\/product_cat?post=858"},{"taxonomy":"product_tag","embeddable":true,"href":"https:\/\/www.laspa.ee\/et\/wp-json\/wp\/v2\/product_tag?post=858"}],"curies":[{"name":"wp","href":"https:\/\/api.w.org\/{rel}","templated":true}]}}