{"id":860,"date":"2020-12-14T16:00:27","date_gmt":"2020-12-14T14:00:27","guid":{"rendered":"https:\/\/www.laspa.ee\/product\/swiss-detox-oxygen\/"},"modified":"2026-03-20T10:16:09","modified_gmt":"2026-03-20T08:16:09","slug":"swiss-detox-oxygen-nahka-klaariv-hooldus","status":"publish","type":"product","link":"https:\/\/www.laspa.ee\/et\/product\/swiss-detox-oxygen-nahka-klaariv-hooldus\/","title":{"rendered":"SWISS s\u00e4ra andev C-vitamiini hoolitsus"},"content":{"rendered":"<h3>Esmaabi stressis ja v\u00e4sinud nahale, hoolitsus on nahka tasakaalustava toimega ning eemaldab toksiinid, liigse rasu ja ebapuhtuse.<\/h3>\n<ul>\n<li>Hoolitsuses kasutatakse k\u00f5rge kontsentratsiooniga aktiivs\u00f6e ja luuderohu ekstraktide mis rahustab nahka ja leevendab punetust.<\/li>\n<li>Muudab jume klaariks ja parandab naha v\u00e4ljan\u00e4gemist.<\/li>\n<\/ul>\n<p>Stressis ja v\u00e4sinud naha esmaabi. T\u00f5eline naha \u201erestart\u201c hoolitsus on nahka tasakaalustava toimega ning eemaldab toksiinid, liigse rasu ja ebapuhtused. Hoolitsuses kasutatav k\u00f5rge kontsentratsiooniga aktiivs\u00f6e ja luuderohu ekstraktide segu on kui detoks kuur, mis samaaegselt rahustab nahka ja leevendab punetust. Nahka s\u00fcgavuti tasakaalustav hoolitsus muudab jume klaariks ja parandab naha \u00fcldist v\u00e4ljan\u00e4gemist.<\/p>\n","protected":false},"excerpt":{"rendered":"<p>Esmaabi stressis ja v\u00e4sinud nahale, hoolitsus on nahka tasakaalustava toimega ning eemaldab toksiinid, liigse rasu ja ebapuhtuse.<\/p>\n<ul>\n<li>Hoolitsuses kasutatakse k\u00f5rge kontsentratsiooniga aktiivs\u00f6e ja luuderohu ekstrakte, mis rahustavad nahka ning leevendavad punetust.<\/li>\n<li>Muudab jume klaariks ja parandab naha v\u00e4ljan\u00e4gemist.<\/li>\n<\/ul>\n","protected":false},"featured_media":1659,"template":"","meta":{"_acf_changed":false},"product_brand":[],"product_cat":[93,51],"product_tag":[],"class_list":{"0":"post-860","1":"product","2":"type-product","3":"status-publish","4":"has-post-thumbnail","6":"product_cat-koik","7":"product_cat-naole","9":"first","10":"instock","11":"shipping-taxable","12":"purchasable","13":"product-type-simple"},"acf":false,"yoast_head":"<!-- This site is optimized with the Yoast SEO plugin v27.4 - https:\/\/yoast.com\/product\/yoast-seo-wordpress\/ -->\n<title>SWISS s\u00e4ra andev C-vitamiini hoolitsus - LaSpa Laulasmaa<\/title>\n<meta name=\"robots\" content=\"index, follow, max-snippet:-1, max-image-preview:large, max-video-preview:-1\" \/>\n<link rel=\"canonical\" href=\"https:\/\/www.laspa.ee\/et\/product\/swiss-detox-oxygen-nahka-klaariv-hooldus\/\" \/>\n<meta property=\"og:locale\" content=\"et_EE\" \/>\n<meta property=\"og:type\" content=\"article\" \/>\n<meta property=\"og:title\" content=\"SWISS s\u00e4ra andev C-vitamiini hoolitsus - LaSpa Laulasmaa\" \/>\n<meta property=\"og:description\" content=\"Esmaabi stressis ja v\u00e4sinud nahale, hoolitsus on nahka tasakaalustava toimega ning eemaldab toksiinid, liigse rasu ja ebapuhtuse.   Hoolitsuses kasutatakse k\u00f5rge kontsentratsiooniga aktiivs\u00f6e ja luuderohu ekstrakte, mis rahustavad nahka ning leevendavad punetust.  Muudab jume klaariks ja parandab naha v\u00e4ljan\u00e4gemist.\" \/>\n<meta property=\"og:url\" content=\"https:\/\/www.laspa.ee\/et\/product\/swiss-detox-oxygen-nahka-klaariv-hooldus\/\" \/>\n<meta property=\"og:site_name\" content=\"LaSpa Laulasmaa\" \/>\n<meta property=\"article:publisher\" content=\"https:\/\/www.facebook.com\/LaSpaLaulasmaa\" \/>\n<meta property=\"article:modified_time\" content=\"2026-03-20T08:16:09+00:00\" \/>\n<meta property=\"og:image\" content=\"https:\/\/www.laspa.ee\/wp-content\/uploads\/2020\/12\/swissline_laspa.jpg\" \/>\n\t<meta property=\"og:image:width\" content=\"1920\" \/>\n\t<meta property=\"og:image:height\" content=\"1280\" \/>\n\t<meta property=\"og:image:type\" content=\"image\/jpeg\" \/>\n<meta name=\"twitter:card\" content=\"summary_large_image\" \/>\n<meta name=\"twitter:label1\" content=\"Est. reading time\" \/>\n\t<meta name=\"twitter:data1\" content=\"1 minut\" \/>\n<script type=\"application\/ld+json\" class=\"yoast-schema-graph\">{\"@context\":\"https:\\\/\\\/schema.org\",\"@graph\":[{\"@type\":\"WebPage\",\"@id\":\"https:\\\/\\\/www.laspa.ee\\\/et\\\/product\\\/swiss-detox-oxygen-nahka-klaariv-hooldus\\\/\",\"url\":\"https:\\\/\\\/www.laspa.ee\\\/et\\\/product\\\/swiss-detox-oxygen-nahka-klaariv-hooldus\\\/\",\"name\":\"SWISS s\u00e4ra andev C-vitamiini hoolitsus - LaSpa Laulasmaa\",\"isPartOf\":{\"@id\":\"https:\\\/\\\/www.laspa.ee\\\/et\\\/#website\"},\"primaryImageOfPage\":{\"@id\":\"https:\\\/\\\/www.laspa.ee\\\/et\\\/product\\\/swiss-detox-oxygen-nahka-klaariv-hooldus\\\/#primaryimage\"},\"image\":{\"@id\":\"https:\\\/\\\/www.laspa.ee\\\/et\\\/product\\\/swiss-detox-oxygen-nahka-klaariv-hooldus\\\/#primaryimage\"},\"thumbnailUrl\":\"https:\\\/\\\/www.laspa.ee\\\/wp-content\\\/uploads\\\/2020\\\/12\\\/swissline_laspa.jpg\",\"datePublished\":\"2020-12-14T14:00:27+00:00\",\"dateModified\":\"2026-03-20T08:16:09+00:00\",\"breadcrumb\":{\"@id\":\"https:\\\/\\\/www.laspa.ee\\\/et\\\/product\\\/swiss-detox-oxygen-nahka-klaariv-hooldus\\\/#breadcrumb\"},\"inLanguage\":\"et\",\"potentialAction\":[{\"@type\":\"ReadAction\",\"target\":[\"https:\\\/\\\/www.laspa.ee\\\/et\\\/product\\\/swiss-detox-oxygen-nahka-klaariv-hooldus\\\/\"]}]},{\"@type\":\"ImageObject\",\"inLanguage\":\"et\",\"@id\":\"https:\\\/\\\/www.laspa.ee\\\/et\\\/product\\\/swiss-detox-oxygen-nahka-klaariv-hooldus\\\/#primaryimage\",\"url\":\"https:\\\/\\\/www.laspa.ee\\\/wp-content\\\/uploads\\\/2020\\\/12\\\/swissline_laspa.jpg\",\"contentUrl\":\"https:\\\/\\\/www.laspa.ee\\\/wp-content\\\/uploads\\\/2020\\\/12\\\/swissline_laspa.jpg\",\"width\":1920,\"height\":1280,\"caption\":\"Naudi spa in Laulasmaa I LaSpa spa hotel\"},{\"@type\":\"BreadcrumbList\",\"@id\":\"https:\\\/\\\/www.laspa.ee\\\/et\\\/product\\\/swiss-detox-oxygen-nahka-klaariv-hooldus\\\/#breadcrumb\",\"itemListElement\":[{\"@type\":\"ListItem\",\"position\":1,\"name\":\"Home\",\"item\":\"https:\\\/\\\/www.laspa.ee\\\/et\\\/\"},{\"@type\":\"ListItem\",\"position\":2,\"name\":\"Shop\",\"item\":\"https:\\\/\\\/www.laspa.ee\\\/et\\\/hoolitsused\\\/\"},{\"@type\":\"ListItem\",\"position\":3,\"name\":\"SWISS s\u00e4ra andev C-vitamiini hoolitsus\"}]},{\"@type\":\"WebSite\",\"@id\":\"https:\\\/\\\/www.laspa.ee\\\/et\\\/#website\",\"url\":\"https:\\\/\\\/www.laspa.ee\\\/et\\\/\",\"name\":\"LaSpa Laulasmaa\",\"description\":\"Wellbeing by nature\",\"potentialAction\":[{\"@type\":\"SearchAction\",\"target\":{\"@type\":\"EntryPoint\",\"urlTemplate\":\"https:\\\/\\\/www.laspa.ee\\\/et\\\/?s={search_term_string}\"},\"query-input\":{\"@type\":\"PropertyValueSpecification\",\"valueRequired\":true,\"valueName\":\"search_term_string\"}}],\"inLanguage\":\"et\"}]}<\/script>\n<!-- \/ Yoast SEO plugin. -->","yoast_head_json":{"title":"SWISS s\u00e4ra andev C-vitamiini hoolitsus - LaSpa Laulasmaa","robots":{"index":"index","follow":"follow","max-snippet":"max-snippet:-1","max-image-preview":"max-image-preview:large","max-video-preview":"max-video-preview:-1"},"canonical":"https:\/\/www.laspa.ee\/et\/product\/swiss-detox-oxygen-nahka-klaariv-hooldus\/","og_locale":"et_EE","og_type":"article","og_title":"SWISS s\u00e4ra andev C-vitamiini hoolitsus - LaSpa Laulasmaa","og_description":"Esmaabi stressis ja v\u00e4sinud nahale, hoolitsus on nahka tasakaalustava toimega ning eemaldab toksiinid, liigse rasu ja ebapuhtuse.   Hoolitsuses kasutatakse k\u00f5rge kontsentratsiooniga aktiivs\u00f6e ja luuderohu ekstrakte, mis rahustavad nahka ning leevendavad punetust.  Muudab jume klaariks ja parandab naha v\u00e4ljan\u00e4gemist.","og_url":"https:\/\/www.laspa.ee\/et\/product\/swiss-detox-oxygen-nahka-klaariv-hooldus\/","og_site_name":"LaSpa Laulasmaa","article_publisher":"https:\/\/www.facebook.com\/LaSpaLaulasmaa","article_modified_time":"2026-03-20T08:16:09+00:00","og_image":[{"width":1920,"height":1280,"url":"https:\/\/www.laspa.ee\/wp-content\/uploads\/2020\/12\/swissline_laspa.jpg","type":"image\/jpeg"}],"twitter_card":"summary_large_image","twitter_misc":{"Est. reading time":"1 minut"},"schema":{"@context":"https:\/\/schema.org","@graph":[{"@type":"WebPage","@id":"https:\/\/www.laspa.ee\/et\/product\/swiss-detox-oxygen-nahka-klaariv-hooldus\/","url":"https:\/\/www.laspa.ee\/et\/product\/swiss-detox-oxygen-nahka-klaariv-hooldus\/","name":"SWISS s\u00e4ra andev C-vitamiini hoolitsus - LaSpa Laulasmaa","isPartOf":{"@id":"https:\/\/www.laspa.ee\/et\/#website"},"primaryImageOfPage":{"@id":"https:\/\/www.laspa.ee\/et\/product\/swiss-detox-oxygen-nahka-klaariv-hooldus\/#primaryimage"},"image":{"@id":"https:\/\/www.laspa.ee\/et\/product\/swiss-detox-oxygen-nahka-klaariv-hooldus\/#primaryimage"},"thumbnailUrl":"https:\/\/www.laspa.ee\/wp-content\/uploads\/2020\/12\/swissline_laspa.jpg","datePublished":"2020-12-14T14:00:27+00:00","dateModified":"2026-03-20T08:16:09+00:00","breadcrumb":{"@id":"https:\/\/www.laspa.ee\/et\/product\/swiss-detox-oxygen-nahka-klaariv-hooldus\/#breadcrumb"},"inLanguage":"et","potentialAction":[{"@type":"ReadAction","target":["https:\/\/www.laspa.ee\/et\/product\/swiss-detox-oxygen-nahka-klaariv-hooldus\/"]}]},{"@type":"ImageObject","inLanguage":"et","@id":"https:\/\/www.laspa.ee\/et\/product\/swiss-detox-oxygen-nahka-klaariv-hooldus\/#primaryimage","url":"https:\/\/www.laspa.ee\/wp-content\/uploads\/2020\/12\/swissline_laspa.jpg","contentUrl":"https:\/\/www.laspa.ee\/wp-content\/uploads\/2020\/12\/swissline_laspa.jpg","width":1920,"height":1280,"caption":"Naudi spa in Laulasmaa I LaSpa spa hotel"},{"@type":"BreadcrumbList","@id":"https:\/\/www.laspa.ee\/et\/product\/swiss-detox-oxygen-nahka-klaariv-hooldus\/#breadcrumb","itemListElement":[{"@type":"ListItem","position":1,"name":"Home","item":"https:\/\/www.laspa.ee\/et\/"},{"@type":"ListItem","position":2,"name":"Shop","item":"https:\/\/www.laspa.ee\/et\/hoolitsused\/"},{"@type":"ListItem","position":3,"name":"SWISS s\u00e4ra andev C-vitamiini hoolitsus"}]},{"@type":"WebSite","@id":"https:\/\/www.laspa.ee\/et\/#website","url":"https:\/\/www.laspa.ee\/et\/","name":"LaSpa Laulasmaa","description":"Wellbeing by nature","potentialAction":[{"@type":"SearchAction","target":{"@type":"EntryPoint","urlTemplate":"https:\/\/www.laspa.ee\/et\/?s={search_term_string}"},"query-input":{"@type":"PropertyValueSpecification","valueRequired":true,"valueName":"search_term_string"}}],"inLanguage":"et"}]}},"_links":{"self":[{"href":"https:\/\/www.laspa.ee\/et\/wp-json\/wp\/v2\/product\/860","targetHints":{"allow":["GET"]}}],"collection":[{"href":"https:\/\/www.laspa.ee\/et\/wp-json\/wp\/v2\/product"}],"about":[{"href":"https:\/\/www.laspa.ee\/et\/wp-json\/wp\/v2\/types\/product"}],"wp:featuredmedia":[{"embeddable":true,"href":"https:\/\/www.laspa.ee\/et\/wp-json\/wp\/v2\/media\/1659"}],"wp:attachment":[{"href":"https:\/\/www.laspa.ee\/et\/wp-json\/wp\/v2\/media?parent=860"}],"wp:term":[{"taxonomy":"product_brand","embeddable":true,"href":"https:\/\/www.laspa.ee\/et\/wp-json\/wp\/v2\/product_brand?post=860"},{"taxonomy":"product_cat","embeddable":true,"href":"https:\/\/www.laspa.ee\/et\/wp-json\/wp\/v2\/product_cat?post=860"},{"taxonomy":"product_tag","embeddable":true,"href":"https:\/\/www.laspa.ee\/et\/wp-json\/wp\/v2\/product_tag?post=860"}],"curies":[{"name":"wp","href":"https:\/\/api.w.org\/{rel}","templated":true}]}}