{"id":861,"date":"2020-12-14T15:58:30","date_gmt":"2020-12-14T13:58:30","guid":{"rendered":"https:\/\/www.laspa.ee\/product\/swiss-hydra-oxygen-moisturizing-treatment\/"},"modified":"2026-03-20T10:17:09","modified_gmt":"2026-03-20T08:17:09","slug":"swiss-hydra-oxygen-niisutav-hooldus","status":"publish","type":"product","link":"https:\/\/www.laspa.ee\/et\/product\/swiss-hydra-oxygen-niisutav-hooldus\/","title":{"rendered":"SWISS niisutav ja rahustav h\u00fcaloroonhappehoolitsus"},"content":{"rendered":"<h3>Kuiv, ebamugavalt kiskuv, janune nahk. Intensiivselt niisutav hoolitsus pakub nahale maksimaalset mugavustunnet, turgutab, lisab energiat ning s\u00e4ra.<\/h3>\n<ul>\n<li>Taastab januse ja stressis naha hapnikuvarud.<\/li>\n<li>Kaotab n\u00e4htavaid v\u00e4simuse j\u00e4lgi ning j\u00e4tab naha nooruslikult s\u00e4ravaks ja v\u00e4rskeks.<\/li>\n<\/ul>\n<p>Loodud spetsiaalselt taastama januse ja stressis naha hapnikuvarusid, aitab see hoolitsus kaotada n\u00e4htavaid v\u00e4simuse j\u00e4lgi ning j\u00e4tab naha nooruslikult s\u00e4ravaks ja v\u00e4rskusest pakatavaks.<\/p>\n<p>&nbsp;<\/p>\n","protected":false},"excerpt":{"rendered":"<p>Kuiv, ebamugavalt kiskuv, janune nahk. Intensiivselt niisutav hoolitsus pakub nahale maksimaalset mugavustunnet, turgutab, lisab energiat ning s\u00e4ra.<\/p>\n<ul>\n<li>Taastab januse ja stressis naha hapnikuvarud.<\/li>\n<li>Kaotab n\u00e4htavaid v\u00e4simuse j\u00e4lgi ning j\u00e4tab naha nooruslikult s\u00e4ravaks ja v\u00e4rskeks.<\/li>\n<\/ul>\n","protected":false},"featured_media":692,"template":"","meta":{"_acf_changed":false},"product_brand":[],"product_cat":[93,51],"product_tag":[],"class_list":{"0":"post-861","1":"product","2":"type-product","3":"status-publish","4":"has-post-thumbnail","6":"product_cat-koik","7":"product_cat-naole","9":"first","10":"instock","11":"shipping-taxable","12":"purchasable","13":"product-type-simple"},"acf":false,"yoast_head":"<!-- This site is optimized with the Yoast SEO plugin v27.2 - https:\/\/yoast.com\/product\/yoast-seo-wordpress\/ -->\n<title>SWISS niisutav ja rahustav h\u00fcaloroonhappehoolitsus - LaSpa Laulasmaa<\/title>\n<meta name=\"robots\" content=\"index, follow, max-snippet:-1, max-image-preview:large, max-video-preview:-1\" \/>\n<link rel=\"canonical\" href=\"https:\/\/www.laspa.ee\/et\/product\/swiss-hydra-oxygen-niisutav-hooldus\/\" \/>\n<meta property=\"og:locale\" content=\"et_EE\" \/>\n<meta property=\"og:type\" content=\"article\" \/>\n<meta property=\"og:title\" content=\"SWISS niisutav ja rahustav h\u00fcaloroonhappehoolitsus - LaSpa Laulasmaa\" \/>\n<meta property=\"og:description\" content=\"Kuiv, ebamugavalt kiskuv, janune nahk. Intensiivselt niisutav hoolitsus pakub nahale maksimaalset mugavustunnet, turgutab, lisab energiat ning s\u00e4ra.   Taastab januse ja stressis naha hapnikuvarud.  Kaotab n\u00e4htavaid v\u00e4simuse j\u00e4lgi ning j\u00e4tab naha nooruslikult s\u00e4ravaks ja v\u00e4rskeks.\" \/>\n<meta property=\"og:url\" content=\"https:\/\/www.laspa.ee\/et\/product\/swiss-hydra-oxygen-niisutav-hooldus\/\" \/>\n<meta property=\"og:site_name\" content=\"LaSpa Laulasmaa\" \/>\n<meta property=\"article:publisher\" content=\"https:\/\/www.facebook.com\/LaSpaLaulasmaa\" \/>\n<meta property=\"article:modified_time\" content=\"2026-03-20T08:17:09+00:00\" \/>\n<meta property=\"og:image\" content=\"https:\/\/www.laspa.ee\/wp-content\/uploads\/2020\/12\/CINQ-MONDES-Visage-2-HD-scaled.jpg\" \/>\n\t<meta property=\"og:image:width\" content=\"1707\" \/>\n\t<meta property=\"og:image:height\" content=\"2560\" \/>\n\t<meta property=\"og:image:type\" content=\"image\/jpeg\" \/>\n<meta name=\"twitter:card\" content=\"summary_large_image\" \/>\n<meta name=\"twitter:label1\" content=\"Est. reading time\" \/>\n\t<meta name=\"twitter:data1\" content=\"1 minut\" \/>\n<script type=\"application\/ld+json\" class=\"yoast-schema-graph\">{\"@context\":\"https:\/\/schema.org\",\"@graph\":[{\"@type\":\"WebPage\",\"@id\":\"https:\/\/www.laspa.ee\/et\/product\/swiss-hydra-oxygen-niisutav-hooldus\/\",\"url\":\"https:\/\/www.laspa.ee\/et\/product\/swiss-hydra-oxygen-niisutav-hooldus\/\",\"name\":\"SWISS niisutav ja rahustav h\u00fcaloroonhappehoolitsus - LaSpa Laulasmaa\",\"isPartOf\":{\"@id\":\"https:\/\/www.laspa.ee\/et\/#website\"},\"primaryImageOfPage\":{\"@id\":\"https:\/\/www.laspa.ee\/et\/product\/swiss-hydra-oxygen-niisutav-hooldus\/#primaryimage\"},\"image\":{\"@id\":\"https:\/\/www.laspa.ee\/et\/product\/swiss-hydra-oxygen-niisutav-hooldus\/#primaryimage\"},\"thumbnailUrl\":\"https:\/\/www.laspa.ee\/wp-content\/uploads\/2020\/12\/CINQ-MONDES-Visage-2-HD-scaled.jpg\",\"datePublished\":\"2020-12-14T13:58:30+00:00\",\"dateModified\":\"2026-03-20T08:17:09+00:00\",\"breadcrumb\":{\"@id\":\"https:\/\/www.laspa.ee\/et\/product\/swiss-hydra-oxygen-niisutav-hooldus\/#breadcrumb\"},\"inLanguage\":\"et\",\"potentialAction\":[{\"@type\":\"ReadAction\",\"target\":[\"https:\/\/www.laspa.ee\/et\/product\/swiss-hydra-oxygen-niisutav-hooldus\/\"]}]},{\"@type\":\"ImageObject\",\"inLanguage\":\"et\",\"@id\":\"https:\/\/www.laspa.ee\/et\/product\/swiss-hydra-oxygen-niisutav-hooldus\/#primaryimage\",\"url\":\"https:\/\/www.laspa.ee\/wp-content\/uploads\/2020\/12\/CINQ-MONDES-Visage-2-HD-scaled.jpg\",\"contentUrl\":\"https:\/\/www.laspa.ee\/wp-content\/uploads\/2020\/12\/CINQ-MONDES-Visage-2-HD-scaled.jpg\",\"width\":1707,\"height\":2560,\"caption\":\"portrait of a young woman with hands\"},{\"@type\":\"BreadcrumbList\",\"@id\":\"https:\/\/www.laspa.ee\/et\/product\/swiss-hydra-oxygen-niisutav-hooldus\/#breadcrumb\",\"itemListElement\":[{\"@type\":\"ListItem\",\"position\":1,\"name\":\"Home\",\"item\":\"https:\/\/www.laspa.ee\/et\/\"},{\"@type\":\"ListItem\",\"position\":2,\"name\":\"Shop\",\"item\":\"https:\/\/www.laspa.ee\/et\/hoolitsused\/\"},{\"@type\":\"ListItem\",\"position\":3,\"name\":\"SWISS niisutav ja rahustav h\u00fcaloroonhappehoolitsus\"}]},{\"@type\":\"WebSite\",\"@id\":\"https:\/\/www.laspa.ee\/et\/#website\",\"url\":\"https:\/\/www.laspa.ee\/et\/\",\"name\":\"LaSpa Laulasmaa\",\"description\":\"Wellbeing by nature\",\"potentialAction\":[{\"@type\":\"SearchAction\",\"target\":{\"@type\":\"EntryPoint\",\"urlTemplate\":\"https:\/\/www.laspa.ee\/et\/?s={search_term_string}\"},\"query-input\":{\"@type\":\"PropertyValueSpecification\",\"valueRequired\":true,\"valueName\":\"search_term_string\"}}],\"inLanguage\":\"et\"}]}<\/script>\n<!-- \/ Yoast SEO plugin. -->","yoast_head_json":{"title":"SWISS niisutav ja rahustav h\u00fcaloroonhappehoolitsus - LaSpa Laulasmaa","robots":{"index":"index","follow":"follow","max-snippet":"max-snippet:-1","max-image-preview":"max-image-preview:large","max-video-preview":"max-video-preview:-1"},"canonical":"https:\/\/www.laspa.ee\/et\/product\/swiss-hydra-oxygen-niisutav-hooldus\/","og_locale":"et_EE","og_type":"article","og_title":"SWISS niisutav ja rahustav h\u00fcaloroonhappehoolitsus - LaSpa Laulasmaa","og_description":"Kuiv, ebamugavalt kiskuv, janune nahk. Intensiivselt niisutav hoolitsus pakub nahale maksimaalset mugavustunnet, turgutab, lisab energiat ning s\u00e4ra.   Taastab januse ja stressis naha hapnikuvarud.  Kaotab n\u00e4htavaid v\u00e4simuse j\u00e4lgi ning j\u00e4tab naha nooruslikult s\u00e4ravaks ja v\u00e4rskeks.","og_url":"https:\/\/www.laspa.ee\/et\/product\/swiss-hydra-oxygen-niisutav-hooldus\/","og_site_name":"LaSpa Laulasmaa","article_publisher":"https:\/\/www.facebook.com\/LaSpaLaulasmaa","article_modified_time":"2026-03-20T08:17:09+00:00","og_image":[{"width":1707,"height":2560,"url":"https:\/\/www.laspa.ee\/wp-content\/uploads\/2020\/12\/CINQ-MONDES-Visage-2-HD-scaled.jpg","type":"image\/jpeg"}],"twitter_card":"summary_large_image","twitter_misc":{"Est. reading time":"1 minut"},"schema":{"@context":"https:\/\/schema.org","@graph":[{"@type":"WebPage","@id":"https:\/\/www.laspa.ee\/et\/product\/swiss-hydra-oxygen-niisutav-hooldus\/","url":"https:\/\/www.laspa.ee\/et\/product\/swiss-hydra-oxygen-niisutav-hooldus\/","name":"SWISS niisutav ja rahustav h\u00fcaloroonhappehoolitsus - LaSpa Laulasmaa","isPartOf":{"@id":"https:\/\/www.laspa.ee\/et\/#website"},"primaryImageOfPage":{"@id":"https:\/\/www.laspa.ee\/et\/product\/swiss-hydra-oxygen-niisutav-hooldus\/#primaryimage"},"image":{"@id":"https:\/\/www.laspa.ee\/et\/product\/swiss-hydra-oxygen-niisutav-hooldus\/#primaryimage"},"thumbnailUrl":"https:\/\/www.laspa.ee\/wp-content\/uploads\/2020\/12\/CINQ-MONDES-Visage-2-HD-scaled.jpg","datePublished":"2020-12-14T13:58:30+00:00","dateModified":"2026-03-20T08:17:09+00:00","breadcrumb":{"@id":"https:\/\/www.laspa.ee\/et\/product\/swiss-hydra-oxygen-niisutav-hooldus\/#breadcrumb"},"inLanguage":"et","potentialAction":[{"@type":"ReadAction","target":["https:\/\/www.laspa.ee\/et\/product\/swiss-hydra-oxygen-niisutav-hooldus\/"]}]},{"@type":"ImageObject","inLanguage":"et","@id":"https:\/\/www.laspa.ee\/et\/product\/swiss-hydra-oxygen-niisutav-hooldus\/#primaryimage","url":"https:\/\/www.laspa.ee\/wp-content\/uploads\/2020\/12\/CINQ-MONDES-Visage-2-HD-scaled.jpg","contentUrl":"https:\/\/www.laspa.ee\/wp-content\/uploads\/2020\/12\/CINQ-MONDES-Visage-2-HD-scaled.jpg","width":1707,"height":2560,"caption":"portrait of a young woman with hands"},{"@type":"BreadcrumbList","@id":"https:\/\/www.laspa.ee\/et\/product\/swiss-hydra-oxygen-niisutav-hooldus\/#breadcrumb","itemListElement":[{"@type":"ListItem","position":1,"name":"Home","item":"https:\/\/www.laspa.ee\/et\/"},{"@type":"ListItem","position":2,"name":"Shop","item":"https:\/\/www.laspa.ee\/et\/hoolitsused\/"},{"@type":"ListItem","position":3,"name":"SWISS niisutav ja rahustav h\u00fcaloroonhappehoolitsus"}]},{"@type":"WebSite","@id":"https:\/\/www.laspa.ee\/et\/#website","url":"https:\/\/www.laspa.ee\/et\/","name":"LaSpa Laulasmaa","description":"Wellbeing by nature","potentialAction":[{"@type":"SearchAction","target":{"@type":"EntryPoint","urlTemplate":"https:\/\/www.laspa.ee\/et\/?s={search_term_string}"},"query-input":{"@type":"PropertyValueSpecification","valueRequired":true,"valueName":"search_term_string"}}],"inLanguage":"et"}]}},"_links":{"self":[{"href":"https:\/\/www.laspa.ee\/et\/wp-json\/wp\/v2\/product\/861","targetHints":{"allow":["GET"]}}],"collection":[{"href":"https:\/\/www.laspa.ee\/et\/wp-json\/wp\/v2\/product"}],"about":[{"href":"https:\/\/www.laspa.ee\/et\/wp-json\/wp\/v2\/types\/product"}],"wp:featuredmedia":[{"embeddable":true,"href":"https:\/\/www.laspa.ee\/et\/wp-json\/wp\/v2\/media\/692"}],"wp:attachment":[{"href":"https:\/\/www.laspa.ee\/et\/wp-json\/wp\/v2\/media?parent=861"}],"wp:term":[{"taxonomy":"product_brand","embeddable":true,"href":"https:\/\/www.laspa.ee\/et\/wp-json\/wp\/v2\/product_brand?post=861"},{"taxonomy":"product_cat","embeddable":true,"href":"https:\/\/www.laspa.ee\/et\/wp-json\/wp\/v2\/product_cat?post=861"},{"taxonomy":"product_tag","embeddable":true,"href":"https:\/\/www.laspa.ee\/et\/wp-json\/wp\/v2\/product_tag?post=861"}],"curies":[{"name":"wp","href":"https:\/\/api.w.org\/{rel}","templated":true}]}}