{"id":867,"date":"2020-12-14T15:28:05","date_gmt":"2020-12-14T13:28:05","guid":{"rendered":"https:\/\/www.laspa.ee\/product\/lifting-and-plumping-ko-bi-do-facial\/"},"modified":"2026-03-12T18:07:20","modified_gmt":"2026-03-12T16:07:20","slug":"siluv-ja-tostev-ko-bi-do-massaazirituaal","status":"publish","type":"product","link":"https:\/\/www.laspa.ee\/et\/product\/siluv-ja-tostev-ko-bi-do-massaazirituaal\/","title":{"rendered":"Siluv ja t\u00f5stev \u201eKo Bi Do\u201c massaa\u017eirituaal \u201eNooruse allikas&#8221;"},"content":{"rendered":"<h3>Jaapani &#8220;Ko Bi Do&#8221; pinguldav n\u00e4ohoolitsus aitab vabaneda esimestest vananemisilmingutest, pigmendilaikudest ja kortsujoontest.<\/h3>\n<ul>\n<li>Parandab naha elastsust andes sellele s\u00e4ra.<\/li>\n<li>Hoolitsuse k\u00e4igus kasutatav Dermapuncture\u00ae massaa\u017eitehnika on justkui loomulik naha pinguldamine.<\/li>\n<li>Tulemusena on pringim ja siledam nahk.<\/li>\n<\/ul>\n<p>Rituaal keskendub just silmakontuurile, suu \u00fcmbrusele, kaelapiirkonnale ja k\u00e4sivartele. P\u00e4rast hoolitsust on teie nahk pringim ja siledam, teie jume s\u00e4ravam ning loomulikult olete saanud nautida m\u00f5nusat l\u00f5\u00f5gastushetke. N\u00e4ohoolitsuse k\u00e4igus kasutatakse spetsiaalseid massaa\u017eitehnikaid, mis annavad m\u00e4rgatava nahka siluva tulemuse ning aitavad efektiivselt s\u00e4ilitada n\u00e4o-, kaela- ja dekolteepiirkonna nooruslikkust. Hoolitsus koosneb viiest traditsioonilisest osast: naha puhastamine, n\u00e4olihaste aktiveerimine, pinguldav massaa\u017e, niisutamine ning hoolitsus l\u00f5ppeb n\u00e4onahas leiduvate toksiinide eemaldamisega.<\/p>\n","protected":false},"excerpt":{"rendered":"<p>Jaapani &#8220;Ko Bi Do&#8221; pinguldav n\u00e4ohoolitsus aitab vabaneda esimestest vananemisilmingutest, pigmendilaikudest ja kortsujoontest.<\/p>\n<ul>\n<li>Parandab naha elastsust andes sellele s\u00e4ra.<\/li>\n<li>Hoolitsuse k\u00e4igus kasutatav massaa\u017eitehnika pinguldab loomulikult nahka.<\/li>\n<li>Tulemusena on pringim ja siledam nahk.<\/li>\n<\/ul>\n","protected":false},"featured_media":1986,"template":"","meta":{"_acf_changed":false},"product_brand":[],"product_cat":[93,51],"product_tag":[],"class_list":{"0":"post-867","1":"product","2":"type-product","3":"status-publish","4":"has-post-thumbnail","6":"product_cat-koik","7":"product_cat-naole","9":"first","10":"instock","11":"shipping-taxable","12":"purchasable","13":"product-type-simple"},"acf":false,"yoast_head":"<!-- This site is optimized with the Yoast SEO plugin v27.2 - https:\/\/yoast.com\/product\/yoast-seo-wordpress\/ -->\n<title>Siluv ja t\u00f5stev \u201eKo Bi Do\u201c massaa\u017eirituaal \u201eNooruse allikas&quot; - LaSpa Laulasmaa<\/title>\n<meta name=\"robots\" content=\"index, follow, max-snippet:-1, max-image-preview:large, max-video-preview:-1\" \/>\n<link rel=\"canonical\" href=\"https:\/\/www.laspa.ee\/et\/product\/siluv-ja-tostev-ko-bi-do-massaazirituaal\/\" \/>\n<meta property=\"og:locale\" content=\"et_EE\" \/>\n<meta property=\"og:type\" content=\"article\" \/>\n<meta property=\"og:title\" content=\"Siluv ja t\u00f5stev \u201eKo Bi Do\u201c massaa\u017eirituaal \u201eNooruse allikas&quot; - LaSpa Laulasmaa\" \/>\n<meta property=\"og:description\" content=\"Jaapani &quot;Ko Bi Do&quot; pinguldav n\u00e4ohoolitsus aitab vabaneda esimestest vananemisilmingutest, pigmendilaikudest ja kortsujoontest.   Parandab naha elastsust andes sellele s\u00e4ra.  Hoolitsuse k\u00e4igus kasutatav massaa\u017eitehnika pinguldab loomulikult nahka.  Tulemusena on pringim ja siledam nahk.\" \/>\n<meta property=\"og:url\" content=\"https:\/\/www.laspa.ee\/et\/product\/siluv-ja-tostev-ko-bi-do-massaazirituaal\/\" \/>\n<meta property=\"og:site_name\" content=\"LaSpa Laulasmaa\" \/>\n<meta property=\"article:publisher\" content=\"https:\/\/www.facebook.com\/LaSpaLaulasmaa\" \/>\n<meta property=\"article:modified_time\" content=\"2026-03-12T16:07:20+00:00\" \/>\n<meta property=\"og:image\" content=\"https:\/\/www.laspa.ee\/wp-content\/uploads\/2021\/01\/VISAGE-KO-BI-DO.jpg\" \/>\n\t<meta property=\"og:image:width\" content=\"1920\" \/>\n\t<meta property=\"og:image:height\" content=\"1235\" \/>\n\t<meta property=\"og:image:type\" content=\"image\/jpeg\" \/>\n<meta name=\"twitter:card\" content=\"summary_large_image\" \/>\n<meta name=\"twitter:label1\" content=\"Est. reading time\" \/>\n\t<meta name=\"twitter:data1\" content=\"1 minut\" \/>\n<script type=\"application\/ld+json\" class=\"yoast-schema-graph\">{\"@context\":\"https:\/\/schema.org\",\"@graph\":[{\"@type\":\"WebPage\",\"@id\":\"https:\/\/www.laspa.ee\/et\/product\/siluv-ja-tostev-ko-bi-do-massaazirituaal\/\",\"url\":\"https:\/\/www.laspa.ee\/et\/product\/siluv-ja-tostev-ko-bi-do-massaazirituaal\/\",\"name\":\"Siluv ja t\u00f5stev \u201eKo Bi Do\u201c massaa\u017eirituaal \u201eNooruse allikas\\\" - LaSpa Laulasmaa\",\"isPartOf\":{\"@id\":\"https:\/\/www.laspa.ee\/et\/#website\"},\"primaryImageOfPage\":{\"@id\":\"https:\/\/www.laspa.ee\/et\/product\/siluv-ja-tostev-ko-bi-do-massaazirituaal\/#primaryimage\"},\"image\":{\"@id\":\"https:\/\/www.laspa.ee\/et\/product\/siluv-ja-tostev-ko-bi-do-massaazirituaal\/#primaryimage\"},\"thumbnailUrl\":\"https:\/\/www.laspa.ee\/wp-content\/uploads\/2021\/01\/VISAGE-KO-BI-DO.jpg\",\"datePublished\":\"2020-12-14T13:28:05+00:00\",\"dateModified\":\"2026-03-12T16:07:20+00:00\",\"breadcrumb\":{\"@id\":\"https:\/\/www.laspa.ee\/et\/product\/siluv-ja-tostev-ko-bi-do-massaazirituaal\/#breadcrumb\"},\"inLanguage\":\"et\",\"potentialAction\":[{\"@type\":\"ReadAction\",\"target\":[\"https:\/\/www.laspa.ee\/et\/product\/siluv-ja-tostev-ko-bi-do-massaazirituaal\/\"]}]},{\"@type\":\"ImageObject\",\"inLanguage\":\"et\",\"@id\":\"https:\/\/www.laspa.ee\/et\/product\/siluv-ja-tostev-ko-bi-do-massaazirituaal\/#primaryimage\",\"url\":\"https:\/\/www.laspa.ee\/wp-content\/uploads\/2021\/01\/VISAGE-KO-BI-DO.jpg\",\"contentUrl\":\"https:\/\/www.laspa.ee\/wp-content\/uploads\/2021\/01\/VISAGE-KO-BI-DO.jpg\",\"width\":1920,\"height\":1235,\"caption\":\"Spaahoolitsused LaSpas\"},{\"@type\":\"BreadcrumbList\",\"@id\":\"https:\/\/www.laspa.ee\/et\/product\/siluv-ja-tostev-ko-bi-do-massaazirituaal\/#breadcrumb\",\"itemListElement\":[{\"@type\":\"ListItem\",\"position\":1,\"name\":\"Home\",\"item\":\"https:\/\/www.laspa.ee\/et\/\"},{\"@type\":\"ListItem\",\"position\":2,\"name\":\"Shop\",\"item\":\"https:\/\/www.laspa.ee\/et\/hoolitsused\/\"},{\"@type\":\"ListItem\",\"position\":3,\"name\":\"Siluv ja t\u00f5stev \u201eKo Bi Do\u201c massaa\u017eirituaal \u201eNooruse allikas&#8221;\"}]},{\"@type\":\"WebSite\",\"@id\":\"https:\/\/www.laspa.ee\/et\/#website\",\"url\":\"https:\/\/www.laspa.ee\/et\/\",\"name\":\"LaSpa Laulasmaa\",\"description\":\"Wellbeing by nature\",\"potentialAction\":[{\"@type\":\"SearchAction\",\"target\":{\"@type\":\"EntryPoint\",\"urlTemplate\":\"https:\/\/www.laspa.ee\/et\/?s={search_term_string}\"},\"query-input\":{\"@type\":\"PropertyValueSpecification\",\"valueRequired\":true,\"valueName\":\"search_term_string\"}}],\"inLanguage\":\"et\"}]}<\/script>\n<!-- \/ Yoast SEO plugin. -->","yoast_head_json":{"title":"Siluv ja t\u00f5stev \u201eKo Bi Do\u201c massaa\u017eirituaal \u201eNooruse allikas\" - LaSpa Laulasmaa","robots":{"index":"index","follow":"follow","max-snippet":"max-snippet:-1","max-image-preview":"max-image-preview:large","max-video-preview":"max-video-preview:-1"},"canonical":"https:\/\/www.laspa.ee\/et\/product\/siluv-ja-tostev-ko-bi-do-massaazirituaal\/","og_locale":"et_EE","og_type":"article","og_title":"Siluv ja t\u00f5stev \u201eKo Bi Do\u201c massaa\u017eirituaal \u201eNooruse allikas\" - LaSpa Laulasmaa","og_description":"Jaapani \"Ko Bi Do\" pinguldav n\u00e4ohoolitsus aitab vabaneda esimestest vananemisilmingutest, pigmendilaikudest ja kortsujoontest.   Parandab naha elastsust andes sellele s\u00e4ra.  Hoolitsuse k\u00e4igus kasutatav massaa\u017eitehnika pinguldab loomulikult nahka.  Tulemusena on pringim ja siledam nahk.","og_url":"https:\/\/www.laspa.ee\/et\/product\/siluv-ja-tostev-ko-bi-do-massaazirituaal\/","og_site_name":"LaSpa Laulasmaa","article_publisher":"https:\/\/www.facebook.com\/LaSpaLaulasmaa","article_modified_time":"2026-03-12T16:07:20+00:00","og_image":[{"width":1920,"height":1235,"url":"https:\/\/www.laspa.ee\/wp-content\/uploads\/2021\/01\/VISAGE-KO-BI-DO.jpg","type":"image\/jpeg"}],"twitter_card":"summary_large_image","twitter_misc":{"Est. reading time":"1 minut"},"schema":{"@context":"https:\/\/schema.org","@graph":[{"@type":"WebPage","@id":"https:\/\/www.laspa.ee\/et\/product\/siluv-ja-tostev-ko-bi-do-massaazirituaal\/","url":"https:\/\/www.laspa.ee\/et\/product\/siluv-ja-tostev-ko-bi-do-massaazirituaal\/","name":"Siluv ja t\u00f5stev \u201eKo Bi Do\u201c massaa\u017eirituaal \u201eNooruse allikas\" - LaSpa Laulasmaa","isPartOf":{"@id":"https:\/\/www.laspa.ee\/et\/#website"},"primaryImageOfPage":{"@id":"https:\/\/www.laspa.ee\/et\/product\/siluv-ja-tostev-ko-bi-do-massaazirituaal\/#primaryimage"},"image":{"@id":"https:\/\/www.laspa.ee\/et\/product\/siluv-ja-tostev-ko-bi-do-massaazirituaal\/#primaryimage"},"thumbnailUrl":"https:\/\/www.laspa.ee\/wp-content\/uploads\/2021\/01\/VISAGE-KO-BI-DO.jpg","datePublished":"2020-12-14T13:28:05+00:00","dateModified":"2026-03-12T16:07:20+00:00","breadcrumb":{"@id":"https:\/\/www.laspa.ee\/et\/product\/siluv-ja-tostev-ko-bi-do-massaazirituaal\/#breadcrumb"},"inLanguage":"et","potentialAction":[{"@type":"ReadAction","target":["https:\/\/www.laspa.ee\/et\/product\/siluv-ja-tostev-ko-bi-do-massaazirituaal\/"]}]},{"@type":"ImageObject","inLanguage":"et","@id":"https:\/\/www.laspa.ee\/et\/product\/siluv-ja-tostev-ko-bi-do-massaazirituaal\/#primaryimage","url":"https:\/\/www.laspa.ee\/wp-content\/uploads\/2021\/01\/VISAGE-KO-BI-DO.jpg","contentUrl":"https:\/\/www.laspa.ee\/wp-content\/uploads\/2021\/01\/VISAGE-KO-BI-DO.jpg","width":1920,"height":1235,"caption":"Spaahoolitsused LaSpas"},{"@type":"BreadcrumbList","@id":"https:\/\/www.laspa.ee\/et\/product\/siluv-ja-tostev-ko-bi-do-massaazirituaal\/#breadcrumb","itemListElement":[{"@type":"ListItem","position":1,"name":"Home","item":"https:\/\/www.laspa.ee\/et\/"},{"@type":"ListItem","position":2,"name":"Shop","item":"https:\/\/www.laspa.ee\/et\/hoolitsused\/"},{"@type":"ListItem","position":3,"name":"Siluv ja t\u00f5stev \u201eKo Bi Do\u201c massaa\u017eirituaal \u201eNooruse allikas&#8221;"}]},{"@type":"WebSite","@id":"https:\/\/www.laspa.ee\/et\/#website","url":"https:\/\/www.laspa.ee\/et\/","name":"LaSpa Laulasmaa","description":"Wellbeing by nature","potentialAction":[{"@type":"SearchAction","target":{"@type":"EntryPoint","urlTemplate":"https:\/\/www.laspa.ee\/et\/?s={search_term_string}"},"query-input":{"@type":"PropertyValueSpecification","valueRequired":true,"valueName":"search_term_string"}}],"inLanguage":"et"}]}},"_links":{"self":[{"href":"https:\/\/www.laspa.ee\/et\/wp-json\/wp\/v2\/product\/867","targetHints":{"allow":["GET"]}}],"collection":[{"href":"https:\/\/www.laspa.ee\/et\/wp-json\/wp\/v2\/product"}],"about":[{"href":"https:\/\/www.laspa.ee\/et\/wp-json\/wp\/v2\/types\/product"}],"wp:featuredmedia":[{"embeddable":true,"href":"https:\/\/www.laspa.ee\/et\/wp-json\/wp\/v2\/media\/1986"}],"wp:attachment":[{"href":"https:\/\/www.laspa.ee\/et\/wp-json\/wp\/v2\/media?parent=867"}],"wp:term":[{"taxonomy":"product_brand","embeddable":true,"href":"https:\/\/www.laspa.ee\/et\/wp-json\/wp\/v2\/product_brand?post=867"},{"taxonomy":"product_cat","embeddable":true,"href":"https:\/\/www.laspa.ee\/et\/wp-json\/wp\/v2\/product_cat?post=867"},{"taxonomy":"product_tag","embeddable":true,"href":"https:\/\/www.laspa.ee\/et\/wp-json\/wp\/v2\/product_tag?post=867"}],"curies":[{"name":"wp","href":"https:\/\/api.w.org\/{rel}","templated":true}]}}