{"id":870,"date":"2020-12-14T13:16:03","date_gmt":"2020-12-14T11:16:03","guid":{"rendered":"https:\/\/www.laspa.ee\/product\/classic-massage\/"},"modified":"2024-10-24T09:31:14","modified_gmt":"2024-10-24T07:31:14","slug":"klassikaline-massaaz-2","status":"publish","type":"product","link":"https:\/\/www.laspa.ee\/et\/product\/klassikaline-massaaz-2\/","title":{"rendered":"Klassikaline massaa\u017e"},"content":{"rendered":"<h3>Klassikaline massaa\u017e leevendab lihaspingeid ja parandab vereringet, toime nahale, nahaalusele koele, lihastele on vastavalt kasutatud v\u00f5tetele, kas l\u00f5\u00f5gastav v\u00f5i toonust t\u00f5stev.<\/h3>\n<p>Klassikalist massaa\u017ei on v\u00f5imalik broneerida erinevate kestvusaegadega- <a href=\"https:\/\/shop.laspa.ee\/reservations\/template\/43\/?lang=et\">30 minutit<\/a>, <a href=\"https:\/\/shop.laspa.ee\/reservations\/template\/45\/?lang=et\">40 minutit<\/a> v\u00f5i <a href=\"https:\/\/shop.laspa.ee\/reservations\/template\/341\/?lang=et\">90 minutit<\/a>.<\/p>\n<ul>\n<li>Parandab vereringet, soodustab ainevahetust.<\/li>\n<li>Kasutatakse lihaspingete, uneh\u00e4irete korral.<\/li>\n<li>Aitab maandada stressi.<\/li>\n<\/ul>\n<p>Massaa\u017ei ei tohi teha, kui on k\u00f5rgenenud verer\u00f5hk, veenilaiendid, nahahaigused v\u00f5i palavik.<\/p>\n","protected":false},"excerpt":{"rendered":"<p>Klassikaline massaa\u017e leevendab lihaspingeid ja parandab vereringet, toime nahale, nahaalusele koele, lihastele on vastavalt kasutatud v\u00f5tetele, kas l\u00f5\u00f5gastav v\u00f5i toonust t\u00f5stev.<\/p>\n<ul>\n<li>Parandab vereringet, soodustab ainevahetust.<\/li>\n<li>Kasutatakse lihaspingete, uneh\u00e4irete korral.<\/li>\n<li>Aitab maandada stressi.<\/li>\n<\/ul>\n","protected":false},"featured_media":1927,"template":"","meta":{"_acf_changed":false},"product_brand":[],"product_cat":[93,50],"product_tag":[],"class_list":{"0":"post-870","1":"product","2":"type-product","3":"status-publish","4":"has-post-thumbnail","6":"product_cat-koik","7":"product_cat-massaazirituaalid","9":"first","10":"instock","11":"shipping-taxable","12":"purchasable","13":"product-type-variable"},"acf":false,"yoast_head":"<!-- This site is optimized with the Yoast SEO plugin v27.2 - https:\/\/yoast.com\/product\/yoast-seo-wordpress\/ -->\n<title>Klassikaline massaa\u017e - LaSpa Laulasmaa<\/title>\n<meta name=\"robots\" content=\"index, follow, max-snippet:-1, max-image-preview:large, max-video-preview:-1\" \/>\n<link rel=\"canonical\" href=\"https:\/\/www.laspa.ee\/et\/product\/klassikaline-massaaz-2\/\" \/>\n<meta property=\"og:locale\" content=\"et_EE\" \/>\n<meta property=\"og:type\" content=\"article\" \/>\n<meta property=\"og:title\" content=\"Klassikaline massaa\u017e - LaSpa Laulasmaa\" \/>\n<meta property=\"og:description\" content=\"Klassikaline massaa\u017e leevendab lihaspingeid ja parandab vereringet, toime nahale, nahaalusele koele, lihastele on vastavalt kasutatud v\u00f5tetele, kas l\u00f5\u00f5gastav v\u00f5i toonust t\u00f5stev.   Parandab vereringet, soodustab ainevahetust.  Kasutatakse lihaspingete, uneh\u00e4irete korral.  Aitab maandada stressi.\" \/>\n<meta property=\"og:url\" content=\"https:\/\/www.laspa.ee\/et\/product\/klassikaline-massaaz-2\/\" \/>\n<meta property=\"og:site_name\" content=\"LaSpa Laulasmaa\" \/>\n<meta property=\"article:publisher\" content=\"https:\/\/www.facebook.com\/LaSpaLaulasmaa\" \/>\n<meta property=\"article:modified_time\" content=\"2024-10-24T07:31:14+00:00\" \/>\n<meta property=\"og:image\" content=\"https:\/\/www.laspa.ee\/wp-content\/uploads\/2021\/01\/laspa_massaaz.jpg\" \/>\n\t<meta property=\"og:image:width\" content=\"1920\" \/>\n\t<meta property=\"og:image:height\" content=\"1280\" \/>\n\t<meta property=\"og:image:type\" content=\"image\/jpeg\" \/>\n<meta name=\"twitter:card\" content=\"summary_large_image\" \/>\n<meta name=\"twitter:label1\" content=\"Est. reading time\" \/>\n\t<meta name=\"twitter:data1\" content=\"1 minut\" \/>\n<script type=\"application\/ld+json\" class=\"yoast-schema-graph\">{\"@context\":\"https:\/\/schema.org\",\"@graph\":[{\"@type\":\"WebPage\",\"@id\":\"https:\/\/www.laspa.ee\/et\/product\/klassikaline-massaaz-2\/\",\"url\":\"https:\/\/www.laspa.ee\/et\/product\/klassikaline-massaaz-2\/\",\"name\":\"Klassikaline massaa\u017e - LaSpa Laulasmaa\",\"isPartOf\":{\"@id\":\"https:\/\/www.laspa.ee\/et\/#website\"},\"primaryImageOfPage\":{\"@id\":\"https:\/\/www.laspa.ee\/et\/product\/klassikaline-massaaz-2\/#primaryimage\"},\"image\":{\"@id\":\"https:\/\/www.laspa.ee\/et\/product\/klassikaline-massaaz-2\/#primaryimage\"},\"thumbnailUrl\":\"https:\/\/www.laspa.ee\/wp-content\/uploads\/2021\/01\/laspa_massaaz.jpg\",\"datePublished\":\"2020-12-14T11:16:03+00:00\",\"dateModified\":\"2024-10-24T07:31:14+00:00\",\"breadcrumb\":{\"@id\":\"https:\/\/www.laspa.ee\/et\/product\/klassikaline-massaaz-2\/#breadcrumb\"},\"inLanguage\":\"et\",\"potentialAction\":[{\"@type\":\"ReadAction\",\"target\":[\"https:\/\/www.laspa.ee\/et\/product\/klassikaline-massaaz-2\/\"]}]},{\"@type\":\"ImageObject\",\"inLanguage\":\"et\",\"@id\":\"https:\/\/www.laspa.ee\/et\/product\/klassikaline-massaaz-2\/#primaryimage\",\"url\":\"https:\/\/www.laspa.ee\/wp-content\/uploads\/2021\/01\/laspa_massaaz.jpg\",\"contentUrl\":\"https:\/\/www.laspa.ee\/wp-content\/uploads\/2021\/01\/laspa_massaaz.jpg\",\"width\":1920,\"height\":1280,\"caption\":\"Naudi spa treatments in Laulasmaa I LaSpa spa hotel\"},{\"@type\":\"BreadcrumbList\",\"@id\":\"https:\/\/www.laspa.ee\/et\/product\/klassikaline-massaaz-2\/#breadcrumb\",\"itemListElement\":[{\"@type\":\"ListItem\",\"position\":1,\"name\":\"Home\",\"item\":\"https:\/\/www.laspa.ee\/et\/\"},{\"@type\":\"ListItem\",\"position\":2,\"name\":\"Shop\",\"item\":\"https:\/\/www.laspa.ee\/et\/hoolitsused\/\"},{\"@type\":\"ListItem\",\"position\":3,\"name\":\"Klassikaline massaa\u017e\"}]},{\"@type\":\"WebSite\",\"@id\":\"https:\/\/www.laspa.ee\/et\/#website\",\"url\":\"https:\/\/www.laspa.ee\/et\/\",\"name\":\"LaSpa Laulasmaa\",\"description\":\"Wellbeing by nature\",\"potentialAction\":[{\"@type\":\"SearchAction\",\"target\":{\"@type\":\"EntryPoint\",\"urlTemplate\":\"https:\/\/www.laspa.ee\/et\/?s={search_term_string}\"},\"query-input\":{\"@type\":\"PropertyValueSpecification\",\"valueRequired\":true,\"valueName\":\"search_term_string\"}}],\"inLanguage\":\"et\"}]}<\/script>\n<!-- \/ Yoast SEO plugin. -->","yoast_head_json":{"title":"Klassikaline massaa\u017e - LaSpa Laulasmaa","robots":{"index":"index","follow":"follow","max-snippet":"max-snippet:-1","max-image-preview":"max-image-preview:large","max-video-preview":"max-video-preview:-1"},"canonical":"https:\/\/www.laspa.ee\/et\/product\/klassikaline-massaaz-2\/","og_locale":"et_EE","og_type":"article","og_title":"Klassikaline massaa\u017e - LaSpa Laulasmaa","og_description":"Klassikaline massaa\u017e leevendab lihaspingeid ja parandab vereringet, toime nahale, nahaalusele koele, lihastele on vastavalt kasutatud v\u00f5tetele, kas l\u00f5\u00f5gastav v\u00f5i toonust t\u00f5stev.   Parandab vereringet, soodustab ainevahetust.  Kasutatakse lihaspingete, uneh\u00e4irete korral.  Aitab maandada stressi.","og_url":"https:\/\/www.laspa.ee\/et\/product\/klassikaline-massaaz-2\/","og_site_name":"LaSpa Laulasmaa","article_publisher":"https:\/\/www.facebook.com\/LaSpaLaulasmaa","article_modified_time":"2024-10-24T07:31:14+00:00","og_image":[{"width":1920,"height":1280,"url":"https:\/\/www.laspa.ee\/wp-content\/uploads\/2021\/01\/laspa_massaaz.jpg","type":"image\/jpeg"}],"twitter_card":"summary_large_image","twitter_misc":{"Est. reading time":"1 minut"},"schema":{"@context":"https:\/\/schema.org","@graph":[{"@type":"WebPage","@id":"https:\/\/www.laspa.ee\/et\/product\/klassikaline-massaaz-2\/","url":"https:\/\/www.laspa.ee\/et\/product\/klassikaline-massaaz-2\/","name":"Klassikaline massaa\u017e - LaSpa Laulasmaa","isPartOf":{"@id":"https:\/\/www.laspa.ee\/et\/#website"},"primaryImageOfPage":{"@id":"https:\/\/www.laspa.ee\/et\/product\/klassikaline-massaaz-2\/#primaryimage"},"image":{"@id":"https:\/\/www.laspa.ee\/et\/product\/klassikaline-massaaz-2\/#primaryimage"},"thumbnailUrl":"https:\/\/www.laspa.ee\/wp-content\/uploads\/2021\/01\/laspa_massaaz.jpg","datePublished":"2020-12-14T11:16:03+00:00","dateModified":"2024-10-24T07:31:14+00:00","breadcrumb":{"@id":"https:\/\/www.laspa.ee\/et\/product\/klassikaline-massaaz-2\/#breadcrumb"},"inLanguage":"et","potentialAction":[{"@type":"ReadAction","target":["https:\/\/www.laspa.ee\/et\/product\/klassikaline-massaaz-2\/"]}]},{"@type":"ImageObject","inLanguage":"et","@id":"https:\/\/www.laspa.ee\/et\/product\/klassikaline-massaaz-2\/#primaryimage","url":"https:\/\/www.laspa.ee\/wp-content\/uploads\/2021\/01\/laspa_massaaz.jpg","contentUrl":"https:\/\/www.laspa.ee\/wp-content\/uploads\/2021\/01\/laspa_massaaz.jpg","width":1920,"height":1280,"caption":"Naudi spa treatments in Laulasmaa I LaSpa spa hotel"},{"@type":"BreadcrumbList","@id":"https:\/\/www.laspa.ee\/et\/product\/klassikaline-massaaz-2\/#breadcrumb","itemListElement":[{"@type":"ListItem","position":1,"name":"Home","item":"https:\/\/www.laspa.ee\/et\/"},{"@type":"ListItem","position":2,"name":"Shop","item":"https:\/\/www.laspa.ee\/et\/hoolitsused\/"},{"@type":"ListItem","position":3,"name":"Klassikaline massaa\u017e"}]},{"@type":"WebSite","@id":"https:\/\/www.laspa.ee\/et\/#website","url":"https:\/\/www.laspa.ee\/et\/","name":"LaSpa Laulasmaa","description":"Wellbeing by nature","potentialAction":[{"@type":"SearchAction","target":{"@type":"EntryPoint","urlTemplate":"https:\/\/www.laspa.ee\/et\/?s={search_term_string}"},"query-input":{"@type":"PropertyValueSpecification","valueRequired":true,"valueName":"search_term_string"}}],"inLanguage":"et"}]}},"_links":{"self":[{"href":"https:\/\/www.laspa.ee\/et\/wp-json\/wp\/v2\/product\/870","targetHints":{"allow":["GET"]}}],"collection":[{"href":"https:\/\/www.laspa.ee\/et\/wp-json\/wp\/v2\/product"}],"about":[{"href":"https:\/\/www.laspa.ee\/et\/wp-json\/wp\/v2\/types\/product"}],"wp:featuredmedia":[{"embeddable":true,"href":"https:\/\/www.laspa.ee\/et\/wp-json\/wp\/v2\/media\/1927"}],"wp:attachment":[{"href":"https:\/\/www.laspa.ee\/et\/wp-json\/wp\/v2\/media?parent=870"}],"wp:term":[{"taxonomy":"product_brand","embeddable":true,"href":"https:\/\/www.laspa.ee\/et\/wp-json\/wp\/v2\/product_brand?post=870"},{"taxonomy":"product_cat","embeddable":true,"href":"https:\/\/www.laspa.ee\/et\/wp-json\/wp\/v2\/product_cat?post=870"},{"taxonomy":"product_tag","embeddable":true,"href":"https:\/\/www.laspa.ee\/et\/wp-json\/wp\/v2\/product_tag?post=870"}],"curies":[{"name":"wp","href":"https:\/\/api.w.org\/{rel}","templated":true}]}}