{"id":880,"date":"2020-12-14T12:50:14","date_gmt":"2020-12-14T10:50:14","guid":{"rendered":"https:\/\/www.laspa.ee\/product\/thighting-brazilian-massage-ritual\/"},"modified":"2026-03-12T17:46:52","modified_gmt":"2026-03-12T15:46:52","slug":"pinguldav-brasiilia-massaazirituaal","status":"publish","type":"product","link":"https:\/\/www.laspa.ee\/et\/product\/pinguldav-brasiilia-massaazirituaal\/","title":{"rendered":"Pinguldav Brasiilia massaa\u017eirituaal"},"content":{"rendered":"<h3>Brasiiliast p\u00e4rit nahka pinguldav ja salendav massaa\u017eirituaal, mis pinguldab ja vormib t\u00e4nu tuntud toimeainele lupiin ning parap\u00e4hkel.<\/h3>\n<ul>\n<li>Unikaalne rulliv ning s\u00f5tkuvat massaa\u017eitehnika.<\/li>\n<li>V\u00f5itleb l\u00f5tvunud naha ja tselluliidiga k\u00f5hul, puusadel, jalgadel ja \u00f5lavartel.<\/li>\n<\/ul>\n<p>Salendav massaa\u017eitehnika on inspireeritud Brasiilia \u201e Banho\u201c rituaalist , mis pinguldab ja vormib t\u00e4nu tuntud toimeainele lupiin ja parap\u00e4hkel. Kombineerides Brasiiliast p\u00e4rit taimede nahka pinguldavat toimet ja unikaalset rullivat ning s\u00f5tkuvat massaa\u017eitehnikat, saame tulemuseks t\u00f5husa meetodi v\u00f5itlemaks l\u00f5tvunud nahaga ja tselluliidiga k\u00f5hul, puusadel, jalgadel ja \u00f5lavartel. L\u00f5petuseks personaalsed soovitused ja n\u00f5uanded.<\/p>\n","protected":false},"excerpt":{"rendered":"<p>Brasiiliast p\u00e4rit nahka pinguldav ja salendav massaa\u017eirituaal, mis pinguldab ja vormib t\u00e4nu tuntud toimeainele lupiin ja parap\u00e4hkel.<\/p>\n<ul>\n<li>Unikaalne rulliv ning s\u00f5tkuvat massaa\u017eitehnika.<\/li>\n<li>V\u00f5itleb l\u00f5tvunud naha ja tselluliidiga k\u00f5hul, puusadel, jalgadel ja \u00f5lavartel.<\/li>\n<\/ul>\n","protected":false},"featured_media":1978,"template":"","meta":{"_acf_changed":false},"product_brand":[],"product_cat":[93,50],"product_tag":[],"class_list":{"0":"post-880","1":"product","2":"type-product","3":"status-publish","4":"has-post-thumbnail","6":"product_cat-koik","7":"product_cat-massaazirituaalid","9":"first","10":"instock","11":"shipping-taxable","12":"purchasable","13":"product-type-simple"},"acf":false,"yoast_head":"<!-- This site is optimized with the Yoast SEO plugin v27.4 - https:\/\/yoast.com\/product\/yoast-seo-wordpress\/ -->\n<title>Pinguldav Brasiilia massaa\u017eirituaal - LaSpa Laulasmaa<\/title>\n<meta name=\"robots\" content=\"index, follow, max-snippet:-1, max-image-preview:large, max-video-preview:-1\" \/>\n<link rel=\"canonical\" href=\"https:\/\/www.laspa.ee\/et\/product\/pinguldav-brasiilia-massaazirituaal\/\" \/>\n<meta property=\"og:locale\" content=\"et_EE\" \/>\n<meta property=\"og:type\" content=\"article\" \/>\n<meta property=\"og:title\" content=\"Pinguldav Brasiilia massaa\u017eirituaal - LaSpa Laulasmaa\" \/>\n<meta property=\"og:description\" content=\"Brasiiliast p\u00e4rit nahka pinguldav ja salendav massaa\u017eirituaal, mis pinguldab ja vormib t\u00e4nu tuntud toimeainele lupiin ja parap\u00e4hkel.   Unikaalne rulliv ning s\u00f5tkuvat massaa\u017eitehnika.  V\u00f5itleb l\u00f5tvunud naha ja tselluliidiga k\u00f5hul, puusadel, jalgadel ja \u00f5lavartel.\" \/>\n<meta property=\"og:url\" content=\"https:\/\/www.laspa.ee\/et\/product\/pinguldav-brasiilia-massaazirituaal\/\" \/>\n<meta property=\"og:site_name\" content=\"LaSpa Laulasmaa\" \/>\n<meta property=\"article:publisher\" content=\"https:\/\/www.facebook.com\/LaSpaLaulasmaa\" \/>\n<meta property=\"article:modified_time\" content=\"2026-03-12T15:46:52+00:00\" \/>\n<meta property=\"og:image\" content=\"https:\/\/www.laspa.ee\/wp-content\/uploads\/2021\/01\/CINQ-MONDES-Massage_laspa.jpg\" \/>\n\t<meta property=\"og:image:width\" content=\"1920\" \/>\n\t<meta property=\"og:image:height\" content=\"1280\" \/>\n\t<meta property=\"og:image:type\" content=\"image\/jpeg\" \/>\n<meta name=\"twitter:card\" content=\"summary_large_image\" \/>\n<meta name=\"twitter:label1\" content=\"Est. reading time\" \/>\n\t<meta name=\"twitter:data1\" content=\"1 minut\" \/>\n<script type=\"application\/ld+json\" class=\"yoast-schema-graph\">{\"@context\":\"https:\\\/\\\/schema.org\",\"@graph\":[{\"@type\":\"WebPage\",\"@id\":\"https:\\\/\\\/www.laspa.ee\\\/et\\\/product\\\/pinguldav-brasiilia-massaazirituaal\\\/\",\"url\":\"https:\\\/\\\/www.laspa.ee\\\/et\\\/product\\\/pinguldav-brasiilia-massaazirituaal\\\/\",\"name\":\"Pinguldav Brasiilia massaa\u017eirituaal - LaSpa Laulasmaa\",\"isPartOf\":{\"@id\":\"https:\\\/\\\/www.laspa.ee\\\/et\\\/#website\"},\"primaryImageOfPage\":{\"@id\":\"https:\\\/\\\/www.laspa.ee\\\/et\\\/product\\\/pinguldav-brasiilia-massaazirituaal\\\/#primaryimage\"},\"image\":{\"@id\":\"https:\\\/\\\/www.laspa.ee\\\/et\\\/product\\\/pinguldav-brasiilia-massaazirituaal\\\/#primaryimage\"},\"thumbnailUrl\":\"https:\\\/\\\/www.laspa.ee\\\/wp-content\\\/uploads\\\/2021\\\/01\\\/CINQ-MONDES-Massage_laspa.jpg\",\"datePublished\":\"2020-12-14T10:50:14+00:00\",\"dateModified\":\"2026-03-12T15:46:52+00:00\",\"breadcrumb\":{\"@id\":\"https:\\\/\\\/www.laspa.ee\\\/et\\\/product\\\/pinguldav-brasiilia-massaazirituaal\\\/#breadcrumb\"},\"inLanguage\":\"et\",\"potentialAction\":[{\"@type\":\"ReadAction\",\"target\":[\"https:\\\/\\\/www.laspa.ee\\\/et\\\/product\\\/pinguldav-brasiilia-massaazirituaal\\\/\"]}]},{\"@type\":\"ImageObject\",\"inLanguage\":\"et\",\"@id\":\"https:\\\/\\\/www.laspa.ee\\\/et\\\/product\\\/pinguldav-brasiilia-massaazirituaal\\\/#primaryimage\",\"url\":\"https:\\\/\\\/www.laspa.ee\\\/wp-content\\\/uploads\\\/2021\\\/01\\\/CINQ-MONDES-Massage_laspa.jpg\",\"contentUrl\":\"https:\\\/\\\/www.laspa.ee\\\/wp-content\\\/uploads\\\/2021\\\/01\\\/CINQ-MONDES-Massage_laspa.jpg\",\"width\":1920,\"height\":1280,\"caption\":\"Massaa\u017e Laulasmaal\"},{\"@type\":\"BreadcrumbList\",\"@id\":\"https:\\\/\\\/www.laspa.ee\\\/et\\\/product\\\/pinguldav-brasiilia-massaazirituaal\\\/#breadcrumb\",\"itemListElement\":[{\"@type\":\"ListItem\",\"position\":1,\"name\":\"Home\",\"item\":\"https:\\\/\\\/www.laspa.ee\\\/et\\\/\"},{\"@type\":\"ListItem\",\"position\":2,\"name\":\"Shop\",\"item\":\"https:\\\/\\\/www.laspa.ee\\\/et\\\/hoolitsused\\\/\"},{\"@type\":\"ListItem\",\"position\":3,\"name\":\"Pinguldav Brasiilia massaa\u017eirituaal\"}]},{\"@type\":\"WebSite\",\"@id\":\"https:\\\/\\\/www.laspa.ee\\\/et\\\/#website\",\"url\":\"https:\\\/\\\/www.laspa.ee\\\/et\\\/\",\"name\":\"LaSpa Laulasmaa\",\"description\":\"Wellbeing by nature\",\"potentialAction\":[{\"@type\":\"SearchAction\",\"target\":{\"@type\":\"EntryPoint\",\"urlTemplate\":\"https:\\\/\\\/www.laspa.ee\\\/et\\\/?s={search_term_string}\"},\"query-input\":{\"@type\":\"PropertyValueSpecification\",\"valueRequired\":true,\"valueName\":\"search_term_string\"}}],\"inLanguage\":\"et\"}]}<\/script>\n<!-- \/ Yoast SEO plugin. -->","yoast_head_json":{"title":"Pinguldav Brasiilia massaa\u017eirituaal - LaSpa Laulasmaa","robots":{"index":"index","follow":"follow","max-snippet":"max-snippet:-1","max-image-preview":"max-image-preview:large","max-video-preview":"max-video-preview:-1"},"canonical":"https:\/\/www.laspa.ee\/et\/product\/pinguldav-brasiilia-massaazirituaal\/","og_locale":"et_EE","og_type":"article","og_title":"Pinguldav Brasiilia massaa\u017eirituaal - LaSpa Laulasmaa","og_description":"Brasiiliast p\u00e4rit nahka pinguldav ja salendav massaa\u017eirituaal, mis pinguldab ja vormib t\u00e4nu tuntud toimeainele lupiin ja parap\u00e4hkel.   Unikaalne rulliv ning s\u00f5tkuvat massaa\u017eitehnika.  V\u00f5itleb l\u00f5tvunud naha ja tselluliidiga k\u00f5hul, puusadel, jalgadel ja \u00f5lavartel.","og_url":"https:\/\/www.laspa.ee\/et\/product\/pinguldav-brasiilia-massaazirituaal\/","og_site_name":"LaSpa Laulasmaa","article_publisher":"https:\/\/www.facebook.com\/LaSpaLaulasmaa","article_modified_time":"2026-03-12T15:46:52+00:00","og_image":[{"width":1920,"height":1280,"url":"https:\/\/www.laspa.ee\/wp-content\/uploads\/2021\/01\/CINQ-MONDES-Massage_laspa.jpg","type":"image\/jpeg"}],"twitter_card":"summary_large_image","twitter_misc":{"Est. reading time":"1 minut"},"schema":{"@context":"https:\/\/schema.org","@graph":[{"@type":"WebPage","@id":"https:\/\/www.laspa.ee\/et\/product\/pinguldav-brasiilia-massaazirituaal\/","url":"https:\/\/www.laspa.ee\/et\/product\/pinguldav-brasiilia-massaazirituaal\/","name":"Pinguldav Brasiilia massaa\u017eirituaal - LaSpa Laulasmaa","isPartOf":{"@id":"https:\/\/www.laspa.ee\/et\/#website"},"primaryImageOfPage":{"@id":"https:\/\/www.laspa.ee\/et\/product\/pinguldav-brasiilia-massaazirituaal\/#primaryimage"},"image":{"@id":"https:\/\/www.laspa.ee\/et\/product\/pinguldav-brasiilia-massaazirituaal\/#primaryimage"},"thumbnailUrl":"https:\/\/www.laspa.ee\/wp-content\/uploads\/2021\/01\/CINQ-MONDES-Massage_laspa.jpg","datePublished":"2020-12-14T10:50:14+00:00","dateModified":"2026-03-12T15:46:52+00:00","breadcrumb":{"@id":"https:\/\/www.laspa.ee\/et\/product\/pinguldav-brasiilia-massaazirituaal\/#breadcrumb"},"inLanguage":"et","potentialAction":[{"@type":"ReadAction","target":["https:\/\/www.laspa.ee\/et\/product\/pinguldav-brasiilia-massaazirituaal\/"]}]},{"@type":"ImageObject","inLanguage":"et","@id":"https:\/\/www.laspa.ee\/et\/product\/pinguldav-brasiilia-massaazirituaal\/#primaryimage","url":"https:\/\/www.laspa.ee\/wp-content\/uploads\/2021\/01\/CINQ-MONDES-Massage_laspa.jpg","contentUrl":"https:\/\/www.laspa.ee\/wp-content\/uploads\/2021\/01\/CINQ-MONDES-Massage_laspa.jpg","width":1920,"height":1280,"caption":"Massaa\u017e Laulasmaal"},{"@type":"BreadcrumbList","@id":"https:\/\/www.laspa.ee\/et\/product\/pinguldav-brasiilia-massaazirituaal\/#breadcrumb","itemListElement":[{"@type":"ListItem","position":1,"name":"Home","item":"https:\/\/www.laspa.ee\/et\/"},{"@type":"ListItem","position":2,"name":"Shop","item":"https:\/\/www.laspa.ee\/et\/hoolitsused\/"},{"@type":"ListItem","position":3,"name":"Pinguldav Brasiilia massaa\u017eirituaal"}]},{"@type":"WebSite","@id":"https:\/\/www.laspa.ee\/et\/#website","url":"https:\/\/www.laspa.ee\/et\/","name":"LaSpa Laulasmaa","description":"Wellbeing by nature","potentialAction":[{"@type":"SearchAction","target":{"@type":"EntryPoint","urlTemplate":"https:\/\/www.laspa.ee\/et\/?s={search_term_string}"},"query-input":{"@type":"PropertyValueSpecification","valueRequired":true,"valueName":"search_term_string"}}],"inLanguage":"et"}]}},"_links":{"self":[{"href":"https:\/\/www.laspa.ee\/et\/wp-json\/wp\/v2\/product\/880","targetHints":{"allow":["GET"]}}],"collection":[{"href":"https:\/\/www.laspa.ee\/et\/wp-json\/wp\/v2\/product"}],"about":[{"href":"https:\/\/www.laspa.ee\/et\/wp-json\/wp\/v2\/types\/product"}],"wp:featuredmedia":[{"embeddable":true,"href":"https:\/\/www.laspa.ee\/et\/wp-json\/wp\/v2\/media\/1978"}],"wp:attachment":[{"href":"https:\/\/www.laspa.ee\/et\/wp-json\/wp\/v2\/media?parent=880"}],"wp:term":[{"taxonomy":"product_brand","embeddable":true,"href":"https:\/\/www.laspa.ee\/et\/wp-json\/wp\/v2\/product_brand?post=880"},{"taxonomy":"product_cat","embeddable":true,"href":"https:\/\/www.laspa.ee\/et\/wp-json\/wp\/v2\/product_cat?post=880"},{"taxonomy":"product_tag","embeddable":true,"href":"https:\/\/www.laspa.ee\/et\/wp-json\/wp\/v2\/product_tag?post=880"}],"curies":[{"name":"wp","href":"https:\/\/api.w.org\/{rel}","templated":true}]}}