{"id":883,"date":"2020-12-14T12:44:05","date_gmt":"2020-12-14T10:44:05","guid":{"rendered":"https:\/\/www.laspa.ee\/product\/revitalizing-and-soothing-leg-massage\/"},"modified":"2026-03-20T10:02:43","modified_gmt":"2026-03-20T08:02:43","slug":"taaselustav-massaazirituaal-jalgadele","status":"publish","type":"product","link":"https:\/\/www.laspa.ee\/et\/product\/taaselustav-massaazirituaal-jalgadele\/","title":{"rendered":"Taaselustav ja siluv massaa\u017eirituaal jalgadele"},"content":{"rendered":"<h3>Hoolitsus annab puhkust teie v\u00e4sinud jalgadele. Toniseeriv ja energiat juhtiv massaa\u017e aitab parandada keha vereringet.<\/h3>\n<ul>\n<li>Pinguldava jalamassaa\u017ei j\u00e4rel on teie jalad v\u00e4rsked ja kerged.<\/li>\n<li>Inspireeritud traditsioonilisest india meditsiinist ja ajurveda traditsioonidest.<\/li>\n<\/ul>\n<p>Pinguldava jalamassaa\u017ei jaoks kasutatakse tooteid, mis on inspireeritud traditsioonilisest Hiina farmakop\u00f6ast ning mis sisaldavad looduslikke aktiivaineid, t\u00e4nu millele tunnete p\u00e4rast massaa\u017ei, kuidas teie jalad on v\u00e4rsked ja kerged ning t\u00e4ielikult puhanud! Jalamassaa\u017e on inspireeritud traditsioonilisest India meditsiinist ja ajurveda traditsioonidest, mis aitavad taastada keha ja vaimu tasakaalu ning toetavad keha funktsioone. See toniseeriv ja energiat juhtiv massaa\u017e aitab parandada keha vereringet ning on eriliselt suunatud jalalihaste pingetest vabastamisele.<\/p>\n","protected":false},"excerpt":{"rendered":"<p>Hoolitsus annab puhkust teie v\u00e4sinud jalgadele. Toniseeriv ja energiat juhtiv massaa\u017e aitab parandada keha vereringet.<\/p>\n<ul>\n<li>Pinguldava jalamassaa\u017ei j\u00e4rel on teie jalad v\u00e4rsked ja kerged.<\/li>\n<li>Inspireeritud traditsioonilisest india meditsiinist ja ajurveda traditsioonidest.<\/li>\n<\/ul>\n","protected":false},"featured_media":2217,"template":"","meta":{"_acf_changed":false},"product_brand":[],"product_cat":[93,50],"product_tag":[],"class_list":{"0":"post-883","1":"product","2":"type-product","3":"status-publish","4":"has-post-thumbnail","6":"product_cat-koik","7":"product_cat-massaazirituaalid","9":"first","10":"instock","11":"shipping-taxable","12":"purchasable","13":"product-type-simple"},"acf":false,"yoast_head":"<!-- This site is optimized with the Yoast SEO plugin v27.4 - https:\/\/yoast.com\/product\/yoast-seo-wordpress\/ -->\n<title>Taaselustav ja siluv massaa\u017eirituaal jalgadele - LaSpa Laulasmaa<\/title>\n<meta name=\"robots\" content=\"index, follow, max-snippet:-1, max-image-preview:large, max-video-preview:-1\" \/>\n<link rel=\"canonical\" href=\"https:\/\/www.laspa.ee\/et\/product\/taaselustav-massaazirituaal-jalgadele\/\" \/>\n<meta property=\"og:locale\" content=\"et_EE\" \/>\n<meta property=\"og:type\" content=\"article\" \/>\n<meta property=\"og:title\" content=\"Taaselustav ja siluv massaa\u017eirituaal jalgadele - LaSpa Laulasmaa\" \/>\n<meta property=\"og:description\" content=\"Hoolitsus annab puhkust teie v\u00e4sinud jalgadele. Toniseeriv ja energiat juhtiv massaa\u017e aitab parandada keha vereringet.   Pinguldava jalamassaa\u017ei j\u00e4rel on teie jalad v\u00e4rsked ja kerged.  Inspireeritud traditsioonilisest india meditsiinist ja ajurveda traditsioonidest.\" \/>\n<meta property=\"og:url\" content=\"https:\/\/www.laspa.ee\/et\/product\/taaselustav-massaazirituaal-jalgadele\/\" \/>\n<meta property=\"og:site_name\" content=\"LaSpa Laulasmaa\" \/>\n<meta property=\"article:publisher\" content=\"https:\/\/www.facebook.com\/LaSpaLaulasmaa\" \/>\n<meta property=\"article:modified_time\" content=\"2026-03-20T08:02:43+00:00\" \/>\n<meta property=\"og:image\" content=\"https:\/\/www.laspa.ee\/wp-content\/uploads\/2020\/12\/jalamassaaz_laulasmaa.jpg\" \/>\n\t<meta property=\"og:image:width\" content=\"1920\" \/>\n\t<meta property=\"og:image:height\" content=\"1282\" \/>\n\t<meta property=\"og:image:type\" content=\"image\/jpeg\" \/>\n<meta name=\"twitter:card\" content=\"summary_large_image\" \/>\n<meta name=\"twitter:label1\" content=\"Est. reading time\" \/>\n\t<meta name=\"twitter:data1\" content=\"1 minut\" \/>\n<script type=\"application\/ld+json\" class=\"yoast-schema-graph\">{\"@context\":\"https:\\\/\\\/schema.org\",\"@graph\":[{\"@type\":\"WebPage\",\"@id\":\"https:\\\/\\\/www.laspa.ee\\\/et\\\/product\\\/taaselustav-massaazirituaal-jalgadele\\\/\",\"url\":\"https:\\\/\\\/www.laspa.ee\\\/et\\\/product\\\/taaselustav-massaazirituaal-jalgadele\\\/\",\"name\":\"Taaselustav ja siluv massaa\u017eirituaal jalgadele - LaSpa Laulasmaa\",\"isPartOf\":{\"@id\":\"https:\\\/\\\/www.laspa.ee\\\/et\\\/#website\"},\"primaryImageOfPage\":{\"@id\":\"https:\\\/\\\/www.laspa.ee\\\/et\\\/product\\\/taaselustav-massaazirituaal-jalgadele\\\/#primaryimage\"},\"image\":{\"@id\":\"https:\\\/\\\/www.laspa.ee\\\/et\\\/product\\\/taaselustav-massaazirituaal-jalgadele\\\/#primaryimage\"},\"thumbnailUrl\":\"https:\\\/\\\/www.laspa.ee\\\/wp-content\\\/uploads\\\/2020\\\/12\\\/jalamassaaz_laulasmaa.jpg\",\"datePublished\":\"2020-12-14T10:44:05+00:00\",\"dateModified\":\"2026-03-20T08:02:43+00:00\",\"breadcrumb\":{\"@id\":\"https:\\\/\\\/www.laspa.ee\\\/et\\\/product\\\/taaselustav-massaazirituaal-jalgadele\\\/#breadcrumb\"},\"inLanguage\":\"et\",\"potentialAction\":[{\"@type\":\"ReadAction\",\"target\":[\"https:\\\/\\\/www.laspa.ee\\\/et\\\/product\\\/taaselustav-massaazirituaal-jalgadele\\\/\"]}]},{\"@type\":\"ImageObject\",\"inLanguage\":\"et\",\"@id\":\"https:\\\/\\\/www.laspa.ee\\\/et\\\/product\\\/taaselustav-massaazirituaal-jalgadele\\\/#primaryimage\",\"url\":\"https:\\\/\\\/www.laspa.ee\\\/wp-content\\\/uploads\\\/2020\\\/12\\\/jalamassaaz_laulasmaa.jpg\",\"contentUrl\":\"https:\\\/\\\/www.laspa.ee\\\/wp-content\\\/uploads\\\/2020\\\/12\\\/jalamassaaz_laulasmaa.jpg\",\"width\":1920,\"height\":1282,\"caption\":\"jalamassaa\u017e Laspa Laulasmaal\"},{\"@type\":\"BreadcrumbList\",\"@id\":\"https:\\\/\\\/www.laspa.ee\\\/et\\\/product\\\/taaselustav-massaazirituaal-jalgadele\\\/#breadcrumb\",\"itemListElement\":[{\"@type\":\"ListItem\",\"position\":1,\"name\":\"Home\",\"item\":\"https:\\\/\\\/www.laspa.ee\\\/et\\\/\"},{\"@type\":\"ListItem\",\"position\":2,\"name\":\"Shop\",\"item\":\"https:\\\/\\\/www.laspa.ee\\\/et\\\/hoolitsused\\\/\"},{\"@type\":\"ListItem\",\"position\":3,\"name\":\"Taaselustav ja siluv massaa\u017eirituaal jalgadele\"}]},{\"@type\":\"WebSite\",\"@id\":\"https:\\\/\\\/www.laspa.ee\\\/et\\\/#website\",\"url\":\"https:\\\/\\\/www.laspa.ee\\\/et\\\/\",\"name\":\"LaSpa Laulasmaa\",\"description\":\"Wellbeing by nature\",\"potentialAction\":[{\"@type\":\"SearchAction\",\"target\":{\"@type\":\"EntryPoint\",\"urlTemplate\":\"https:\\\/\\\/www.laspa.ee\\\/et\\\/?s={search_term_string}\"},\"query-input\":{\"@type\":\"PropertyValueSpecification\",\"valueRequired\":true,\"valueName\":\"search_term_string\"}}],\"inLanguage\":\"et\"}]}<\/script>\n<!-- \/ Yoast SEO plugin. -->","yoast_head_json":{"title":"Taaselustav ja siluv massaa\u017eirituaal jalgadele - LaSpa Laulasmaa","robots":{"index":"index","follow":"follow","max-snippet":"max-snippet:-1","max-image-preview":"max-image-preview:large","max-video-preview":"max-video-preview:-1"},"canonical":"https:\/\/www.laspa.ee\/et\/product\/taaselustav-massaazirituaal-jalgadele\/","og_locale":"et_EE","og_type":"article","og_title":"Taaselustav ja siluv massaa\u017eirituaal jalgadele - LaSpa Laulasmaa","og_description":"Hoolitsus annab puhkust teie v\u00e4sinud jalgadele. Toniseeriv ja energiat juhtiv massaa\u017e aitab parandada keha vereringet.   Pinguldava jalamassaa\u017ei j\u00e4rel on teie jalad v\u00e4rsked ja kerged.  Inspireeritud traditsioonilisest india meditsiinist ja ajurveda traditsioonidest.","og_url":"https:\/\/www.laspa.ee\/et\/product\/taaselustav-massaazirituaal-jalgadele\/","og_site_name":"LaSpa Laulasmaa","article_publisher":"https:\/\/www.facebook.com\/LaSpaLaulasmaa","article_modified_time":"2026-03-20T08:02:43+00:00","og_image":[{"width":1920,"height":1282,"url":"https:\/\/www.laspa.ee\/wp-content\/uploads\/2020\/12\/jalamassaaz_laulasmaa.jpg","type":"image\/jpeg"}],"twitter_card":"summary_large_image","twitter_misc":{"Est. reading time":"1 minut"},"schema":{"@context":"https:\/\/schema.org","@graph":[{"@type":"WebPage","@id":"https:\/\/www.laspa.ee\/et\/product\/taaselustav-massaazirituaal-jalgadele\/","url":"https:\/\/www.laspa.ee\/et\/product\/taaselustav-massaazirituaal-jalgadele\/","name":"Taaselustav ja siluv massaa\u017eirituaal jalgadele - LaSpa Laulasmaa","isPartOf":{"@id":"https:\/\/www.laspa.ee\/et\/#website"},"primaryImageOfPage":{"@id":"https:\/\/www.laspa.ee\/et\/product\/taaselustav-massaazirituaal-jalgadele\/#primaryimage"},"image":{"@id":"https:\/\/www.laspa.ee\/et\/product\/taaselustav-massaazirituaal-jalgadele\/#primaryimage"},"thumbnailUrl":"https:\/\/www.laspa.ee\/wp-content\/uploads\/2020\/12\/jalamassaaz_laulasmaa.jpg","datePublished":"2020-12-14T10:44:05+00:00","dateModified":"2026-03-20T08:02:43+00:00","breadcrumb":{"@id":"https:\/\/www.laspa.ee\/et\/product\/taaselustav-massaazirituaal-jalgadele\/#breadcrumb"},"inLanguage":"et","potentialAction":[{"@type":"ReadAction","target":["https:\/\/www.laspa.ee\/et\/product\/taaselustav-massaazirituaal-jalgadele\/"]}]},{"@type":"ImageObject","inLanguage":"et","@id":"https:\/\/www.laspa.ee\/et\/product\/taaselustav-massaazirituaal-jalgadele\/#primaryimage","url":"https:\/\/www.laspa.ee\/wp-content\/uploads\/2020\/12\/jalamassaaz_laulasmaa.jpg","contentUrl":"https:\/\/www.laspa.ee\/wp-content\/uploads\/2020\/12\/jalamassaaz_laulasmaa.jpg","width":1920,"height":1282,"caption":"jalamassaa\u017e Laspa Laulasmaal"},{"@type":"BreadcrumbList","@id":"https:\/\/www.laspa.ee\/et\/product\/taaselustav-massaazirituaal-jalgadele\/#breadcrumb","itemListElement":[{"@type":"ListItem","position":1,"name":"Home","item":"https:\/\/www.laspa.ee\/et\/"},{"@type":"ListItem","position":2,"name":"Shop","item":"https:\/\/www.laspa.ee\/et\/hoolitsused\/"},{"@type":"ListItem","position":3,"name":"Taaselustav ja siluv massaa\u017eirituaal jalgadele"}]},{"@type":"WebSite","@id":"https:\/\/www.laspa.ee\/et\/#website","url":"https:\/\/www.laspa.ee\/et\/","name":"LaSpa Laulasmaa","description":"Wellbeing by nature","potentialAction":[{"@type":"SearchAction","target":{"@type":"EntryPoint","urlTemplate":"https:\/\/www.laspa.ee\/et\/?s={search_term_string}"},"query-input":{"@type":"PropertyValueSpecification","valueRequired":true,"valueName":"search_term_string"}}],"inLanguage":"et"}]}},"_links":{"self":[{"href":"https:\/\/www.laspa.ee\/et\/wp-json\/wp\/v2\/product\/883","targetHints":{"allow":["GET"]}}],"collection":[{"href":"https:\/\/www.laspa.ee\/et\/wp-json\/wp\/v2\/product"}],"about":[{"href":"https:\/\/www.laspa.ee\/et\/wp-json\/wp\/v2\/types\/product"}],"wp:featuredmedia":[{"embeddable":true,"href":"https:\/\/www.laspa.ee\/et\/wp-json\/wp\/v2\/media\/2217"}],"wp:attachment":[{"href":"https:\/\/www.laspa.ee\/et\/wp-json\/wp\/v2\/media?parent=883"}],"wp:term":[{"taxonomy":"product_brand","embeddable":true,"href":"https:\/\/www.laspa.ee\/et\/wp-json\/wp\/v2\/product_brand?post=883"},{"taxonomy":"product_cat","embeddable":true,"href":"https:\/\/www.laspa.ee\/et\/wp-json\/wp\/v2\/product_cat?post=883"},{"taxonomy":"product_tag","embeddable":true,"href":"https:\/\/www.laspa.ee\/et\/wp-json\/wp\/v2\/product_tag?post=883"}],"curies":[{"name":"wp","href":"https:\/\/api.w.org\/{rel}","templated":true}]}}