{"id":885,"date":"2020-12-14T12:40:45","date_gmt":"2020-12-14T10:40:45","guid":{"rendered":"https:\/\/www.laspa.ee\/product\/tonifying-indian-ayurveda-ritual\/"},"modified":"2026-03-12T17:44:45","modified_gmt":"2026-03-12T15:44:45","slug":"energiat-andev-india-ajurveda-massaazirituaal","status":"publish","type":"product","link":"https:\/\/www.laspa.ee\/et\/product\/energiat-andev-india-ajurveda-massaazirituaal\/","title":{"rendered":"Toniseeriv India ajurveda massaa\u017eirituaal"},"content":{"rendered":"<h3>Naudi aastatuhandete pikkustest India traditsioonidest inspireeritud toniseerivat sooja \u00f5li massaa\u017ei ning vanilli ja kardemoni hurmavat aroomi.<\/h3>\n<ul>\n<li>Massaa\u017eiliigutused, mis aitab vabastada keha pingetest ja l\u00f5dvestada lihaseid.<\/li>\n<li>Toniseeriv India massaa\u017e on inspireeritud traditsioonilisest ajurvedast.<\/li>\n<\/ul>\n<p>Massaa\u017ei jooksul vahelduvad kiired massaa\u017eiliigutused soojendavate pikkade puudutustega, mis aitab vabastada keha pingetest ja l\u00f5dvestada lihaseid. Toniseeriv India massaa\u017e on inspireeritud traditsioonilisest ajurvedast, mis eesti keelde t\u00f5lgituna t\u00e4hendab &#8220;Elu teadus&#8221;. Ajurveda keskendub keha f\u00fc\u00fcsilise, vaimse ja hingelise tasakaalu otsimisele ja taastamisele, et tagada \u00fcle\u00fcldine tugev tervis ja pikk eluiga.<\/p>\n","protected":false},"excerpt":{"rendered":"<p>Naudi aastatuhandete pikkustest India traditsioonidest inspireeritud toniseerivat sooja \u00f5li massaa\u017ei ning vanilli ja kardemoni hurmavat aroomi.<\/p>\n<ul>\n<li>Massaa\u017eiliigutused, mis aitab vabastada keha pingetest ja l\u00f5dvestada lihaseid.<\/li>\n<li>Toniseeriv India massaa\u017e on inspireeritud traditsioonilisest ajurvedast.<\/li>\n<\/ul>\n","protected":false},"featured_media":1941,"template":"","meta":{"_acf_changed":false},"product_brand":[],"product_cat":[93,50],"product_tag":[],"class_list":{"0":"post-885","1":"product","2":"type-product","3":"status-publish","4":"has-post-thumbnail","6":"product_cat-koik","7":"product_cat-massaazirituaalid","9":"first","10":"instock","11":"shipping-taxable","12":"purchasable","13":"product-type-simple"},"acf":false,"yoast_head":"<!-- This site is optimized with the Yoast SEO plugin v27.4 - https:\/\/yoast.com\/product\/yoast-seo-wordpress\/ -->\n<title>Toniseeriv India ajurveda massaa\u017eirituaal - LaSpa Laulasmaa<\/title>\n<meta name=\"robots\" content=\"index, follow, max-snippet:-1, max-image-preview:large, max-video-preview:-1\" \/>\n<link rel=\"canonical\" href=\"https:\/\/www.laspa.ee\/et\/product\/energiat-andev-india-ajurveda-massaazirituaal\/\" \/>\n<meta property=\"og:locale\" content=\"et_EE\" \/>\n<meta property=\"og:type\" content=\"article\" \/>\n<meta property=\"og:title\" content=\"Toniseeriv India ajurveda massaa\u017eirituaal - LaSpa Laulasmaa\" \/>\n<meta property=\"og:description\" content=\"Naudi aastatuhandete pikkustest India traditsioonidest inspireeritud toniseerivat sooja \u00f5li massaa\u017ei ning vanilli ja kardemoni hurmavat aroomi.   Massaa\u017eiliigutused, mis aitab vabastada keha pingetest ja l\u00f5dvestada lihaseid.  Toniseeriv India massaa\u017e on inspireeritud traditsioonilisest ajurvedast.\" \/>\n<meta property=\"og:url\" content=\"https:\/\/www.laspa.ee\/et\/product\/energiat-andev-india-ajurveda-massaazirituaal\/\" \/>\n<meta property=\"og:site_name\" content=\"LaSpa Laulasmaa\" \/>\n<meta property=\"article:publisher\" content=\"https:\/\/www.facebook.com\/LaSpaLaulasmaa\" \/>\n<meta property=\"article:modified_time\" content=\"2026-03-12T15:44:45+00:00\" \/>\n<meta property=\"og:image\" content=\"https:\/\/www.laspa.ee\/wp-content\/uploads\/2021\/01\/relax_laspa.jpg\" \/>\n\t<meta property=\"og:image:width\" content=\"1920\" \/>\n\t<meta property=\"og:image:height\" content=\"1280\" \/>\n\t<meta property=\"og:image:type\" content=\"image\/jpeg\" \/>\n<meta name=\"twitter:card\" content=\"summary_large_image\" \/>\n<meta name=\"twitter:label1\" content=\"Est. reading time\" \/>\n\t<meta name=\"twitter:data1\" content=\"1 minut\" \/>\n<script type=\"application\/ld+json\" class=\"yoast-schema-graph\">{\"@context\":\"https:\\\/\\\/schema.org\",\"@graph\":[{\"@type\":\"WebPage\",\"@id\":\"https:\\\/\\\/www.laspa.ee\\\/et\\\/product\\\/energiat-andev-india-ajurveda-massaazirituaal\\\/\",\"url\":\"https:\\\/\\\/www.laspa.ee\\\/et\\\/product\\\/energiat-andev-india-ajurveda-massaazirituaal\\\/\",\"name\":\"Toniseeriv India ajurveda massaa\u017eirituaal - LaSpa Laulasmaa\",\"isPartOf\":{\"@id\":\"https:\\\/\\\/www.laspa.ee\\\/et\\\/#website\"},\"primaryImageOfPage\":{\"@id\":\"https:\\\/\\\/www.laspa.ee\\\/et\\\/product\\\/energiat-andev-india-ajurveda-massaazirituaal\\\/#primaryimage\"},\"image\":{\"@id\":\"https:\\\/\\\/www.laspa.ee\\\/et\\\/product\\\/energiat-andev-india-ajurveda-massaazirituaal\\\/#primaryimage\"},\"thumbnailUrl\":\"https:\\\/\\\/www.laspa.ee\\\/wp-content\\\/uploads\\\/2021\\\/01\\\/relax_laspa.jpg\",\"datePublished\":\"2020-12-14T10:40:45+00:00\",\"dateModified\":\"2026-03-12T15:44:45+00:00\",\"breadcrumb\":{\"@id\":\"https:\\\/\\\/www.laspa.ee\\\/et\\\/product\\\/energiat-andev-india-ajurveda-massaazirituaal\\\/#breadcrumb\"},\"inLanguage\":\"et\",\"potentialAction\":[{\"@type\":\"ReadAction\",\"target\":[\"https:\\\/\\\/www.laspa.ee\\\/et\\\/product\\\/energiat-andev-india-ajurveda-massaazirituaal\\\/\"]}]},{\"@type\":\"ImageObject\",\"inLanguage\":\"et\",\"@id\":\"https:\\\/\\\/www.laspa.ee\\\/et\\\/product\\\/energiat-andev-india-ajurveda-massaazirituaal\\\/#primaryimage\",\"url\":\"https:\\\/\\\/www.laspa.ee\\\/wp-content\\\/uploads\\\/2021\\\/01\\\/relax_laspa.jpg\",\"contentUrl\":\"https:\\\/\\\/www.laspa.ee\\\/wp-content\\\/uploads\\\/2021\\\/01\\\/relax_laspa.jpg\",\"width\":1920,\"height\":1280,\"caption\":\"Naudi Spa I Laulasmaa spa hotel\"},{\"@type\":\"BreadcrumbList\",\"@id\":\"https:\\\/\\\/www.laspa.ee\\\/et\\\/product\\\/energiat-andev-india-ajurveda-massaazirituaal\\\/#breadcrumb\",\"itemListElement\":[{\"@type\":\"ListItem\",\"position\":1,\"name\":\"Home\",\"item\":\"https:\\\/\\\/www.laspa.ee\\\/et\\\/\"},{\"@type\":\"ListItem\",\"position\":2,\"name\":\"Shop\",\"item\":\"https:\\\/\\\/www.laspa.ee\\\/et\\\/hoolitsused\\\/\"},{\"@type\":\"ListItem\",\"position\":3,\"name\":\"Toniseeriv India ajurveda massaa\u017eirituaal\"}]},{\"@type\":\"WebSite\",\"@id\":\"https:\\\/\\\/www.laspa.ee\\\/et\\\/#website\",\"url\":\"https:\\\/\\\/www.laspa.ee\\\/et\\\/\",\"name\":\"LaSpa Laulasmaa\",\"description\":\"Wellbeing by nature\",\"potentialAction\":[{\"@type\":\"SearchAction\",\"target\":{\"@type\":\"EntryPoint\",\"urlTemplate\":\"https:\\\/\\\/www.laspa.ee\\\/et\\\/?s={search_term_string}\"},\"query-input\":{\"@type\":\"PropertyValueSpecification\",\"valueRequired\":true,\"valueName\":\"search_term_string\"}}],\"inLanguage\":\"et\"}]}<\/script>\n<!-- \/ Yoast SEO plugin. -->","yoast_head_json":{"title":"Toniseeriv India ajurveda massaa\u017eirituaal - LaSpa Laulasmaa","robots":{"index":"index","follow":"follow","max-snippet":"max-snippet:-1","max-image-preview":"max-image-preview:large","max-video-preview":"max-video-preview:-1"},"canonical":"https:\/\/www.laspa.ee\/et\/product\/energiat-andev-india-ajurveda-massaazirituaal\/","og_locale":"et_EE","og_type":"article","og_title":"Toniseeriv India ajurveda massaa\u017eirituaal - LaSpa Laulasmaa","og_description":"Naudi aastatuhandete pikkustest India traditsioonidest inspireeritud toniseerivat sooja \u00f5li massaa\u017ei ning vanilli ja kardemoni hurmavat aroomi.   Massaa\u017eiliigutused, mis aitab vabastada keha pingetest ja l\u00f5dvestada lihaseid.  Toniseeriv India massaa\u017e on inspireeritud traditsioonilisest ajurvedast.","og_url":"https:\/\/www.laspa.ee\/et\/product\/energiat-andev-india-ajurveda-massaazirituaal\/","og_site_name":"LaSpa Laulasmaa","article_publisher":"https:\/\/www.facebook.com\/LaSpaLaulasmaa","article_modified_time":"2026-03-12T15:44:45+00:00","og_image":[{"width":1920,"height":1280,"url":"https:\/\/www.laspa.ee\/wp-content\/uploads\/2021\/01\/relax_laspa.jpg","type":"image\/jpeg"}],"twitter_card":"summary_large_image","twitter_misc":{"Est. reading time":"1 minut"},"schema":{"@context":"https:\/\/schema.org","@graph":[{"@type":"WebPage","@id":"https:\/\/www.laspa.ee\/et\/product\/energiat-andev-india-ajurveda-massaazirituaal\/","url":"https:\/\/www.laspa.ee\/et\/product\/energiat-andev-india-ajurveda-massaazirituaal\/","name":"Toniseeriv India ajurveda massaa\u017eirituaal - LaSpa Laulasmaa","isPartOf":{"@id":"https:\/\/www.laspa.ee\/et\/#website"},"primaryImageOfPage":{"@id":"https:\/\/www.laspa.ee\/et\/product\/energiat-andev-india-ajurveda-massaazirituaal\/#primaryimage"},"image":{"@id":"https:\/\/www.laspa.ee\/et\/product\/energiat-andev-india-ajurveda-massaazirituaal\/#primaryimage"},"thumbnailUrl":"https:\/\/www.laspa.ee\/wp-content\/uploads\/2021\/01\/relax_laspa.jpg","datePublished":"2020-12-14T10:40:45+00:00","dateModified":"2026-03-12T15:44:45+00:00","breadcrumb":{"@id":"https:\/\/www.laspa.ee\/et\/product\/energiat-andev-india-ajurveda-massaazirituaal\/#breadcrumb"},"inLanguage":"et","potentialAction":[{"@type":"ReadAction","target":["https:\/\/www.laspa.ee\/et\/product\/energiat-andev-india-ajurveda-massaazirituaal\/"]}]},{"@type":"ImageObject","inLanguage":"et","@id":"https:\/\/www.laspa.ee\/et\/product\/energiat-andev-india-ajurveda-massaazirituaal\/#primaryimage","url":"https:\/\/www.laspa.ee\/wp-content\/uploads\/2021\/01\/relax_laspa.jpg","contentUrl":"https:\/\/www.laspa.ee\/wp-content\/uploads\/2021\/01\/relax_laspa.jpg","width":1920,"height":1280,"caption":"Naudi Spa I Laulasmaa spa hotel"},{"@type":"BreadcrumbList","@id":"https:\/\/www.laspa.ee\/et\/product\/energiat-andev-india-ajurveda-massaazirituaal\/#breadcrumb","itemListElement":[{"@type":"ListItem","position":1,"name":"Home","item":"https:\/\/www.laspa.ee\/et\/"},{"@type":"ListItem","position":2,"name":"Shop","item":"https:\/\/www.laspa.ee\/et\/hoolitsused\/"},{"@type":"ListItem","position":3,"name":"Toniseeriv India ajurveda massaa\u017eirituaal"}]},{"@type":"WebSite","@id":"https:\/\/www.laspa.ee\/et\/#website","url":"https:\/\/www.laspa.ee\/et\/","name":"LaSpa Laulasmaa","description":"Wellbeing by nature","potentialAction":[{"@type":"SearchAction","target":{"@type":"EntryPoint","urlTemplate":"https:\/\/www.laspa.ee\/et\/?s={search_term_string}"},"query-input":{"@type":"PropertyValueSpecification","valueRequired":true,"valueName":"search_term_string"}}],"inLanguage":"et"}]}},"_links":{"self":[{"href":"https:\/\/www.laspa.ee\/et\/wp-json\/wp\/v2\/product\/885","targetHints":{"allow":["GET"]}}],"collection":[{"href":"https:\/\/www.laspa.ee\/et\/wp-json\/wp\/v2\/product"}],"about":[{"href":"https:\/\/www.laspa.ee\/et\/wp-json\/wp\/v2\/types\/product"}],"wp:featuredmedia":[{"embeddable":true,"href":"https:\/\/www.laspa.ee\/et\/wp-json\/wp\/v2\/media\/1941"}],"wp:attachment":[{"href":"https:\/\/www.laspa.ee\/et\/wp-json\/wp\/v2\/media?parent=885"}],"wp:term":[{"taxonomy":"product_brand","embeddable":true,"href":"https:\/\/www.laspa.ee\/et\/wp-json\/wp\/v2\/product_brand?post=885"},{"taxonomy":"product_cat","embeddable":true,"href":"https:\/\/www.laspa.ee\/et\/wp-json\/wp\/v2\/product_cat?post=885"},{"taxonomy":"product_tag","embeddable":true,"href":"https:\/\/www.laspa.ee\/et\/wp-json\/wp\/v2\/product_tag?post=885"}],"curies":[{"name":"wp","href":"https:\/\/api.w.org\/{rel}","templated":true}]}}