{"id":889,"date":"2020-12-14T11:40:06","date_gmt":"2020-12-14T09:40:06","guid":{"rendered":"https:\/\/www.laspa.ee\/product\/calming-bali-massage\/"},"modified":"2026-03-20T13:27:32","modified_gmt":"2026-03-20T11:27:32","slug":"loogastav-bali-saare-massaaz","status":"publish","type":"product","link":"https:\/\/www.laspa.ee\/et\/product\/loogastav-bali-saare-massaaz\/","title":{"rendered":"Bali saare massaa\u017eirituaal"},"content":{"rendered":"<h3>L\u00f5\u00f5gastav Bali massaa\u017e \u00fchendab endas \u00f5rnad venitused ja s\u00fcgava massaa\u017ei, nahka siluvad liigutused aitavad liigeseid l\u00f5dvestada ning stimuleerida keha energiapunkte.<\/h3>\n<ul>\n<li>L\u00f5\u00f5gastab t\u00e4ielikult nii keha kui ka vaimu<\/li>\n<li>Aitab taastada keha painduvuse ja liikuvuse<\/li>\n<\/ul>\n<p>Massaa\u017e l\u00f5\u00f5gastab t\u00e4ielikult nii keha kui ka vaimu. Selleks kasutatakse aeglaseid ja \u00f5rnu liigutusi ning keha venitamise tehnikaid. Eraldi v\u00f5tted on teie kuklapiirkonnas soojendatud r\u00e4tikuga, et leevendada pingeid \u00fclaseljas.<\/p>\n","protected":false},"excerpt":{"rendered":"<p>L\u00f5\u00f5gastav Bali massaa\u017e \u00fchendab endas \u00f5rnad venitused ja s\u00fcgava massaa\u017ei, nahka siluvad liigutused aitavad liigeseid l\u00f5dvestada ning stimuleerida keha energiapunkte.<\/p>\n<ul>\n<li>L\u00f5\u00f5gastab t\u00e4ielikult nii keha kui ka vaimu<\/li>\n<li>Aitab taastada keha painduvuse ja liikuvuse<\/li>\n<\/ul>\n","protected":false},"featured_media":1773,"template":"","meta":{"_acf_changed":false},"product_brand":[],"product_cat":[93,50],"product_tag":[],"class_list":{"0":"post-889","1":"product","2":"type-product","3":"status-publish","4":"has-post-thumbnail","6":"product_cat-koik","7":"product_cat-massaazirituaalid","9":"first","10":"instock","11":"shipping-taxable","12":"purchasable","13":"product-type-simple"},"acf":false,"yoast_head":"<!-- This site is optimized with the Yoast SEO plugin v27.4 - https:\/\/yoast.com\/product\/yoast-seo-wordpress\/ -->\n<title>Bali saare massaa\u017eirituaal - LaSpa Laulasmaa<\/title>\n<meta name=\"robots\" content=\"index, follow, max-snippet:-1, max-image-preview:large, max-video-preview:-1\" \/>\n<link rel=\"canonical\" href=\"https:\/\/www.laspa.ee\/et\/product\/loogastav-bali-saare-massaaz\/\" \/>\n<meta property=\"og:locale\" content=\"et_EE\" \/>\n<meta property=\"og:type\" content=\"article\" \/>\n<meta property=\"og:title\" content=\"Bali saare massaa\u017eirituaal - LaSpa Laulasmaa\" \/>\n<meta property=\"og:description\" content=\"L\u00f5\u00f5gastav Bali massaa\u017e \u00fchendab endas \u00f5rnad venitused ja s\u00fcgava massaa\u017ei, nahka siluvad liigutused aitavad liigeseid l\u00f5dvestada ning stimuleerida keha energiapunkte.   L\u00f5\u00f5gastab t\u00e4ielikult nii keha kui ka vaimu  Aitab taastada keha painduvuse ja liikuvuse\" \/>\n<meta property=\"og:url\" content=\"https:\/\/www.laspa.ee\/et\/product\/loogastav-bali-saare-massaaz\/\" \/>\n<meta property=\"og:site_name\" content=\"LaSpa Laulasmaa\" \/>\n<meta property=\"article:publisher\" content=\"https:\/\/www.facebook.com\/LaSpaLaulasmaa\" \/>\n<meta property=\"article:modified_time\" content=\"2026-03-20T11:27:32+00:00\" \/>\n<meta property=\"og:image\" content=\"https:\/\/www.laspa.ee\/wp-content\/uploads\/2020\/12\/CINQ-MONDES-Soin-du-visage-HD-1.jpg\" \/>\n\t<meta property=\"og:image:width\" content=\"1920\" \/>\n\t<meta property=\"og:image:height\" content=\"1441\" \/>\n\t<meta property=\"og:image:type\" content=\"image\/jpeg\" \/>\n<meta name=\"twitter:card\" content=\"summary_large_image\" \/>\n<meta name=\"twitter:label1\" content=\"Est. reading time\" \/>\n\t<meta name=\"twitter:data1\" content=\"1 minut\" \/>\n<script type=\"application\/ld+json\" class=\"yoast-schema-graph\">{\"@context\":\"https:\\\/\\\/schema.org\",\"@graph\":[{\"@type\":\"WebPage\",\"@id\":\"https:\\\/\\\/www.laspa.ee\\\/et\\\/product\\\/loogastav-bali-saare-massaaz\\\/\",\"url\":\"https:\\\/\\\/www.laspa.ee\\\/et\\\/product\\\/loogastav-bali-saare-massaaz\\\/\",\"name\":\"Bali saare massaa\u017eirituaal - LaSpa Laulasmaa\",\"isPartOf\":{\"@id\":\"https:\\\/\\\/www.laspa.ee\\\/et\\\/#website\"},\"primaryImageOfPage\":{\"@id\":\"https:\\\/\\\/www.laspa.ee\\\/et\\\/product\\\/loogastav-bali-saare-massaaz\\\/#primaryimage\"},\"image\":{\"@id\":\"https:\\\/\\\/www.laspa.ee\\\/et\\\/product\\\/loogastav-bali-saare-massaaz\\\/#primaryimage\"},\"thumbnailUrl\":\"https:\\\/\\\/www.laspa.ee\\\/wp-content\\\/uploads\\\/2020\\\/12\\\/CINQ-MONDES-Soin-du-visage-HD-1.jpg\",\"datePublished\":\"2020-12-14T09:40:06+00:00\",\"dateModified\":\"2026-03-20T11:27:32+00:00\",\"breadcrumb\":{\"@id\":\"https:\\\/\\\/www.laspa.ee\\\/et\\\/product\\\/loogastav-bali-saare-massaaz\\\/#breadcrumb\"},\"inLanguage\":\"et\",\"potentialAction\":[{\"@type\":\"ReadAction\",\"target\":[\"https:\\\/\\\/www.laspa.ee\\\/et\\\/product\\\/loogastav-bali-saare-massaaz\\\/\"]}]},{\"@type\":\"ImageObject\",\"inLanguage\":\"et\",\"@id\":\"https:\\\/\\\/www.laspa.ee\\\/et\\\/product\\\/loogastav-bali-saare-massaaz\\\/#primaryimage\",\"url\":\"https:\\\/\\\/www.laspa.ee\\\/wp-content\\\/uploads\\\/2020\\\/12\\\/CINQ-MONDES-Soin-du-visage-HD-1.jpg\",\"contentUrl\":\"https:\\\/\\\/www.laspa.ee\\\/wp-content\\\/uploads\\\/2020\\\/12\\\/CINQ-MONDES-Soin-du-visage-HD-1.jpg\",\"width\":1920,\"height\":1441,\"caption\":\"Naudi spa in Laulasmaa I LaSpa spa hotel\"},{\"@type\":\"BreadcrumbList\",\"@id\":\"https:\\\/\\\/www.laspa.ee\\\/et\\\/product\\\/loogastav-bali-saare-massaaz\\\/#breadcrumb\",\"itemListElement\":[{\"@type\":\"ListItem\",\"position\":1,\"name\":\"Home\",\"item\":\"https:\\\/\\\/www.laspa.ee\\\/et\\\/\"},{\"@type\":\"ListItem\",\"position\":2,\"name\":\"Shop\",\"item\":\"https:\\\/\\\/www.laspa.ee\\\/et\\\/hoolitsused\\\/\"},{\"@type\":\"ListItem\",\"position\":3,\"name\":\"Bali saare massaa\u017eirituaal\"}]},{\"@type\":\"WebSite\",\"@id\":\"https:\\\/\\\/www.laspa.ee\\\/et\\\/#website\",\"url\":\"https:\\\/\\\/www.laspa.ee\\\/et\\\/\",\"name\":\"LaSpa Laulasmaa\",\"description\":\"Wellbeing by nature\",\"potentialAction\":[{\"@type\":\"SearchAction\",\"target\":{\"@type\":\"EntryPoint\",\"urlTemplate\":\"https:\\\/\\\/www.laspa.ee\\\/et\\\/?s={search_term_string}\"},\"query-input\":{\"@type\":\"PropertyValueSpecification\",\"valueRequired\":true,\"valueName\":\"search_term_string\"}}],\"inLanguage\":\"et\"}]}<\/script>\n<!-- \/ Yoast SEO plugin. -->","yoast_head_json":{"title":"Bali saare massaa\u017eirituaal - LaSpa Laulasmaa","robots":{"index":"index","follow":"follow","max-snippet":"max-snippet:-1","max-image-preview":"max-image-preview:large","max-video-preview":"max-video-preview:-1"},"canonical":"https:\/\/www.laspa.ee\/et\/product\/loogastav-bali-saare-massaaz\/","og_locale":"et_EE","og_type":"article","og_title":"Bali saare massaa\u017eirituaal - LaSpa Laulasmaa","og_description":"L\u00f5\u00f5gastav Bali massaa\u017e \u00fchendab endas \u00f5rnad venitused ja s\u00fcgava massaa\u017ei, nahka siluvad liigutused aitavad liigeseid l\u00f5dvestada ning stimuleerida keha energiapunkte.   L\u00f5\u00f5gastab t\u00e4ielikult nii keha kui ka vaimu  Aitab taastada keha painduvuse ja liikuvuse","og_url":"https:\/\/www.laspa.ee\/et\/product\/loogastav-bali-saare-massaaz\/","og_site_name":"LaSpa Laulasmaa","article_publisher":"https:\/\/www.facebook.com\/LaSpaLaulasmaa","article_modified_time":"2026-03-20T11:27:32+00:00","og_image":[{"width":1920,"height":1441,"url":"https:\/\/www.laspa.ee\/wp-content\/uploads\/2020\/12\/CINQ-MONDES-Soin-du-visage-HD-1.jpg","type":"image\/jpeg"}],"twitter_card":"summary_large_image","twitter_misc":{"Est. reading time":"1 minut"},"schema":{"@context":"https:\/\/schema.org","@graph":[{"@type":"WebPage","@id":"https:\/\/www.laspa.ee\/et\/product\/loogastav-bali-saare-massaaz\/","url":"https:\/\/www.laspa.ee\/et\/product\/loogastav-bali-saare-massaaz\/","name":"Bali saare massaa\u017eirituaal - LaSpa Laulasmaa","isPartOf":{"@id":"https:\/\/www.laspa.ee\/et\/#website"},"primaryImageOfPage":{"@id":"https:\/\/www.laspa.ee\/et\/product\/loogastav-bali-saare-massaaz\/#primaryimage"},"image":{"@id":"https:\/\/www.laspa.ee\/et\/product\/loogastav-bali-saare-massaaz\/#primaryimage"},"thumbnailUrl":"https:\/\/www.laspa.ee\/wp-content\/uploads\/2020\/12\/CINQ-MONDES-Soin-du-visage-HD-1.jpg","datePublished":"2020-12-14T09:40:06+00:00","dateModified":"2026-03-20T11:27:32+00:00","breadcrumb":{"@id":"https:\/\/www.laspa.ee\/et\/product\/loogastav-bali-saare-massaaz\/#breadcrumb"},"inLanguage":"et","potentialAction":[{"@type":"ReadAction","target":["https:\/\/www.laspa.ee\/et\/product\/loogastav-bali-saare-massaaz\/"]}]},{"@type":"ImageObject","inLanguage":"et","@id":"https:\/\/www.laspa.ee\/et\/product\/loogastav-bali-saare-massaaz\/#primaryimage","url":"https:\/\/www.laspa.ee\/wp-content\/uploads\/2020\/12\/CINQ-MONDES-Soin-du-visage-HD-1.jpg","contentUrl":"https:\/\/www.laspa.ee\/wp-content\/uploads\/2020\/12\/CINQ-MONDES-Soin-du-visage-HD-1.jpg","width":1920,"height":1441,"caption":"Naudi spa in Laulasmaa I LaSpa spa hotel"},{"@type":"BreadcrumbList","@id":"https:\/\/www.laspa.ee\/et\/product\/loogastav-bali-saare-massaaz\/#breadcrumb","itemListElement":[{"@type":"ListItem","position":1,"name":"Home","item":"https:\/\/www.laspa.ee\/et\/"},{"@type":"ListItem","position":2,"name":"Shop","item":"https:\/\/www.laspa.ee\/et\/hoolitsused\/"},{"@type":"ListItem","position":3,"name":"Bali saare massaa\u017eirituaal"}]},{"@type":"WebSite","@id":"https:\/\/www.laspa.ee\/et\/#website","url":"https:\/\/www.laspa.ee\/et\/","name":"LaSpa Laulasmaa","description":"Wellbeing by nature","potentialAction":[{"@type":"SearchAction","target":{"@type":"EntryPoint","urlTemplate":"https:\/\/www.laspa.ee\/et\/?s={search_term_string}"},"query-input":{"@type":"PropertyValueSpecification","valueRequired":true,"valueName":"search_term_string"}}],"inLanguage":"et"}]}},"_links":{"self":[{"href":"https:\/\/www.laspa.ee\/et\/wp-json\/wp\/v2\/product\/889","targetHints":{"allow":["GET"]}}],"collection":[{"href":"https:\/\/www.laspa.ee\/et\/wp-json\/wp\/v2\/product"}],"about":[{"href":"https:\/\/www.laspa.ee\/et\/wp-json\/wp\/v2\/types\/product"}],"wp:featuredmedia":[{"embeddable":true,"href":"https:\/\/www.laspa.ee\/et\/wp-json\/wp\/v2\/media\/1773"}],"wp:attachment":[{"href":"https:\/\/www.laspa.ee\/et\/wp-json\/wp\/v2\/media?parent=889"}],"wp:term":[{"taxonomy":"product_brand","embeddable":true,"href":"https:\/\/www.laspa.ee\/et\/wp-json\/wp\/v2\/product_brand?post=889"},{"taxonomy":"product_cat","embeddable":true,"href":"https:\/\/www.laspa.ee\/et\/wp-json\/wp\/v2\/product_cat?post=889"},{"taxonomy":"product_tag","embeddable":true,"href":"https:\/\/www.laspa.ee\/et\/wp-json\/wp\/v2\/product_tag?post=889"}],"curies":[{"name":"wp","href":"https:\/\/api.w.org\/{rel}","templated":true}]}}