{"id":895,"date":"2020-12-14T11:13:12","date_gmt":"2020-12-14T09:13:12","guid":{"rendered":"https:\/\/www.laspa.ee\/product\/purifying-detox-wrap\/"},"modified":"2026-03-17T13:38:49","modified_gmt":"2026-03-17T11:38:49","slug":"puhastav-ja-toksiine-valjutav-kehamahis","status":"publish","type":"product","link":"https:\/\/www.laspa.ee\/et\/product\/puhastav-ja-toksiine-valjutav-kehamahis\/","title":{"rendered":"Puhastav ja toksiine v\u00e4ljutav kehahoolitsus"},"content":{"rendered":"<h3>Marokost p\u00e4rit iidne ilurituaal, mis eemaldab organismist j\u00e4\u00e4kaineid ja j\u00e4tab naha siidiselt pehmeks.<\/h3>\n<ul>\n<li>V\u00fcrtsidega koorimise segu soojendab lihased ja muudab naha pehmeks.<\/li>\n<li>Kreemjas rhassoul savi ahendab naha poore ja \u00fchtlustab jumet.<\/li>\n<li>Keha hoolitsuse l\u00f5petab l\u00f5\u00f5gastav P\u00f5hja-Aafrika massaa\u017e.<\/li>\n<\/ul>\n<p>Marokost p\u00e4rit iidne ilurituaal, mille keskmeks on loodusliku rhassoul saviga kehahoolitsus, mis eemaldab organismist j\u00e4\u00e4kaineid ja j\u00e4tab naha siidiselt pehmeks. Kreemjas rhassoul savi ahendab nahapoore ja \u00fchtlustab jumet, eemaldab \u00fcleliigse rasu ja mustuse. Peale savimaski eemaldamist on teie keha toonuses, \u00f5rnalt aromatiseeritud, nahk on pehme ja poleeritud.<\/p>\n","protected":false},"excerpt":{"rendered":"<p>Marokost p\u00e4rit iidne ilurituaal, mis eemaldab organismist j\u00e4\u00e4kaineid ja j\u00e4tab naha siidiselt pehmeks.<\/p>\n<ul>\n<li>V\u00fcrtsidega koorimise segu soojendab lihased ja muudab naha pehmeks.<\/li>\n<li>Kreemjas rhassoul savi ahendab naha poore ja \u00fchtlustab jumet.<\/li>\n<li>Keha hoolitsuse l\u00f5petab l\u00f5\u00f5gastav P\u00f5hja-Aafrika massaa\u017e.<\/li>\n<\/ul>\n","protected":false},"featured_media":707,"template":"","meta":{"_acf_changed":false},"product_brand":[],"product_cat":[93,49],"product_tag":[],"class_list":{"0":"post-895","1":"product","2":"type-product","3":"status-publish","4":"has-post-thumbnail","6":"product_cat-koik","7":"product_cat-salendavad-kehahoolitsused","9":"first","10":"instock","11":"shipping-taxable","12":"purchasable","13":"product-type-simple"},"acf":false,"yoast_head":"<!-- This site is optimized with the Yoast SEO plugin v27.2 - https:\/\/yoast.com\/product\/yoast-seo-wordpress\/ -->\n<title>Puhastav ja toksiine v\u00e4ljutav kehahoolitsus - LaSpa Laulasmaa<\/title>\n<meta name=\"robots\" content=\"index, follow, max-snippet:-1, max-image-preview:large, max-video-preview:-1\" \/>\n<link rel=\"canonical\" href=\"https:\/\/www.laspa.ee\/et\/product\/puhastav-ja-toksiine-valjutav-kehamahis\/\" \/>\n<meta property=\"og:locale\" content=\"et_EE\" \/>\n<meta property=\"og:type\" content=\"article\" \/>\n<meta property=\"og:title\" content=\"Puhastav ja toksiine v\u00e4ljutav kehahoolitsus - LaSpa Laulasmaa\" \/>\n<meta property=\"og:description\" content=\"Marokost p\u00e4rit iidne ilurituaal, mis eemaldab organismist j\u00e4\u00e4kaineid ja j\u00e4tab naha siidiselt pehmeks.   V\u00fcrtsidega koorimise segu soojendab lihased ja muudab naha pehmeks.  Kreemjas rhassoul savi ahendab naha poore ja \u00fchtlustab jumet.  Keha hoolitsuse l\u00f5petab l\u00f5\u00f5gastav P\u00f5hja-Aafrika massaa\u017e.\" \/>\n<meta property=\"og:url\" content=\"https:\/\/www.laspa.ee\/et\/product\/puhastav-ja-toksiine-valjutav-kehamahis\/\" \/>\n<meta property=\"og:site_name\" content=\"LaSpa Laulasmaa\" \/>\n<meta property=\"article:publisher\" content=\"https:\/\/www.facebook.com\/LaSpaLaulasmaa\" \/>\n<meta property=\"article:modified_time\" content=\"2026-03-17T11:38:49+00:00\" \/>\n<meta property=\"og:image\" content=\"https:\/\/www.laspa.ee\/wp-content\/uploads\/2020\/12\/salendavad-hooldused.jpg\" \/>\n\t<meta property=\"og:image:width\" content=\"1382\" \/>\n\t<meta property=\"og:image:height\" content=\"2072\" \/>\n\t<meta property=\"og:image:type\" content=\"image\/jpeg\" \/>\n<meta name=\"twitter:card\" content=\"summary_large_image\" \/>\n<meta name=\"twitter:label1\" content=\"Est. reading time\" \/>\n\t<meta name=\"twitter:data1\" content=\"1 minut\" \/>\n<script type=\"application\/ld+json\" class=\"yoast-schema-graph\">{\"@context\":\"https:\/\/schema.org\",\"@graph\":[{\"@type\":\"WebPage\",\"@id\":\"https:\/\/www.laspa.ee\/et\/product\/puhastav-ja-toksiine-valjutav-kehamahis\/\",\"url\":\"https:\/\/www.laspa.ee\/et\/product\/puhastav-ja-toksiine-valjutav-kehamahis\/\",\"name\":\"Puhastav ja toksiine v\u00e4ljutav kehahoolitsus - LaSpa Laulasmaa\",\"isPartOf\":{\"@id\":\"https:\/\/www.laspa.ee\/et\/#website\"},\"primaryImageOfPage\":{\"@id\":\"https:\/\/www.laspa.ee\/et\/product\/puhastav-ja-toksiine-valjutav-kehamahis\/#primaryimage\"},\"image\":{\"@id\":\"https:\/\/www.laspa.ee\/et\/product\/puhastav-ja-toksiine-valjutav-kehamahis\/#primaryimage\"},\"thumbnailUrl\":\"https:\/\/www.laspa.ee\/wp-content\/uploads\/2020\/12\/salendavad-hooldused.jpg\",\"datePublished\":\"2020-12-14T09:13:12+00:00\",\"dateModified\":\"2026-03-17T11:38:49+00:00\",\"breadcrumb\":{\"@id\":\"https:\/\/www.laspa.ee\/et\/product\/puhastav-ja-toksiine-valjutav-kehamahis\/#breadcrumb\"},\"inLanguage\":\"et\",\"potentialAction\":[{\"@type\":\"ReadAction\",\"target\":[\"https:\/\/www.laspa.ee\/et\/product\/puhastav-ja-toksiine-valjutav-kehamahis\/\"]}]},{\"@type\":\"ImageObject\",\"inLanguage\":\"et\",\"@id\":\"https:\/\/www.laspa.ee\/et\/product\/puhastav-ja-toksiine-valjutav-kehamahis\/#primaryimage\",\"url\":\"https:\/\/www.laspa.ee\/wp-content\/uploads\/2020\/12\/salendavad-hooldused.jpg\",\"contentUrl\":\"https:\/\/www.laspa.ee\/wp-content\/uploads\/2020\/12\/salendavad-hooldused.jpg\",\"width\":1382,\"height\":2072,\"caption\":\"Slimming body treatments in Laulasmaa Naudi Spa\"},{\"@type\":\"BreadcrumbList\",\"@id\":\"https:\/\/www.laspa.ee\/et\/product\/puhastav-ja-toksiine-valjutav-kehamahis\/#breadcrumb\",\"itemListElement\":[{\"@type\":\"ListItem\",\"position\":1,\"name\":\"Home\",\"item\":\"https:\/\/www.laspa.ee\/et\/\"},{\"@type\":\"ListItem\",\"position\":2,\"name\":\"Shop\",\"item\":\"https:\/\/www.laspa.ee\/et\/hoolitsused\/\"},{\"@type\":\"ListItem\",\"position\":3,\"name\":\"Puhastav ja toksiine v\u00e4ljutav kehahoolitsus\"}]},{\"@type\":\"WebSite\",\"@id\":\"https:\/\/www.laspa.ee\/et\/#website\",\"url\":\"https:\/\/www.laspa.ee\/et\/\",\"name\":\"LaSpa Laulasmaa\",\"description\":\"Wellbeing by nature\",\"potentialAction\":[{\"@type\":\"SearchAction\",\"target\":{\"@type\":\"EntryPoint\",\"urlTemplate\":\"https:\/\/www.laspa.ee\/et\/?s={search_term_string}\"},\"query-input\":{\"@type\":\"PropertyValueSpecification\",\"valueRequired\":true,\"valueName\":\"search_term_string\"}}],\"inLanguage\":\"et\"}]}<\/script>\n<!-- \/ Yoast SEO plugin. -->","yoast_head_json":{"title":"Puhastav ja toksiine v\u00e4ljutav kehahoolitsus - LaSpa Laulasmaa","robots":{"index":"index","follow":"follow","max-snippet":"max-snippet:-1","max-image-preview":"max-image-preview:large","max-video-preview":"max-video-preview:-1"},"canonical":"https:\/\/www.laspa.ee\/et\/product\/puhastav-ja-toksiine-valjutav-kehamahis\/","og_locale":"et_EE","og_type":"article","og_title":"Puhastav ja toksiine v\u00e4ljutav kehahoolitsus - LaSpa Laulasmaa","og_description":"Marokost p\u00e4rit iidne ilurituaal, mis eemaldab organismist j\u00e4\u00e4kaineid ja j\u00e4tab naha siidiselt pehmeks.   V\u00fcrtsidega koorimise segu soojendab lihased ja muudab naha pehmeks.  Kreemjas rhassoul savi ahendab naha poore ja \u00fchtlustab jumet.  Keha hoolitsuse l\u00f5petab l\u00f5\u00f5gastav P\u00f5hja-Aafrika massaa\u017e.","og_url":"https:\/\/www.laspa.ee\/et\/product\/puhastav-ja-toksiine-valjutav-kehamahis\/","og_site_name":"LaSpa Laulasmaa","article_publisher":"https:\/\/www.facebook.com\/LaSpaLaulasmaa","article_modified_time":"2026-03-17T11:38:49+00:00","og_image":[{"width":1382,"height":2072,"url":"https:\/\/www.laspa.ee\/wp-content\/uploads\/2020\/12\/salendavad-hooldused.jpg","type":"image\/jpeg"}],"twitter_card":"summary_large_image","twitter_misc":{"Est. reading time":"1 minut"},"schema":{"@context":"https:\/\/schema.org","@graph":[{"@type":"WebPage","@id":"https:\/\/www.laspa.ee\/et\/product\/puhastav-ja-toksiine-valjutav-kehamahis\/","url":"https:\/\/www.laspa.ee\/et\/product\/puhastav-ja-toksiine-valjutav-kehamahis\/","name":"Puhastav ja toksiine v\u00e4ljutav kehahoolitsus - LaSpa Laulasmaa","isPartOf":{"@id":"https:\/\/www.laspa.ee\/et\/#website"},"primaryImageOfPage":{"@id":"https:\/\/www.laspa.ee\/et\/product\/puhastav-ja-toksiine-valjutav-kehamahis\/#primaryimage"},"image":{"@id":"https:\/\/www.laspa.ee\/et\/product\/puhastav-ja-toksiine-valjutav-kehamahis\/#primaryimage"},"thumbnailUrl":"https:\/\/www.laspa.ee\/wp-content\/uploads\/2020\/12\/salendavad-hooldused.jpg","datePublished":"2020-12-14T09:13:12+00:00","dateModified":"2026-03-17T11:38:49+00:00","breadcrumb":{"@id":"https:\/\/www.laspa.ee\/et\/product\/puhastav-ja-toksiine-valjutav-kehamahis\/#breadcrumb"},"inLanguage":"et","potentialAction":[{"@type":"ReadAction","target":["https:\/\/www.laspa.ee\/et\/product\/puhastav-ja-toksiine-valjutav-kehamahis\/"]}]},{"@type":"ImageObject","inLanguage":"et","@id":"https:\/\/www.laspa.ee\/et\/product\/puhastav-ja-toksiine-valjutav-kehamahis\/#primaryimage","url":"https:\/\/www.laspa.ee\/wp-content\/uploads\/2020\/12\/salendavad-hooldused.jpg","contentUrl":"https:\/\/www.laspa.ee\/wp-content\/uploads\/2020\/12\/salendavad-hooldused.jpg","width":1382,"height":2072,"caption":"Slimming body treatments in Laulasmaa Naudi Spa"},{"@type":"BreadcrumbList","@id":"https:\/\/www.laspa.ee\/et\/product\/puhastav-ja-toksiine-valjutav-kehamahis\/#breadcrumb","itemListElement":[{"@type":"ListItem","position":1,"name":"Home","item":"https:\/\/www.laspa.ee\/et\/"},{"@type":"ListItem","position":2,"name":"Shop","item":"https:\/\/www.laspa.ee\/et\/hoolitsused\/"},{"@type":"ListItem","position":3,"name":"Puhastav ja toksiine v\u00e4ljutav kehahoolitsus"}]},{"@type":"WebSite","@id":"https:\/\/www.laspa.ee\/et\/#website","url":"https:\/\/www.laspa.ee\/et\/","name":"LaSpa Laulasmaa","description":"Wellbeing by nature","potentialAction":[{"@type":"SearchAction","target":{"@type":"EntryPoint","urlTemplate":"https:\/\/www.laspa.ee\/et\/?s={search_term_string}"},"query-input":{"@type":"PropertyValueSpecification","valueRequired":true,"valueName":"search_term_string"}}],"inLanguage":"et"}]}},"_links":{"self":[{"href":"https:\/\/www.laspa.ee\/et\/wp-json\/wp\/v2\/product\/895","targetHints":{"allow":["GET"]}}],"collection":[{"href":"https:\/\/www.laspa.ee\/et\/wp-json\/wp\/v2\/product"}],"about":[{"href":"https:\/\/www.laspa.ee\/et\/wp-json\/wp\/v2\/types\/product"}],"wp:featuredmedia":[{"embeddable":true,"href":"https:\/\/www.laspa.ee\/et\/wp-json\/wp\/v2\/media\/707"}],"wp:attachment":[{"href":"https:\/\/www.laspa.ee\/et\/wp-json\/wp\/v2\/media?parent=895"}],"wp:term":[{"taxonomy":"product_brand","embeddable":true,"href":"https:\/\/www.laspa.ee\/et\/wp-json\/wp\/v2\/product_brand?post=895"},{"taxonomy":"product_cat","embeddable":true,"href":"https:\/\/www.laspa.ee\/et\/wp-json\/wp\/v2\/product_cat?post=895"},{"taxonomy":"product_tag","embeddable":true,"href":"https:\/\/www.laspa.ee\/et\/wp-json\/wp\/v2\/product_tag?post=895"}],"curies":[{"name":"wp","href":"https:\/\/api.w.org\/{rel}","templated":true}]}}