{"id":898,"date":"2020-12-10T14:10:00","date_gmt":"2020-12-10T12:10:00","guid":{"rendered":"https:\/\/www.laspa.ee\/product\/scrub-with-oils-and-flower-water\/"},"modified":"2026-03-15T23:04:44","modified_gmt":"2026-03-15T21:04:44","slug":"kehakoorimine-oli-ja-lillede-leotisega","status":"publish","type":"product","link":"https:\/\/www.laspa.ee\/et\/product\/kehakoorimine-oli-ja-lillede-leotisega\/","title":{"rendered":"Kehakoorimine \u00f5li ja lillede leotisega"},"content":{"rendered":"<h3>Pol\u00fcneesia saartelt inspireeritud kehakoorija poleerib nahka ning \u00fchtlustab naha tekstuuri muutes selle s\u00e4ravaks.<\/h3>\n<ul>\n<li>Kasutatakse s\u00f5rmenukke, k\u00fc\u00fcnarvart, rusikas k\u00e4sitehnikat ja ookeani laineid inspireerivaid v\u00f5tteid.<\/li>\n<li>Kehakoorimine sobib ideaalselt enne l\u00f5\u00f5gastavat Prantsuse Pol\u00fcneesia massaa\u017ei.<\/li>\n<\/ul>\n<p>Pol\u00fcneesia saartelt inspireeritud kehakoorija sisaldab Tiare` lillede leotist, suhkru ja kookose koore segu, mis taastab nahka ja ergutab vaimu. Koorimise segu sobib ka k\u00f5ige tundlikumale nahale. See kehakoorija on inspireeritud Pol\u00fcneesia saarte ravitsejate farmakop\u00f6ast. Hoolitsuses kasutatakse Monoi Tahiti ja Noni viljade koorimise segu koos erinevate massaa\u017eitehnikatega, milles kasutatakse s\u00f5rmenukke, k\u00fc\u00fcnarvart, rusikas k\u00e4sitehnikat ja ookeani laineid inspireerivaid v\u00f5tteid. Naha tekstuuri \u00fchtlustamiseks ja viimistlemiseks poleeritakse nahka, muudetakse see s\u00e4ravaks ja hoolitsus toob esile ka kauni p\u00e4evituse. Kehakoorimine sobib ideaalselt enne l\u00f5\u00f5gastavat Prantsuse Pol\u00fcneesia massaa\u017ei, mille tulemusel paraneb 30% toimeainete nahka imendumine.<\/p>\n","protected":false},"excerpt":{"rendered":"<p>Pol\u00fcneesia saartelt inspireeritud kehakoorija poleerib nahka ning \u00fchtlustab naha tekstuuri muutes selle s\u00e4ravaks.<\/p>\n<ul>\n<li>Kasutatakse s\u00f5rmenukke, k\u00fc\u00fcnarvart, rusikas k\u00e4sitehnikat ja ookeani laineid inspireerivaid v\u00f5tteid.<\/li>\n<li>Kehakoorimine sobib ideaalselt enne l\u00f5\u00f5gastavat Prantsuse Pol\u00fcneesia massaa\u017ei.<\/li>\n<\/ul>\n","protected":false},"featured_media":2219,"template":"","meta":{"_acf_changed":false},"product_brand":[],"product_cat":[93,48],"product_tag":[],"class_list":{"0":"post-898","1":"product","2":"type-product","3":"status-publish","4":"has-post-thumbnail","6":"product_cat-koik","7":"product_cat-kehakoorimised-ja-mahised","9":"first","10":"instock","11":"shipping-taxable","12":"purchasable","13":"product-type-simple"},"acf":false,"yoast_head":"<!-- This site is optimized with the Yoast SEO plugin v27.4 - https:\/\/yoast.com\/product\/yoast-seo-wordpress\/ -->\n<title>Kehakoorimine \u00f5li ja lillede leotisega - LaSpa Laulasmaa<\/title>\n<meta name=\"robots\" content=\"index, follow, max-snippet:-1, max-image-preview:large, max-video-preview:-1\" \/>\n<link rel=\"canonical\" href=\"https:\/\/www.laspa.ee\/et\/product\/kehakoorimine-oli-ja-lillede-leotisega\/\" \/>\n<meta property=\"og:locale\" content=\"et_EE\" \/>\n<meta property=\"og:type\" content=\"article\" \/>\n<meta property=\"og:title\" content=\"Kehakoorimine \u00f5li ja lillede leotisega - LaSpa Laulasmaa\" \/>\n<meta property=\"og:description\" content=\"Pol\u00fcneesia saartelt inspireeritud kehakoorija poleerib nahka ning \u00fchtlustab naha tekstuuri muutes selle s\u00e4ravaks.   Kasutatakse s\u00f5rmenukke, k\u00fc\u00fcnarvart, rusikas k\u00e4sitehnikat ja ookeani laineid inspireerivaid v\u00f5tteid.  Kehakoorimine sobib ideaalselt enne l\u00f5\u00f5gastavat Prantsuse Pol\u00fcneesia massaa\u017ei.\" \/>\n<meta property=\"og:url\" content=\"https:\/\/www.laspa.ee\/et\/product\/kehakoorimine-oli-ja-lillede-leotisega\/\" \/>\n<meta property=\"og:site_name\" content=\"LaSpa Laulasmaa\" \/>\n<meta property=\"article:publisher\" content=\"https:\/\/www.facebook.com\/LaSpaLaulasmaa\" \/>\n<meta property=\"article:modified_time\" content=\"2026-03-15T21:04:44+00:00\" \/>\n<meta property=\"og:image\" content=\"https:\/\/www.laspa.ee\/wp-content\/uploads\/2020\/12\/scrub_laspa.jpg\" \/>\n\t<meta property=\"og:image:width\" content=\"1920\" \/>\n\t<meta property=\"og:image:height\" content=\"1280\" \/>\n\t<meta property=\"og:image:type\" content=\"image\/jpeg\" \/>\n<meta name=\"twitter:card\" content=\"summary_large_image\" \/>\n<meta name=\"twitter:label1\" content=\"Est. reading time\" \/>\n\t<meta name=\"twitter:data1\" content=\"1 minut\" \/>\n<script type=\"application\/ld+json\" class=\"yoast-schema-graph\">{\"@context\":\"https:\\\/\\\/schema.org\",\"@graph\":[{\"@type\":\"WebPage\",\"@id\":\"https:\\\/\\\/www.laspa.ee\\\/et\\\/product\\\/kehakoorimine-oli-ja-lillede-leotisega\\\/\",\"url\":\"https:\\\/\\\/www.laspa.ee\\\/et\\\/product\\\/kehakoorimine-oli-ja-lillede-leotisega\\\/\",\"name\":\"Kehakoorimine \u00f5li ja lillede leotisega - LaSpa Laulasmaa\",\"isPartOf\":{\"@id\":\"https:\\\/\\\/www.laspa.ee\\\/et\\\/#website\"},\"primaryImageOfPage\":{\"@id\":\"https:\\\/\\\/www.laspa.ee\\\/et\\\/product\\\/kehakoorimine-oli-ja-lillede-leotisega\\\/#primaryimage\"},\"image\":{\"@id\":\"https:\\\/\\\/www.laspa.ee\\\/et\\\/product\\\/kehakoorimine-oli-ja-lillede-leotisega\\\/#primaryimage\"},\"thumbnailUrl\":\"https:\\\/\\\/www.laspa.ee\\\/wp-content\\\/uploads\\\/2020\\\/12\\\/scrub_laspa.jpg\",\"datePublished\":\"2020-12-10T12:10:00+00:00\",\"dateModified\":\"2026-03-15T21:04:44+00:00\",\"breadcrumb\":{\"@id\":\"https:\\\/\\\/www.laspa.ee\\\/et\\\/product\\\/kehakoorimine-oli-ja-lillede-leotisega\\\/#breadcrumb\"},\"inLanguage\":\"et\",\"potentialAction\":[{\"@type\":\"ReadAction\",\"target\":[\"https:\\\/\\\/www.laspa.ee\\\/et\\\/product\\\/kehakoorimine-oli-ja-lillede-leotisega\\\/\"]}]},{\"@type\":\"ImageObject\",\"inLanguage\":\"et\",\"@id\":\"https:\\\/\\\/www.laspa.ee\\\/et\\\/product\\\/kehakoorimine-oli-ja-lillede-leotisega\\\/#primaryimage\",\"url\":\"https:\\\/\\\/www.laspa.ee\\\/wp-content\\\/uploads\\\/2020\\\/12\\\/scrub_laspa.jpg\",\"contentUrl\":\"https:\\\/\\\/www.laspa.ee\\\/wp-content\\\/uploads\\\/2020\\\/12\\\/scrub_laspa.jpg\",\"width\":1920,\"height\":1280,\"caption\":\"Kehakoorimine Naudi spaas\"},{\"@type\":\"BreadcrumbList\",\"@id\":\"https:\\\/\\\/www.laspa.ee\\\/et\\\/product\\\/kehakoorimine-oli-ja-lillede-leotisega\\\/#breadcrumb\",\"itemListElement\":[{\"@type\":\"ListItem\",\"position\":1,\"name\":\"Home\",\"item\":\"https:\\\/\\\/www.laspa.ee\\\/et\\\/\"},{\"@type\":\"ListItem\",\"position\":2,\"name\":\"Shop\",\"item\":\"https:\\\/\\\/www.laspa.ee\\\/et\\\/hoolitsused\\\/\"},{\"@type\":\"ListItem\",\"position\":3,\"name\":\"Kehakoorimine \u00f5li ja lillede leotisega\"}]},{\"@type\":\"WebSite\",\"@id\":\"https:\\\/\\\/www.laspa.ee\\\/et\\\/#website\",\"url\":\"https:\\\/\\\/www.laspa.ee\\\/et\\\/\",\"name\":\"LaSpa Laulasmaa\",\"description\":\"Wellbeing by nature\",\"potentialAction\":[{\"@type\":\"SearchAction\",\"target\":{\"@type\":\"EntryPoint\",\"urlTemplate\":\"https:\\\/\\\/www.laspa.ee\\\/et\\\/?s={search_term_string}\"},\"query-input\":{\"@type\":\"PropertyValueSpecification\",\"valueRequired\":true,\"valueName\":\"search_term_string\"}}],\"inLanguage\":\"et\"}]}<\/script>\n<!-- \/ Yoast SEO plugin. -->","yoast_head_json":{"title":"Kehakoorimine \u00f5li ja lillede leotisega - LaSpa Laulasmaa","robots":{"index":"index","follow":"follow","max-snippet":"max-snippet:-1","max-image-preview":"max-image-preview:large","max-video-preview":"max-video-preview:-1"},"canonical":"https:\/\/www.laspa.ee\/et\/product\/kehakoorimine-oli-ja-lillede-leotisega\/","og_locale":"et_EE","og_type":"article","og_title":"Kehakoorimine \u00f5li ja lillede leotisega - LaSpa Laulasmaa","og_description":"Pol\u00fcneesia saartelt inspireeritud kehakoorija poleerib nahka ning \u00fchtlustab naha tekstuuri muutes selle s\u00e4ravaks.   Kasutatakse s\u00f5rmenukke, k\u00fc\u00fcnarvart, rusikas k\u00e4sitehnikat ja ookeani laineid inspireerivaid v\u00f5tteid.  Kehakoorimine sobib ideaalselt enne l\u00f5\u00f5gastavat Prantsuse Pol\u00fcneesia massaa\u017ei.","og_url":"https:\/\/www.laspa.ee\/et\/product\/kehakoorimine-oli-ja-lillede-leotisega\/","og_site_name":"LaSpa Laulasmaa","article_publisher":"https:\/\/www.facebook.com\/LaSpaLaulasmaa","article_modified_time":"2026-03-15T21:04:44+00:00","og_image":[{"width":1920,"height":1280,"url":"https:\/\/www.laspa.ee\/wp-content\/uploads\/2020\/12\/scrub_laspa.jpg","type":"image\/jpeg"}],"twitter_card":"summary_large_image","twitter_misc":{"Est. reading time":"1 minut"},"schema":{"@context":"https:\/\/schema.org","@graph":[{"@type":"WebPage","@id":"https:\/\/www.laspa.ee\/et\/product\/kehakoorimine-oli-ja-lillede-leotisega\/","url":"https:\/\/www.laspa.ee\/et\/product\/kehakoorimine-oli-ja-lillede-leotisega\/","name":"Kehakoorimine \u00f5li ja lillede leotisega - LaSpa Laulasmaa","isPartOf":{"@id":"https:\/\/www.laspa.ee\/et\/#website"},"primaryImageOfPage":{"@id":"https:\/\/www.laspa.ee\/et\/product\/kehakoorimine-oli-ja-lillede-leotisega\/#primaryimage"},"image":{"@id":"https:\/\/www.laspa.ee\/et\/product\/kehakoorimine-oli-ja-lillede-leotisega\/#primaryimage"},"thumbnailUrl":"https:\/\/www.laspa.ee\/wp-content\/uploads\/2020\/12\/scrub_laspa.jpg","datePublished":"2020-12-10T12:10:00+00:00","dateModified":"2026-03-15T21:04:44+00:00","breadcrumb":{"@id":"https:\/\/www.laspa.ee\/et\/product\/kehakoorimine-oli-ja-lillede-leotisega\/#breadcrumb"},"inLanguage":"et","potentialAction":[{"@type":"ReadAction","target":["https:\/\/www.laspa.ee\/et\/product\/kehakoorimine-oli-ja-lillede-leotisega\/"]}]},{"@type":"ImageObject","inLanguage":"et","@id":"https:\/\/www.laspa.ee\/et\/product\/kehakoorimine-oli-ja-lillede-leotisega\/#primaryimage","url":"https:\/\/www.laspa.ee\/wp-content\/uploads\/2020\/12\/scrub_laspa.jpg","contentUrl":"https:\/\/www.laspa.ee\/wp-content\/uploads\/2020\/12\/scrub_laspa.jpg","width":1920,"height":1280,"caption":"Kehakoorimine Naudi spaas"},{"@type":"BreadcrumbList","@id":"https:\/\/www.laspa.ee\/et\/product\/kehakoorimine-oli-ja-lillede-leotisega\/#breadcrumb","itemListElement":[{"@type":"ListItem","position":1,"name":"Home","item":"https:\/\/www.laspa.ee\/et\/"},{"@type":"ListItem","position":2,"name":"Shop","item":"https:\/\/www.laspa.ee\/et\/hoolitsused\/"},{"@type":"ListItem","position":3,"name":"Kehakoorimine \u00f5li ja lillede leotisega"}]},{"@type":"WebSite","@id":"https:\/\/www.laspa.ee\/et\/#website","url":"https:\/\/www.laspa.ee\/et\/","name":"LaSpa Laulasmaa","description":"Wellbeing by nature","potentialAction":[{"@type":"SearchAction","target":{"@type":"EntryPoint","urlTemplate":"https:\/\/www.laspa.ee\/et\/?s={search_term_string}"},"query-input":{"@type":"PropertyValueSpecification","valueRequired":true,"valueName":"search_term_string"}}],"inLanguage":"et"}]}},"_links":{"self":[{"href":"https:\/\/www.laspa.ee\/et\/wp-json\/wp\/v2\/product\/898","targetHints":{"allow":["GET"]}}],"collection":[{"href":"https:\/\/www.laspa.ee\/et\/wp-json\/wp\/v2\/product"}],"about":[{"href":"https:\/\/www.laspa.ee\/et\/wp-json\/wp\/v2\/types\/product"}],"wp:featuredmedia":[{"embeddable":true,"href":"https:\/\/www.laspa.ee\/et\/wp-json\/wp\/v2\/media\/2219"}],"wp:attachment":[{"href":"https:\/\/www.laspa.ee\/et\/wp-json\/wp\/v2\/media?parent=898"}],"wp:term":[{"taxonomy":"product_brand","embeddable":true,"href":"https:\/\/www.laspa.ee\/et\/wp-json\/wp\/v2\/product_brand?post=898"},{"taxonomy":"product_cat","embeddable":true,"href":"https:\/\/www.laspa.ee\/et\/wp-json\/wp\/v2\/product_cat?post=898"},{"taxonomy":"product_tag","embeddable":true,"href":"https:\/\/www.laspa.ee\/et\/wp-json\/wp\/v2\/product_tag?post=898"}],"curies":[{"name":"wp","href":"https:\/\/api.w.org\/{rel}","templated":true}]}}