{"id":903,"date":"2020-11-18T12:31:41","date_gmt":"2020-11-18T10:31:41","guid":{"rendered":"https:\/\/www.laspa.ee\/product\/aromatic-bath-with-a-head-massage\/"},"modified":"2026-03-20T13:25:15","modified_gmt":"2026-03-20T11:25:15","slug":"aromaatne-vann-peamassaaziga","status":"publish","type":"product","link":"https:\/\/www.laspa.ee\/et\/product\/aromaatne-vann-peamassaaziga\/","title":{"rendered":"Aromaatne vann peamassaa\u017eiga"},"content":{"rendered":"<h3>Sooja vannivee m\u00f5ju koos eelnevalt v\u00e4ljavalitud taimsete eeterlike vanni\u00f5lidega m\u00f5jub t\u00e4iusliku l\u00f5\u00f5gastusena.<\/h3>\n<ul>\n<li>Hoolitsus algab just teie meeltele sobiva v\u00e4rvitooni valimisest.<\/li>\n<li>Vanni\u00f5li valik teie soovidele ja vajadustele.<\/li>\n<li>Vanni ajal teostatakse peamassaa\u017e.<\/li>\n<\/ul>\n<p>Sooja vannivee m\u00f5ju koos eelnevalt v\u00e4ljavalitud taimsete eeterlike vanni\u00f5lidega m\u00f5jub t\u00e4iusliku l\u00f5\u00f5gastusena. F\u00fctoaromaatne vannihoolitsus algab just teie meeltele sobiva v\u00e4rvitooni valimisest, mis on teejuhiks sobiva vann\u00f5li leidmisel. Vannis m\u00f5nulemise ajal teostatakse peamassaa\u017e, mis aitab kehal ja meeltel l\u00f5\u00f5gastuda.<\/p>\n","protected":false},"excerpt":{"rendered":"<p>Sooja vannivee m\u00f5ju koos eelnevalt v\u00e4ljavalitud taimsete eeterlike vanni\u00f5lidega m\u00f5jub t\u00e4iusliku l\u00f5\u00f5gastusena.<\/p>\n<ul>\n<li>Hoolitsus algab just teie meeltele sobiva v\u00e4rvitooni valimisest.<\/li>\n<li>Vanni\u00f5li valik teie soovidele ja vajadustele.<\/li>\n<li>Vanni ajal teostatakse peamassaa\u017e.<\/li>\n<\/ul>\n","protected":false},"featured_media":2183,"template":"","meta":{"_acf_changed":false},"product_brand":[],"product_cat":[93,47],"product_tag":[],"class_list":{"0":"post-903","1":"product","2":"type-product","3":"status-publish","4":"has-post-thumbnail","6":"product_cat-koik","7":"product_cat-vee-hoolitsused","9":"first","10":"instock","11":"shipping-taxable","12":"purchasable","13":"product-type-simple"},"acf":false,"yoast_head":"<!-- This site is optimized with the Yoast SEO plugin v27.2 - https:\/\/yoast.com\/product\/yoast-seo-wordpress\/ -->\n<title>Aromaatne vann peamassaa\u017eiga - LaSpa Laulasmaa<\/title>\n<meta name=\"robots\" content=\"index, follow, max-snippet:-1, max-image-preview:large, max-video-preview:-1\" \/>\n<link rel=\"canonical\" href=\"https:\/\/www.laspa.ee\/et\/product\/aromaatne-vann-peamassaaziga\/\" \/>\n<meta property=\"og:locale\" content=\"et_EE\" \/>\n<meta property=\"og:type\" content=\"article\" \/>\n<meta property=\"og:title\" content=\"Aromaatne vann peamassaa\u017eiga - LaSpa Laulasmaa\" \/>\n<meta property=\"og:description\" content=\"Sooja vannivee m\u00f5ju koos eelnevalt v\u00e4ljavalitud taimsete eeterlike vanni\u00f5lidega m\u00f5jub t\u00e4iusliku l\u00f5\u00f5gastusena.   Hoolitsus algab just teie meeltele sobiva v\u00e4rvitooni valimisest.  Vanni\u00f5li valik teie soovidele ja vajadustele.  Vanni ajal teostatakse peamassaa\u017e.\" \/>\n<meta property=\"og:url\" content=\"https:\/\/www.laspa.ee\/et\/product\/aromaatne-vann-peamassaaziga\/\" \/>\n<meta property=\"og:site_name\" content=\"LaSpa Laulasmaa\" \/>\n<meta property=\"article:publisher\" content=\"https:\/\/www.facebook.com\/LaSpaLaulasmaa\" \/>\n<meta property=\"article:modified_time\" content=\"2026-03-20T11:25:15+00:00\" \/>\n<meta property=\"og:image\" content=\"https:\/\/www.laspa.ee\/wp-content\/uploads\/2020\/11\/vannirituaal_laspa-laulasmaa.jpg\" \/>\n\t<meta property=\"og:image:width\" content=\"1920\" \/>\n\t<meta property=\"og:image:height\" content=\"1280\" \/>\n\t<meta property=\"og:image:type\" content=\"image\/jpeg\" \/>\n<meta name=\"twitter:card\" content=\"summary_large_image\" \/>\n<meta name=\"twitter:label1\" content=\"Est. reading time\" \/>\n\t<meta name=\"twitter:data1\" content=\"1 minut\" \/>\n<script type=\"application\/ld+json\" class=\"yoast-schema-graph\">{\"@context\":\"https:\/\/schema.org\",\"@graph\":[{\"@type\":\"WebPage\",\"@id\":\"https:\/\/www.laspa.ee\/et\/product\/aromaatne-vann-peamassaaziga\/\",\"url\":\"https:\/\/www.laspa.ee\/et\/product\/aromaatne-vann-peamassaaziga\/\",\"name\":\"Aromaatne vann peamassaa\u017eiga - LaSpa Laulasmaa\",\"isPartOf\":{\"@id\":\"https:\/\/www.laspa.ee\/et\/#website\"},\"primaryImageOfPage\":{\"@id\":\"https:\/\/www.laspa.ee\/et\/product\/aromaatne-vann-peamassaaziga\/#primaryimage\"},\"image\":{\"@id\":\"https:\/\/www.laspa.ee\/et\/product\/aromaatne-vann-peamassaaziga\/#primaryimage\"},\"thumbnailUrl\":\"https:\/\/www.laspa.ee\/wp-content\/uploads\/2020\/11\/vannirituaal_laspa-laulasmaa.jpg\",\"datePublished\":\"2020-11-18T10:31:41+00:00\",\"dateModified\":\"2026-03-20T11:25:15+00:00\",\"breadcrumb\":{\"@id\":\"https:\/\/www.laspa.ee\/et\/product\/aromaatne-vann-peamassaaziga\/#breadcrumb\"},\"inLanguage\":\"et\",\"potentialAction\":[{\"@type\":\"ReadAction\",\"target\":[\"https:\/\/www.laspa.ee\/et\/product\/aromaatne-vann-peamassaaziga\/\"]}]},{\"@type\":\"ImageObject\",\"inLanguage\":\"et\",\"@id\":\"https:\/\/www.laspa.ee\/et\/product\/aromaatne-vann-peamassaaziga\/#primaryimage\",\"url\":\"https:\/\/www.laspa.ee\/wp-content\/uploads\/2020\/11\/vannirituaal_laspa-laulasmaa.jpg\",\"contentUrl\":\"https:\/\/www.laspa.ee\/wp-content\/uploads\/2020\/11\/vannirituaal_laspa-laulasmaa.jpg\",\"width\":1920,\"height\":1280,\"caption\":\"Vannirituaal LaSpa spaahotell\"},{\"@type\":\"BreadcrumbList\",\"@id\":\"https:\/\/www.laspa.ee\/et\/product\/aromaatne-vann-peamassaaziga\/#breadcrumb\",\"itemListElement\":[{\"@type\":\"ListItem\",\"position\":1,\"name\":\"Home\",\"item\":\"https:\/\/www.laspa.ee\/et\/\"},{\"@type\":\"ListItem\",\"position\":2,\"name\":\"Shop\",\"item\":\"https:\/\/www.laspa.ee\/et\/hoolitsused\/\"},{\"@type\":\"ListItem\",\"position\":3,\"name\":\"Aromaatne vann peamassaa\u017eiga\"}]},{\"@type\":\"WebSite\",\"@id\":\"https:\/\/www.laspa.ee\/et\/#website\",\"url\":\"https:\/\/www.laspa.ee\/et\/\",\"name\":\"LaSpa Laulasmaa\",\"description\":\"Wellbeing by nature\",\"potentialAction\":[{\"@type\":\"SearchAction\",\"target\":{\"@type\":\"EntryPoint\",\"urlTemplate\":\"https:\/\/www.laspa.ee\/et\/?s={search_term_string}\"},\"query-input\":{\"@type\":\"PropertyValueSpecification\",\"valueRequired\":true,\"valueName\":\"search_term_string\"}}],\"inLanguage\":\"et\"}]}<\/script>\n<!-- \/ Yoast SEO plugin. -->","yoast_head_json":{"title":"Aromaatne vann peamassaa\u017eiga - LaSpa Laulasmaa","robots":{"index":"index","follow":"follow","max-snippet":"max-snippet:-1","max-image-preview":"max-image-preview:large","max-video-preview":"max-video-preview:-1"},"canonical":"https:\/\/www.laspa.ee\/et\/product\/aromaatne-vann-peamassaaziga\/","og_locale":"et_EE","og_type":"article","og_title":"Aromaatne vann peamassaa\u017eiga - LaSpa Laulasmaa","og_description":"Sooja vannivee m\u00f5ju koos eelnevalt v\u00e4ljavalitud taimsete eeterlike vanni\u00f5lidega m\u00f5jub t\u00e4iusliku l\u00f5\u00f5gastusena.   Hoolitsus algab just teie meeltele sobiva v\u00e4rvitooni valimisest.  Vanni\u00f5li valik teie soovidele ja vajadustele.  Vanni ajal teostatakse peamassaa\u017e.","og_url":"https:\/\/www.laspa.ee\/et\/product\/aromaatne-vann-peamassaaziga\/","og_site_name":"LaSpa Laulasmaa","article_publisher":"https:\/\/www.facebook.com\/LaSpaLaulasmaa","article_modified_time":"2026-03-20T11:25:15+00:00","og_image":[{"width":1920,"height":1280,"url":"https:\/\/www.laspa.ee\/wp-content\/uploads\/2020\/11\/vannirituaal_laspa-laulasmaa.jpg","type":"image\/jpeg"}],"twitter_card":"summary_large_image","twitter_misc":{"Est. reading time":"1 minut"},"schema":{"@context":"https:\/\/schema.org","@graph":[{"@type":"WebPage","@id":"https:\/\/www.laspa.ee\/et\/product\/aromaatne-vann-peamassaaziga\/","url":"https:\/\/www.laspa.ee\/et\/product\/aromaatne-vann-peamassaaziga\/","name":"Aromaatne vann peamassaa\u017eiga - LaSpa Laulasmaa","isPartOf":{"@id":"https:\/\/www.laspa.ee\/et\/#website"},"primaryImageOfPage":{"@id":"https:\/\/www.laspa.ee\/et\/product\/aromaatne-vann-peamassaaziga\/#primaryimage"},"image":{"@id":"https:\/\/www.laspa.ee\/et\/product\/aromaatne-vann-peamassaaziga\/#primaryimage"},"thumbnailUrl":"https:\/\/www.laspa.ee\/wp-content\/uploads\/2020\/11\/vannirituaal_laspa-laulasmaa.jpg","datePublished":"2020-11-18T10:31:41+00:00","dateModified":"2026-03-20T11:25:15+00:00","breadcrumb":{"@id":"https:\/\/www.laspa.ee\/et\/product\/aromaatne-vann-peamassaaziga\/#breadcrumb"},"inLanguage":"et","potentialAction":[{"@type":"ReadAction","target":["https:\/\/www.laspa.ee\/et\/product\/aromaatne-vann-peamassaaziga\/"]}]},{"@type":"ImageObject","inLanguage":"et","@id":"https:\/\/www.laspa.ee\/et\/product\/aromaatne-vann-peamassaaziga\/#primaryimage","url":"https:\/\/www.laspa.ee\/wp-content\/uploads\/2020\/11\/vannirituaal_laspa-laulasmaa.jpg","contentUrl":"https:\/\/www.laspa.ee\/wp-content\/uploads\/2020\/11\/vannirituaal_laspa-laulasmaa.jpg","width":1920,"height":1280,"caption":"Vannirituaal LaSpa spaahotell"},{"@type":"BreadcrumbList","@id":"https:\/\/www.laspa.ee\/et\/product\/aromaatne-vann-peamassaaziga\/#breadcrumb","itemListElement":[{"@type":"ListItem","position":1,"name":"Home","item":"https:\/\/www.laspa.ee\/et\/"},{"@type":"ListItem","position":2,"name":"Shop","item":"https:\/\/www.laspa.ee\/et\/hoolitsused\/"},{"@type":"ListItem","position":3,"name":"Aromaatne vann peamassaa\u017eiga"}]},{"@type":"WebSite","@id":"https:\/\/www.laspa.ee\/et\/#website","url":"https:\/\/www.laspa.ee\/et\/","name":"LaSpa Laulasmaa","description":"Wellbeing by nature","potentialAction":[{"@type":"SearchAction","target":{"@type":"EntryPoint","urlTemplate":"https:\/\/www.laspa.ee\/et\/?s={search_term_string}"},"query-input":{"@type":"PropertyValueSpecification","valueRequired":true,"valueName":"search_term_string"}}],"inLanguage":"et"}]}},"_links":{"self":[{"href":"https:\/\/www.laspa.ee\/et\/wp-json\/wp\/v2\/product\/903","targetHints":{"allow":["GET"]}}],"collection":[{"href":"https:\/\/www.laspa.ee\/et\/wp-json\/wp\/v2\/product"}],"about":[{"href":"https:\/\/www.laspa.ee\/et\/wp-json\/wp\/v2\/types\/product"}],"wp:featuredmedia":[{"embeddable":true,"href":"https:\/\/www.laspa.ee\/et\/wp-json\/wp\/v2\/media\/2183"}],"wp:attachment":[{"href":"https:\/\/www.laspa.ee\/et\/wp-json\/wp\/v2\/media?parent=903"}],"wp:term":[{"taxonomy":"product_brand","embeddable":true,"href":"https:\/\/www.laspa.ee\/et\/wp-json\/wp\/v2\/product_brand?post=903"},{"taxonomy":"product_cat","embeddable":true,"href":"https:\/\/www.laspa.ee\/et\/wp-json\/wp\/v2\/product_cat?post=903"},{"taxonomy":"product_tag","embeddable":true,"href":"https:\/\/www.laspa.ee\/et\/wp-json\/wp\/v2\/product_tag?post=903"}],"curies":[{"name":"wp","href":"https:\/\/api.w.org\/{rel}","templated":true}]}}